{"id":14841,"date":"2024-07-17T16:46:07","date_gmt":"2024-07-17T15:46:07","guid":{"rendered":"https:\/\/italglasscostruzioni.com\/prodotti\/verande-a-libro\/"},"modified":"2025-09-29T23:19:10","modified_gmt":"2025-09-29T22:19:10","slug":"vetrata-te-palosshme","status":"publish","type":"page","link":"https:\/\/italglasscostruzioni.com\/sq\/produkte\/vetrata-te-palosshme\/","title":{"rendered":"Vetrata t\u00eb palosshme"},"content":{"rendered":"\t\t<div data-elementor-type=\"wp-post\" data-elementor-id=\"14841\" class=\"elementor elementor-14841 elementor-14239\">\n\t\t\t\t<div class=\"elementor-element elementor-element-092e6ec e-flex e-con-boxed e-con e-parent\" data-id=\"092e6ec\" data-element_type=\"container\">\n\t\t\t\t\t<div class=\"e-con-inner\">\n\t\t\t\t<div class=\"elementor-element elementor-element-e63a7ab elementor-widget elementor-widget-gva-services\" data-id=\"e63a7ab\" data-element_type=\"widget\" data-widget_type=\"gva-services.default\">\n\t\t\t\t<div class=\"elementor-widget-container\">\n\t\t\t<div class=\"gva-element-gva-services gva-element\">  \r\n  <div class=\"gva-services-grid clearfix gva-services\">\r\n      <div class=\"gva-content-items\"> \r\n        <div class=\"lg-block-grid-3 md-block-grid-3 sm-block-grid-2 xs-block-grid-1 xx-block-grid-1\">\r\n          <div class=\"item-columns\"><div class=\"item\">\r\n   <div class=\"service-item-v2\">     \r\n      \r\n      <div class=\"service-image\">\r\n         <img fetchpriority=\"high\" decoding=\"async\" width=\"600\" height=\"455\" src=\"https:\/\/italglasscostruzioni.com\/wp-content\/uploads\/2024\/07\/Smartia-M19800-600x455.jpg\" class=\"attachment-post-thumbnail size-post-thumbnail wp-post-image\" alt=\"\" \/>               <\/div>   \r\n\r\n      <div class=\"service-content\">\r\n         <div class=\"content-inner\">\r\n            <h3 class=\"title\">\r\n               <a href=\"https:\/\/italglasscostruzioni.com\/sq\/prodotti-italglass\/smartia-m19800\/\">Smartia M19800<\/a>\r\n            <\/h3>\r\n            <div class=\"desc\">Sistem me dyer t\u00eb varura. Mentesha me kushineta. Lloje t\u00eb ndryshme guidash p\u00ebr dysheme. Dera e<\/div> \r\n            <div class=\"readmore\">\r\n               <a class=\"btn-inline\" href=\"https:\/\/italglasscostruzioni.com\/sq\/prodotti-italglass\/smartia-m19800\/\"><span>Read More<\/span><\/a>\r\n            <\/div>\r\n         <\/div>    \r\n      <\/div>\r\n   <\/div>\r\n<\/div><\/div><div class=\"item-columns\"><div class=\"item\">\r\n   <div class=\"service-item-v2\">     \r\n      \r\n      <div class=\"service-image\">\r\n         <img decoding=\"async\" width=\"600\" height=\"455\" src=\"https:\/\/italglasscostruzioni.com\/wp-content\/uploads\/2024\/07\/Supreme-SF85-600x455.jpg\" class=\"attachment-post-thumbnail size-post-thumbnail wp-post-image\" alt=\"\" \/>               <\/div>   \r\n\r\n      <div class=\"service-content\">\r\n         <div class=\"content-inner\">\r\n            <h3 class=\"title\">\r\n               <a href=\"https:\/\/italglasscostruzioni.com\/sq\/prodotti-italglass\/supreme-sf85\/\">Supreme SF85<\/a>\r\n            <\/h3>\r\n            <div class=\"desc\">Supreme SF85 \u00ebsht\u00eb nj\u00eb sistem i jasht\u00ebzakonsh\u00ebm p\u00ebr verandat e palosshme, me profile minimale, termoizolim t\u00eb<\/div> \r\n            <div class=\"readmore\">\r\n               <a class=\"btn-inline\" href=\"https:\/\/italglasscostruzioni.com\/sq\/prodotti-italglass\/supreme-sf85\/\"><span>Read More<\/span><\/a>\r\n            <\/div>\r\n         <\/div>    \r\n      <\/div>\r\n   <\/div>\r\n<\/div><\/div><div class=\"item-columns\"><div class=\"item\">\r\n   <div class=\"service-item-v2\">     \r\n      \r\n      <div class=\"service-image\">\r\n         <img decoding=\"async\" width=\"600\" height=\"455\" src=\"https:\/\/italglasscostruzioni.com\/wp-content\/uploads\/2024\/09\/Smartia-MF65-2-600x455.jpg\" class=\"attachment-post-thumbnail size-post-thumbnail wp-post-image\" alt=\"\" \/>               <\/div>   \r\n\r\n      <div class=\"service-content\">\r\n         <div class=\"content-inner\">\r\n            <h3 class=\"title\">\r\n               <a href=\"https:\/\/italglasscostruzioni.com\/sq\/prodotti-italglass\/smartia-mf65\/\">Smartia MF65<\/a>\r\n            <\/h3>\r\n            <div class=\"desc\">SMARTIA MF65 \u00ebsht\u00eb nj\u00eb sistem p\u00ebr dyert e palosshme me nj\u00eb dizajn minimal dhe alumin mezi<\/div> \r\n            <div class=\"readmore\">\r\n               <a class=\"btn-inline\" href=\"https:\/\/italglasscostruzioni.com\/sq\/prodotti-italglass\/smartia-mf65\/\"><span>Read More<\/span><\/a>\r\n            <\/div>\r\n         <\/div>    \r\n      <\/div>\r\n   <\/div>\r\n<\/div><\/div>        <\/div>\r\n      <\/div>\r\n        <\/div>\r\n  <\/div>\t\t<\/div>\n\t\t\t\t<\/div>\n\t\t\t\t\t<\/div>\n\t\t\t\t<\/div>\n\t\t\t\t<section class=\"elementor-section elementor-top-section elementor-element elementor-element-65577cb2 elementor-section-boxed elementor-section-height-default elementor-section-height-default arrow_1_x_top arrow_1_y_left arrow_2_x_bottom arrow_2_y_right\" data-id=\"65577cb2\" data-element_type=\"section\" data-settings=\"{&quot;background_background&quot;:&quot;classic&quot;}\">\n\t\t\t\t\t\t<div class=\"elementor-container elementor-column-gap-default\">\n\t\t\t\t\t<div class=\"elementor-column elementor-col-100 elementor-top-column elementor-element elementor-element-37cfeac8 top column-style-top\" data-id=\"37cfeac8\" data-element_type=\"column\">\n\t\t\t<div class=\"elementor-widget-wrap elementor-element-populated\">\n\t\t\t\t\t\t<div class=\"elementor-element elementor-element-2b17e0ab elementor-widget elementor-widget-gva-heading-block\" data-id=\"2b17e0ab\" data-element_type=\"widget\" data-widget_type=\"gva-heading-block.default\">\n\t\t\t\t<div class=\"elementor-widget-container\">\n\t\t\t<div class=\"gva-element-gva-heading-block gva-element\">   <div class=\"align-center style-1 widget gsc-heading box-align-left\">\r\n      <div class=\"content-inner\">\r\n         \r\n                     <div class=\"heading-icon\"><img decoding=\"async\" src=\"https:\/\/italglasscostruzioni.com\/wp-content\/uploads\/2023\/12\/Icon-Ital-Glass-Costruzioni.png\" alt=\"Ital Glass Costruzioni\"\/><\/div>\r\n                  \r\n                     <div class=\"clearfix\"><div class=\"sub-title\"><span>Partneri ideal!<\/span><\/div><\/div>\r\n           \r\n         \r\n                     <h2 class=\"title\">\r\n               <span>Ital Glass Costruzioni<\/span>\r\n            <\/h2>\r\n                              <div class=\"title-desc\">20 vite eksperienc\u00eb dhe profesionaliz\u00ebm n\u00eb Shqip\u00ebri, Itali dhe gjith\u00eb Europ\u00ebn.<\/div>\r\n         \r\n         \r\n      <\/div>\r\n   <\/div>\r\n   <div class=\"clearfix\"><\/div>\r\n<\/div>\t\t<\/div>\n\t\t\t\t<\/div>\n\t\t\t\t\t<\/div>\n\t\t<\/div>\n\t\t\t\t\t<\/div>\n\t\t<\/section>\n\t\t\t\t<section class=\"elementor-section elementor-top-section elementor-element elementor-element-105b9f3d elementor-section-boxed elementor-section-height-default elementor-section-height-default\" data-id=\"105b9f3d\" data-element_type=\"section\" data-settings=\"{&quot;background_background&quot;:&quot;classic&quot;}\">\n\t\t\t\t\t\t<div class=\"elementor-container elementor-column-gap-default\">\n\t\t\t\t\t<div class=\"elementor-column elementor-col-100 elementor-top-column elementor-element elementor-element-7ca91b1a top column-style-top\" data-id=\"7ca91b1a\" data-element_type=\"column\">\n\t\t\t<div class=\"elementor-widget-wrap elementor-element-populated\">\n\t\t\t\t\t\t<section class=\"elementor-section elementor-inner-section elementor-element elementor-element-1fbc1548 elementor-section-boxed elementor-section-height-default elementor-section-height-default\" data-id=\"1fbc1548\" data-element_type=\"section\">\n\t\t\t\t\t\t<div class=\"elementor-container elementor-column-gap-default\">\n\t\t\t\t\t<div class=\"elementor-column elementor-col-100 elementor-inner-column elementor-element elementor-element-34591ec2 top column-style-top\" data-id=\"34591ec2\" data-element_type=\"column\">\n\t\t\t<div class=\"elementor-widget-wrap elementor-element-populated\">\n\t\t\t\t\t\t<div class=\"elementor-element elementor-element-463fba14 elementor-widget elementor-widget-gva-heading-block\" data-id=\"463fba14\" data-element_type=\"widget\" data-widget_type=\"gva-heading-block.default\">\n\t\t\t\t<div class=\"elementor-widget-container\">\n\t\t\t<div class=\"gva-element-gva-heading-block gva-element\">   <div class=\"align-left style-1 widget gsc-heading box-align-left\">\r\n      <div class=\"content-inner\">\r\n         \r\n                  \r\n           \r\n         \r\n                     <h2 class=\"title\">\r\n               <span>Pse t\u00eb zgjidhni PVC nga Ital Glass Costruzioni?<\/span>\r\n            <\/h2>\r\n                  \r\n         \r\n      <\/div>\r\n   <\/div>\r\n   <div class=\"clearfix\"><\/div>\r\n<\/div>\t\t<\/div>\n\t\t\t\t<\/div>\n\t\t\t\t<div class=\"elementor-element elementor-element-6f2f9334 elementor-widget elementor-widget-gva-text-arrow\" data-id=\"6f2f9334\" data-element_type=\"widget\" data-widget_type=\"gva-text-arrow.default\">\n\t\t\t\t<div class=\"elementor-widget-container\">\n\t\t\t<div class=\"gva-element-gva-text-arrow gva-element\">\r\n<div class=\"gva-text-arrow style-1\">\r\n   <div class=\"content-inner\">\r\n      <h3 class=\"title\">\r\n                                 <span>Cil\u00ebsia e klasit A<\/span>\r\n                <\/h3>\r\n               <div class=\"descrption\"><p style=\"text-align: justify;\">T\u00eb gjitha produktet kan\u00eb certifikatat e nevojshme dhe mund t\u00eb p\u00ebrdoren n\u00eb cdo zon\u00eb pavar\u00ebsisht kushteve klimatike. Produktet PVC jan\u00eb miq\u00ebsore me mjedisin, rezistente, jet\u00ebgjat\u00eb dhe garantojn\u00eb izolim termik dhe akustik. Produkte elitare ku \u00e7dokush mund t'i p\u00ebrfitoj.<\/div>\r\n         <\/div>   \r\n<\/div>\r\n<\/div>\t\t<\/div>\n\t\t\t\t<\/div>\n\t\t\t\t<div class=\"elementor-element elementor-element-3ca76d91 elementor-widget elementor-widget-gva-text-arrow\" data-id=\"3ca76d91\" data-element_type=\"widget\" data-widget_type=\"gva-text-arrow.default\">\n\t\t\t\t<div class=\"elementor-widget-container\">\n\t\t\t<div class=\"gva-element-gva-text-arrow gva-element\">\r\n<div class=\"gva-text-arrow style-1\">\r\n   <div class=\"content-inner\">\r\n      <h3 class=\"title\">\r\n                                 <span>PVC: materiali ideal p\u00ebr dritare moderne<\/span>\r\n                <\/h3>\r\n               <div class=\"descrption\"><p style=\"text-align: justify;\">Ne p\u00ebrdorim l\u00ebnd\u00ebn e par\u00eb PVC m\u00eb moderne, e cila ofron avantazhe t\u00eb r\u00ebnd\u00ebsishme jo vet\u00ebm nga pik\u00ebpamja ekonomike por edhe nga ajo ekologjike. Materiali PVC \u00ebsht\u00eb jasht\u00ebzakonisht i q\u00ebndruesh\u00ebm, fal\u00eb rezistenc\u00ebs s\u00eb tij t\u00eb jasht\u00ebzakonshme ndaj motit.<\/div>\r\n         <\/div>   \r\n<\/div>\r\n<\/div>\t\t<\/div>\n\t\t\t\t<\/div>\n\t\t\t\t<div class=\"elementor-element elementor-element-7ee0defb elementor-widget elementor-widget-gva-text-arrow\" data-id=\"7ee0defb\" data-element_type=\"widget\" data-widget_type=\"gva-text-arrow.default\">\n\t\t\t\t<div class=\"elementor-widget-container\">\n\t\t\t<div class=\"gva-element-gva-text-arrow gva-element\">\r\n<div class=\"gva-text-arrow style-1\">\r\n   <div class=\"content-inner\">\r\n      <h3 class=\"title\">\r\n                                 <span>Izolim termik<\/span>\r\n                <\/h3>\r\n               <div class=\"descrption\"><p style=\"text-align: justify;\">Kur b\u00ebhet fjal\u00eb p\u00ebr termoizolimin e nd\u00ebrtes\u00ebs, dritaret dhe dyert jan\u00eb faktori m\u00eb i r\u00ebnd\u00ebsish\u00ebm. Duke p\u00ebrdorur xham termik t\u00eb dyfisht\u00eb ose t\u00eb trefisht\u00eb t\u00eb cil\u00ebsis\u00eb s\u00eb lart\u00eb, arrihen rezultate optimale. Sistemet termoizoluese ulin kostot e ngrohjes dhe garantojn\u00eb mbrojtje dhe siguri maksimale.<\/div>\r\n         <\/div>   \r\n<\/div>\r\n<\/div>\t\t<\/div>\n\t\t\t\t<\/div>\n\t\t\t\t<div class=\"elementor-element elementor-element-40d004ca elementor-widget elementor-widget-gva-text-arrow\" data-id=\"40d004ca\" data-element_type=\"widget\" data-widget_type=\"gva-text-arrow.default\">\n\t\t\t\t<div class=\"elementor-widget-container\">\n\t\t\t<div class=\"gva-element-gva-text-arrow gva-element\">\r\n<div class=\"gva-text-arrow style-1\">\r\n   <div class=\"content-inner\">\r\n      <h3 class=\"title\">\r\n                                 <span>Izolimi akustik<\/span>\r\n                <\/h3>\r\n               <div class=\"descrption\"><p style=\"text-align: justify;\">Mbrojtja e duhur nga zhurma kontribuon n\u00eb nj\u00eb cil\u00ebsi m\u00eb t\u00eb mir\u00eb t\u00eb jet\u00ebs. Xhamat special q\u00eb ne p\u00ebrdorim kan\u00eb veti t\u00eb shk\u00eblqyera izoluese. N\u00eb var\u00ebsi t\u00eb intensitetit t\u00eb zhurm\u00ebs, ekzistojn\u00eb opsione t\u00eb m\u00ebtejshme optimizimi si dritaret dhe grilat.<\/div>\r\n         <\/div>   \r\n<\/div>\r\n<\/div>\t\t<\/div>\n\t\t\t\t<\/div>\n\t\t\t\t<div class=\"elementor-element elementor-element-3fac77e2 elementor-widget elementor-widget-gva-text-arrow\" data-id=\"3fac77e2\" data-element_type=\"widget\" data-widget_type=\"gva-text-arrow.default\">\n\t\t\t\t<div class=\"elementor-widget-container\">\n\t\t\t<div class=\"gva-element-gva-text-arrow gva-element\">\r\n<div class=\"gva-text-arrow style-1\">\r\n   <div class=\"content-inner\">\r\n      <h3 class=\"title\">\r\n                                 <span>Mir\u00ebmbajtje dhe jet\u00ebgjat\u00ebsi<\/span>\r\n                <\/h3>\r\n               <div class=\"descrption\"><p style=\"text-align: justify;\">Profilet PVC prodhohen nga materiale cil\u00ebsore, t\u00eb besueshme dhe t\u00eb q\u00ebndrueshme. Fal\u00eb teknologjis\u00eb speciale t\u00eb prodhimit dhe kontrollit t\u00eb vazhduesh\u00ebm t\u00eb cil\u00ebsis\u00eb, arrihet nj\u00eb nivel i lart\u00eb i q\u00ebndrueshm\u00ebris\u00eb dhe rezistenc\u00ebs edhe n\u00eb kushte ekstreme klimatike. Pastrimi i profileve PVC \u00ebsht\u00eb mjaft i thjesht\u00eb fal\u00eb sip\u00ebrfaqes s\u00eb tyre t\u00eb shesht\u00eb, mjafton ta pastroni me nj\u00eb detergjent t\u00eb but\u00eb ose uj\u00eb.<\/div>\r\n         <\/div>   \r\n<\/div>\r\n<\/div>\t\t<\/div>\n\t\t\t\t<\/div>\n\t\t\t\t<div class=\"elementor-element elementor-element-39320604 elementor-widget elementor-widget-gva-text-arrow\" data-id=\"39320604\" data-element_type=\"widget\" data-widget_type=\"gva-text-arrow.default\">\n\t\t\t\t<div class=\"elementor-widget-container\">\n\t\t\t<div class=\"gva-element-gva-text-arrow gva-element\">\r\n<div class=\"gva-text-arrow style-1\">\r\n   <div class=\"content-inner\">\r\n      <h3 class=\"title\">\r\n                                 <span>Miq\u00ebsore ndaj mjedisit<\/span>\r\n                <\/h3>\r\n               <div class=\"descrption\"><p style=\"text-align: justify;\">Materialet PVC jan\u00eb miq\u00ebsore me mjedisin dhe ofrojn\u00eb p\u00ebrfitime t\u00eb m\u00ebdha t\u00eb p\u00ebrfituara nga riciklimi. PVC e past\u00ebr pa asnj\u00eb humbje t\u00eb cil\u00ebsis\u00eb mund t\u00eb rip\u00ebrdoret n\u00eb prodhimin e profileve t\u00eb reja. Element\u00ebt e vjet\u00ebr t\u00eb nd\u00ebrtimit b\u00ebhen l\u00ebnd\u00eb t\u00eb para t\u00eb \u00e7muara.<\/div>\r\n         <\/div>   \r\n<\/div>\r\n<\/div>\t\t<\/div>\n\t\t\t\t<\/div>\n\t\t\t\t\t<\/div>\n\t\t<\/div>\n\t\t\t\t\t<\/div>\n\t\t<\/section>\n\t\t\t\t\t<\/div>\n\t\t<\/div>\n\t\t\t\t\t<\/div>\n\t\t<\/section>\n\t\t\t\t<\/div>\n\t\t","protected":false},"excerpt":{"rendered":"<p>Smartia M19800 Sistem me dyer t\u00eb varura. Mentesha me kushineta. Lloje t\u00eb ndryshme guidash p\u00ebr dysheme. Dera e Read More Supreme SF85 Supreme SF85 \u00ebsht\u00eb nj\u00eb sistem i jasht\u00ebzakonsh\u00ebm p\u00ebr verandat e palosshme, me profile minimale, termoizolim t\u00eb Read More Smartia MF65 SMARTIA MF65 \u00ebsht\u00eb nj\u00eb sistem p\u00ebr dyert e palosshme me nj\u00eb dizajn minimal [&hellip;]<\/p>\n","protected":false},"author":1,"featured_media":0,"parent":14795,"menu_order":0,"comment_status":"closed","ping_status":"closed","template":"","meta":{"footnotes":""},"class_list":["post-14841","page","type-page","status-publish","hentry"],"yoast_head":"<!-- This site is optimized with the Yoast SEO Premium plugin v14.9 - https:\/\/yoast.com\/wordpress\/plugins\/seo\/ -->\n<title>Vetrata t\u00eb palosshme PVC dhe alumini - Ital Glass Costruzioni<\/title>\n<meta name=\"description\" content=\"Vetrata t\u00eb palosshme PVC dhe alumini, zgjidhje elegante p\u00ebr hap\u00ebsira banimi dhe komerciale. Veranda t\u00eb palosshme me nj\u00eb dizajn modern\" \/>\n<meta name=\"robots\" content=\"index, follow, max-snippet:-1, max-image-preview:large, max-video-preview:-1\" \/>\n<link rel=\"canonical\" href=\"https:\/\/italglasscostruzioni.com\/sq\/produkte\/vetrata-te-palosshme\/\" \/>\n<meta property=\"og:locale\" content=\"sq_AL\" \/>\n<meta property=\"og:type\" content=\"article\" \/>\n<meta property=\"og:title\" content=\"Vetrata t\u00eb palosshme PVC dhe alumini - Ital Glass Costruzioni\" \/>\n<meta property=\"og:description\" content=\"Vetrata t\u00eb palosshme PVC dhe alumini, zgjidhje elegante p\u00ebr hap\u00ebsira banimi dhe komerciale. Veranda t\u00eb palosshme me nj\u00eb dizajn modern\" \/>\n<meta property=\"og:url\" content=\"https:\/\/italglasscostruzioni.com\/sq\/produkte\/vetrata-te-palosshme\/\" \/>\n<meta property=\"og:site_name\" content=\"Ital Glass Costruzioni\" \/>\n<meta property=\"article:publisher\" content=\"https:\/\/www.facebook.com\/profile.php?id=61562434582354\" \/>\n<meta property=\"article:modified_time\" content=\"2025-09-29T22:19:10+00:00\" \/>\n<meta property=\"og:image\" content=\"https:\/\/italglasscostruzioni.com\/wp-content\/uploads\/2024\/07\/Smartia-M19800-600x455.jpg\" \/>\n<meta name=\"twitter:card\" content=\"summary_large_image\" \/>\n<script type=\"application\/ld+json\" class=\"yoast-schema-graph\">{\"@context\":\"https:\/\/schema.org\",\"@graph\":[{\"@type\":\"Organization\",\"@id\":\"https:\/\/italglasscostruzioni.com\/sq\/#organization\",\"name\":\"Ital Glass Costruzioni\",\"url\":\"https:\/\/italglasscostruzioni.com\/sq\/\",\"sameAs\":[\"https:\/\/www.facebook.com\/profile.php?id=61562434582354\"],\"logo\":{\"@type\":\"ImageObject\",\"@id\":\"https:\/\/italglasscostruzioni.com\/sq\/#logo\",\"inLanguage\":\"sq-AL\",\"url\":\"https:\/\/italglasscostruzioni.com\/wp-content\/uploads\/2024\/07\/Logo-Ital-Glass-Costruzioni-vertical-01.png\",\"width\":4168,\"height\":2084,\"caption\":\"Ital Glass Costruzioni\"},\"image\":{\"@id\":\"https:\/\/italglasscostruzioni.com\/sq\/#logo\"}},{\"@type\":\"WebSite\",\"@id\":\"https:\/\/italglasscostruzioni.com\/sq\/#website\",\"url\":\"https:\/\/italglasscostruzioni.com\/sq\/\",\"name\":\"Ital Glass Costruzioni\",\"description\":\"Il partner ideale in PVC Glass Costruzioni!\",\"publisher\":{\"@id\":\"https:\/\/italglasscostruzioni.com\/sq\/#organization\"},\"potentialAction\":[{\"@type\":\"SearchAction\",\"target\":\"https:\/\/italglasscostruzioni.com\/sq\/?s={search_term_string}\",\"query-input\":\"required name=search_term_string\"}],\"inLanguage\":\"sq-AL\"},{\"@type\":\"ImageObject\",\"@id\":\"https:\/\/italglasscostruzioni.com\/sq\/produkte\/vetrata-te-palosshme\/#primaryimage\",\"inLanguage\":\"sq-AL\",\"url\":\"https:\/\/italglasscostruzioni.com\/wp-content\/uploads\/2024\/07\/Smartia-M19800.jpg\",\"width\":1000,\"height\":1000},{\"@type\":\"WebPage\",\"@id\":\"https:\/\/italglasscostruzioni.com\/sq\/produkte\/vetrata-te-palosshme\/#webpage\",\"url\":\"https:\/\/italglasscostruzioni.com\/sq\/produkte\/vetrata-te-palosshme\/\",\"name\":\"Vetrata t\\u00eb palosshme PVC dhe alumini - Ital Glass Costruzioni\",\"isPartOf\":{\"@id\":\"https:\/\/italglasscostruzioni.com\/sq\/#website\"},\"primaryImageOfPage\":{\"@id\":\"https:\/\/italglasscostruzioni.com\/sq\/produkte\/vetrata-te-palosshme\/#primaryimage\"},\"datePublished\":\"2024-07-17T15:46:07+00:00\",\"dateModified\":\"2025-09-29T22:19:10+00:00\",\"description\":\"Vetrata t\\u00eb palosshme PVC dhe alumini, zgjidhje elegante p\\u00ebr hap\\u00ebsira banimi dhe komerciale. Veranda t\\u00eb palosshme me nj\\u00eb dizajn modern\",\"breadcrumb\":{\"@id\":\"https:\/\/italglasscostruzioni.com\/sq\/produkte\/vetrata-te-palosshme\/#breadcrumb\"},\"inLanguage\":\"sq-AL\",\"potentialAction\":[{\"@type\":\"ReadAction\",\"target\":[\"https:\/\/italglasscostruzioni.com\/sq\/produkte\/vetrata-te-palosshme\/\"]}]},{\"@type\":\"BreadcrumbList\",\"@id\":\"https:\/\/italglasscostruzioni.com\/sq\/produkte\/vetrata-te-palosshme\/#breadcrumb\",\"itemListElement\":[{\"@type\":\"ListItem\",\"position\":1,\"item\":{\"@type\":\"WebPage\",\"@id\":\"https:\/\/italglasscostruzioni.com\/sq\/\",\"url\":\"https:\/\/italglasscostruzioni.com\/sq\/\",\"name\":\"Home\"}},{\"@type\":\"ListItem\",\"position\":2,\"item\":{\"@type\":\"WebPage\",\"@id\":\"https:\/\/italglasscostruzioni.com\/sq\/produkte\/\",\"url\":\"https:\/\/italglasscostruzioni.com\/sq\/produkte\/\",\"name\":\"Produkte\"}},{\"@type\":\"ListItem\",\"position\":3,\"item\":{\"@type\":\"WebPage\",\"@id\":\"https:\/\/italglasscostruzioni.com\/sq\/produkte\/vetrata-te-palosshme\/\",\"url\":\"https:\/\/italglasscostruzioni.com\/sq\/produkte\/vetrata-te-palosshme\/\",\"name\":\"Vetrata t\\u00eb palosshme\"}}]}]}<\/script>\n<!-- \/ Yoast SEO Premium plugin. -->","_links":{"self":[{"href":"https:\/\/italglasscostruzioni.com\/sq\/wp-json\/wp\/v2\/pages\/14841","targetHints":{"allow":["GET"]}}],"collection":[{"href":"https:\/\/italglasscostruzioni.com\/sq\/wp-json\/wp\/v2\/pages"}],"about":[{"href":"https:\/\/italglasscostruzioni.com\/sq\/wp-json\/wp\/v2\/types\/page"}],"author":[{"embeddable":true,"href":"https:\/\/italglasscostruzioni.com\/sq\/wp-json\/wp\/v2\/users\/1"}],"replies":[{"embeddable":true,"href":"https:\/\/italglasscostruzioni.com\/sq\/wp-json\/wp\/v2\/comments?post=14841"}],"version-history":[{"count":11,"href":"https:\/\/italglasscostruzioni.com\/sq\/wp-json\/wp\/v2\/pages\/14841\/revisions"}],"predecessor-version":[{"id":17237,"href":"https:\/\/italglasscostruzioni.com\/sq\/wp-json\/wp\/v2\/pages\/14841\/revisions\/17237"}],"up":[{"embeddable":true,"href":"https:\/\/italglasscostruzioni.com\/sq\/wp-json\/wp\/v2\/pages\/14795"}],"wp:attachment":[{"href":"https:\/\/italglasscostruzioni.com\/sq\/wp-json\/wp\/v2\/media?parent=14841"}],"curies":[{"name":"wp","href":"https:\/\/api.w.org\/{rel}","templated":true}]}}