{"id":14840,"date":"2024-07-12T14:06:47","date_gmt":"2024-07-12T13:06:47","guid":{"rendered":"https:\/\/italglasscostruzioni.com\/prodotti\/sistema-cassonetto\/"},"modified":"2025-09-19T15:59:36","modified_gmt":"2025-09-19T14:59:36","slug":"sistemi-i-grilave","status":"publish","type":"page","link":"https:\/\/italglasscostruzioni.com\/sq\/produkte\/sistemi-i-grilave\/","title":{"rendered":"Sistemi i grilave"},"content":{"rendered":"\t\t<div data-elementor-type=\"wp-post\" data-elementor-id=\"14840\" class=\"elementor elementor-14840 elementor-14021\">\n\t\t\t\t<div class=\"elementor-element elementor-element-092e6ec e-flex e-con-boxed e-con e-parent\" data-id=\"092e6ec\" data-element_type=\"container\">\n\t\t\t\t\t<div class=\"e-con-inner\">\n\t\t\t\t<div class=\"elementor-element elementor-element-e63a7ab elementor-widget elementor-widget-gva-services\" data-id=\"e63a7ab\" data-element_type=\"widget\" data-widget_type=\"gva-services.default\">\n\t\t\t\t<div class=\"elementor-widget-container\">\n\t\t\t<div class=\"gva-element-gva-services gva-element\">  \r\n  <div class=\"gva-services-grid clearfix gva-services\">\r\n      <div class=\"gva-content-items\"> \r\n        <div class=\"lg-block-grid-2 md-block-grid-2 sm-block-grid-2 xs-block-grid-1 xx-block-grid-1\">\r\n          <div class=\"item-columns\"><div class=\"item\">\r\n   <div class=\"service-item-v2\">     \r\n      \r\n      <div class=\"service-image\">\r\n         <img fetchpriority=\"high\" decoding=\"async\" width=\"600\" height=\"455\" src=\"https:\/\/italglasscostruzioni.com\/wp-content\/uploads\/2024\/06\/Cassonetto-variant-2.0--600x455.jpg\" class=\"attachment-post-thumbnail size-post-thumbnail wp-post-image\" alt=\"\" \/>               <\/div>   \r\n\r\n      <div class=\"service-content\">\r\n         <div class=\"content-inner\">\r\n            <h3 class=\"title\">\r\n               <a href=\"https:\/\/italglasscostruzioni.com\/sq\/prodotti-italglass\/cassonetto-variant-2-0\/\">Cassonetto Variant 2.0<\/a>\r\n            <\/h3>\r\n            <div class=\"desc\">Sistemi Cassonetto Variant 2.0 plot\u00ebson t\u00eb gjitha k\u00ebrkesat e nj\u00eb kase moderne me grila. Varianti 2.0<\/div> \r\n            <div class=\"readmore\">\r\n               <a class=\"btn-inline\" href=\"https:\/\/italglasscostruzioni.com\/sq\/prodotti-italglass\/cassonetto-variant-2-0\/\"><span>Read More<\/span><\/a>\r\n            <\/div>\r\n         <\/div>    \r\n      <\/div>\r\n   <\/div>\r\n<\/div><\/div><div class=\"item-columns\"><div class=\"item\">\r\n   <div class=\"service-item-v2\">     \r\n      \r\n      <div class=\"service-image\">\r\n         <img decoding=\"async\" width=\"600\" height=\"455\" src=\"https:\/\/italglasscostruzioni.com\/wp-content\/uploads\/2023\/11\/Ital-Glass-Costruzioni-Cassonetto1-600x455.png\" class=\"attachment-post-thumbnail size-post-thumbnail wp-post-image\" alt=\"\" \/>               <\/div>   \r\n\r\n      <div class=\"service-content\">\r\n         <div class=\"content-inner\">\r\n            <h3 class=\"title\">\r\n               <a href=\"https:\/\/italglasscostruzioni.com\/sq\/prodotti-italglass\/kuti-restaurimi\/\">Kuti restaurimi<\/a>\r\n            <\/h3>\r\n            <div class=\"desc\">Kutit\u00eb e grilave PVC jan\u00eb zgjidhja ideale p\u00ebr z\u00ebvend\u00ebsimin ose mbulimin e kutis\u00eb s\u00eb vjet\u00ebr prej<\/div> \r\n            <div class=\"readmore\">\r\n               <a class=\"btn-inline\" href=\"https:\/\/italglasscostruzioni.com\/sq\/prodotti-italglass\/kuti-restaurimi\/\"><span>Read More<\/span><\/a>\r\n            <\/div>\r\n         <\/div>    \r\n      <\/div>\r\n   <\/div>\r\n<\/div><\/div>        <\/div>\r\n      <\/div>\r\n        <\/div>\r\n  <\/div>\t\t<\/div>\n\t\t\t\t<\/div>\n\t\t\t\t\t<\/div>\n\t\t\t\t<\/div>\n\t\t\t\t<section class=\"elementor-section elementor-top-section elementor-element elementor-element-62862f6e elementor-section-boxed elementor-section-height-default elementor-section-height-default arrow_1_x_top arrow_1_y_left arrow_2_x_bottom arrow_2_y_right\" data-id=\"62862f6e\" data-element_type=\"section\" data-settings=\"{&quot;background_background&quot;:&quot;classic&quot;}\">\n\t\t\t\t\t\t<div class=\"elementor-container elementor-column-gap-default\">\n\t\t\t\t\t<div class=\"elementor-column elementor-col-100 elementor-top-column elementor-element elementor-element-ea2625a top column-style-top\" data-id=\"ea2625a\" data-element_type=\"column\">\n\t\t\t<div class=\"elementor-widget-wrap elementor-element-populated\">\n\t\t\t\t\t\t<div class=\"elementor-element elementor-element-1530f38e elementor-widget elementor-widget-gva-heading-block\" data-id=\"1530f38e\" data-element_type=\"widget\" data-widget_type=\"gva-heading-block.default\">\n\t\t\t\t<div class=\"elementor-widget-container\">\n\t\t\t<div class=\"gva-element-gva-heading-block gva-element\">   <div class=\"align-center style-1 widget gsc-heading box-align-left\">\r\n      <div class=\"content-inner\">\r\n         \r\n                     <div class=\"heading-icon\"><img decoding=\"async\" src=\"https:\/\/italglasscostruzioni.com\/wp-content\/uploads\/2023\/12\/Icon-Ital-Glass-Costruzioni.png\" alt=\"Ital Glass Costruzioni\"\/><\/div>\r\n                  \r\n                     <div class=\"clearfix\"><div class=\"sub-title\"><span>Partneri ideal!<\/span><\/div><\/div>\r\n           \r\n         \r\n                     <h2 class=\"title\">\r\n               <span>Ital Glass Costruzioni<\/span>\r\n            <\/h2>\r\n                              <div class=\"title-desc\">20 vite eksperienc\u00eb dhe profesionaliz\u00ebm n\u00eb Shqip\u00ebri, Itali dhe gjith\u00eb Europ\u00ebn.<\/div>\r\n         \r\n         \r\n      <\/div>\r\n   <\/div>\r\n   <div class=\"clearfix\"><\/div>\r\n<\/div>\t\t<\/div>\n\t\t\t\t<\/div>\n\t\t\t\t\t<\/div>\n\t\t<\/div>\n\t\t\t\t\t<\/div>\n\t\t<\/section>\n\t\t\t\t<section class=\"elementor-section elementor-top-section elementor-element elementor-element-311ec715 elementor-section-boxed elementor-section-height-default elementor-section-height-default\" data-id=\"311ec715\" data-element_type=\"section\" data-settings=\"{&quot;background_background&quot;:&quot;classic&quot;}\">\n\t\t\t\t\t\t<div class=\"elementor-container elementor-column-gap-default\">\n\t\t\t\t\t<div class=\"elementor-column elementor-col-100 elementor-top-column elementor-element elementor-element-e95893a top column-style-top\" data-id=\"e95893a\" data-element_type=\"column\">\n\t\t\t<div class=\"elementor-widget-wrap elementor-element-populated\">\n\t\t\t\t\t\t<section class=\"elementor-section elementor-inner-section elementor-element elementor-element-6d4ff623 elementor-section-boxed elementor-section-height-default elementor-section-height-default\" data-id=\"6d4ff623\" data-element_type=\"section\">\n\t\t\t\t\t\t<div class=\"elementor-container elementor-column-gap-default\">\n\t\t\t\t\t<div class=\"elementor-column elementor-col-100 elementor-inner-column elementor-element elementor-element-697e963f top column-style-top\" data-id=\"697e963f\" data-element_type=\"column\">\n\t\t\t<div class=\"elementor-widget-wrap elementor-element-populated\">\n\t\t\t\t\t\t<div class=\"elementor-element elementor-element-36874617 elementor-widget elementor-widget-gva-heading-block\" data-id=\"36874617\" data-element_type=\"widget\" data-widget_type=\"gva-heading-block.default\">\n\t\t\t\t<div class=\"elementor-widget-container\">\n\t\t\t<div class=\"gva-element-gva-heading-block gva-element\">   <div class=\"align-left style-1 widget gsc-heading box-align-left\">\r\n      <div class=\"content-inner\">\r\n         \r\n                  \r\n           \r\n         \r\n                     <h2 class=\"title\">\r\n               <span>Pse t\u00eb zgjidhni PVC nga Ital Glass Costruzioni?<\/span>\r\n            <\/h2>\r\n                  \r\n         \r\n      <\/div>\r\n   <\/div>\r\n   <div class=\"clearfix\"><\/div>\r\n<\/div>\t\t<\/div>\n\t\t\t\t<\/div>\n\t\t\t\t<div class=\"elementor-element elementor-element-53d2238a elementor-widget elementor-widget-gva-text-arrow\" data-id=\"53d2238a\" data-element_type=\"widget\" data-widget_type=\"gva-text-arrow.default\">\n\t\t\t\t<div class=\"elementor-widget-container\">\n\t\t\t<div class=\"gva-element-gva-text-arrow gva-element\">\r\n<div class=\"gva-text-arrow style-1\">\r\n   <div class=\"content-inner\">\r\n      <h3 class=\"title\">\r\n                                 <span>Cil\u00ebsia e klasit A<\/span>\r\n                <\/h3>\r\n               <div class=\"descrption\"><p style=\"text-align: justify;\">T\u00eb gjitha produktet kan\u00eb certifikatat e nevojshme dhe mund t\u00eb p\u00ebrdoren n\u00eb cdo zon\u00eb pavar\u00ebsisht kushteve klimatike. Produktet PVC jan\u00eb miq\u00ebsore me mjedisin, rezistente, jet\u00ebgjat\u00eb dhe garantojn\u00eb izolim termik dhe akustik. Produkte elitare ku \u00e7dokush mund t'i p\u00ebrfitoj.<\/div>\r\n         <\/div>   \r\n<\/div>\r\n<\/div>\t\t<\/div>\n\t\t\t\t<\/div>\n\t\t\t\t<div class=\"elementor-element elementor-element-631c782c elementor-widget elementor-widget-gva-text-arrow\" data-id=\"631c782c\" data-element_type=\"widget\" data-widget_type=\"gva-text-arrow.default\">\n\t\t\t\t<div class=\"elementor-widget-container\">\n\t\t\t<div class=\"gva-element-gva-text-arrow gva-element\">\r\n<div class=\"gva-text-arrow style-1\">\r\n   <div class=\"content-inner\">\r\n      <h3 class=\"title\">\r\n                                 <span>PVC: materiali ideal p\u00ebr dritare moderne<\/span>\r\n                <\/h3>\r\n               <div class=\"descrption\"><p style=\"text-align: justify;\">Ne p\u00ebrdorim l\u00ebnd\u00ebn e par\u00eb PVC m\u00eb moderne, e cila ofron avantazhe t\u00eb r\u00ebnd\u00ebsishme jo vet\u00ebm nga pik\u00ebpamja ekonomike por edhe nga ajo ekologjike. Materiali PVC \u00ebsht\u00eb jasht\u00ebzakonisht i q\u00ebndruesh\u00ebm, fal\u00eb rezistenc\u00ebs s\u00eb tij t\u00eb jasht\u00ebzakonshme ndaj motit.<\/div>\r\n         <\/div>   \r\n<\/div>\r\n<\/div>\t\t<\/div>\n\t\t\t\t<\/div>\n\t\t\t\t<div class=\"elementor-element elementor-element-a254bb4 elementor-widget elementor-widget-gva-text-arrow\" data-id=\"a254bb4\" data-element_type=\"widget\" data-widget_type=\"gva-text-arrow.default\">\n\t\t\t\t<div class=\"elementor-widget-container\">\n\t\t\t<div class=\"gva-element-gva-text-arrow gva-element\">\r\n<div class=\"gva-text-arrow style-1\">\r\n   <div class=\"content-inner\">\r\n      <h3 class=\"title\">\r\n                                 <span>Izolim termik<\/span>\r\n                <\/h3>\r\n               <div class=\"descrption\"><p style=\"text-align: justify;\">Kur b\u00ebhet fjal\u00eb p\u00ebr termoizolimin e nd\u00ebrtes\u00ebs, dritaret dhe dyert jan\u00eb faktori m\u00eb i r\u00ebnd\u00ebsish\u00ebm. Duke p\u00ebrdorur xham termik t\u00eb dyfisht\u00eb ose t\u00eb trefisht\u00eb t\u00eb cil\u00ebsis\u00eb s\u00eb lart\u00eb, arrihen rezultate optimale. Sistemet termoizoluese ulin kostot e ngrohjes dhe garantojn\u00eb mbrojtje dhe siguri maksimale.<\/div>\r\n         <\/div>   \r\n<\/div>\r\n<\/div>\t\t<\/div>\n\t\t\t\t<\/div>\n\t\t\t\t<div class=\"elementor-element elementor-element-4ed3b31c elementor-widget elementor-widget-gva-text-arrow\" data-id=\"4ed3b31c\" data-element_type=\"widget\" data-widget_type=\"gva-text-arrow.default\">\n\t\t\t\t<div class=\"elementor-widget-container\">\n\t\t\t<div class=\"gva-element-gva-text-arrow gva-element\">\r\n<div class=\"gva-text-arrow style-1\">\r\n   <div class=\"content-inner\">\r\n      <h3 class=\"title\">\r\n                                 <span>Izolimi akustik<\/span>\r\n                <\/h3>\r\n               <div class=\"descrption\"><p style=\"text-align: justify;\">Mbrojtja e duhur nga zhurma kontribuon n\u00eb nj\u00eb cil\u00ebsi m\u00eb t\u00eb mir\u00eb t\u00eb jet\u00ebs. Xhamat special q\u00eb ne p\u00ebrdorim kan\u00eb veti t\u00eb shk\u00eblqyera izoluese. N\u00eb var\u00ebsi t\u00eb intensitetit t\u00eb zhurm\u00ebs, ekzistojn\u00eb opsione t\u00eb m\u00ebtejshme optimizimi si dritaret dhe grilat.<\/div>\r\n         <\/div>   \r\n<\/div>\r\n<\/div>\t\t<\/div>\n\t\t\t\t<\/div>\n\t\t\t\t<div class=\"elementor-element elementor-element-109a3ae8 elementor-widget elementor-widget-gva-text-arrow\" data-id=\"109a3ae8\" data-element_type=\"widget\" data-widget_type=\"gva-text-arrow.default\">\n\t\t\t\t<div class=\"elementor-widget-container\">\n\t\t\t<div class=\"gva-element-gva-text-arrow gva-element\">\r\n<div class=\"gva-text-arrow style-1\">\r\n   <div class=\"content-inner\">\r\n      <h3 class=\"title\">\r\n                                 <span>Mir\u00ebmbajtje dhe jet\u00ebgjat\u00ebsi<\/span>\r\n                <\/h3>\r\n               <div class=\"descrption\"><p style=\"text-align: justify;\">Profilet PVC prodhohen nga materiale cil\u00ebsore, t\u00eb besueshme dhe t\u00eb q\u00ebndrueshme. Fal\u00eb teknologjis\u00eb speciale t\u00eb prodhimit dhe kontrollit t\u00eb vazhduesh\u00ebm t\u00eb cil\u00ebsis\u00eb, arrihet nj\u00eb nivel i lart\u00eb i q\u00ebndrueshm\u00ebris\u00eb dhe rezistenc\u00ebs edhe n\u00eb kushte ekstreme klimatike. Pastrimi i profileve PVC \u00ebsht\u00eb mjaft i thjesht\u00eb fal\u00eb sip\u00ebrfaqes s\u00eb tyre t\u00eb shesht\u00eb, mjafton ta pastroni me nj\u00eb detergjent t\u00eb but\u00eb ose uj\u00eb.<\/div>\r\n         <\/div>   \r\n<\/div>\r\n<\/div>\t\t<\/div>\n\t\t\t\t<\/div>\n\t\t\t\t<div class=\"elementor-element elementor-element-370dc99b elementor-widget elementor-widget-gva-text-arrow\" data-id=\"370dc99b\" data-element_type=\"widget\" data-widget_type=\"gva-text-arrow.default\">\n\t\t\t\t<div class=\"elementor-widget-container\">\n\t\t\t<div class=\"gva-element-gva-text-arrow gva-element\">\r\n<div class=\"gva-text-arrow style-1\">\r\n   <div class=\"content-inner\">\r\n      <h3 class=\"title\">\r\n                                 <span>Miq\u00ebsore ndaj mjedisit<\/span>\r\n                <\/h3>\r\n               <div class=\"descrption\"><p style=\"text-align: justify;\">Materialet PVC jan\u00eb miq\u00ebsore me mjedisin dhe ofrojn\u00eb p\u00ebrfitime t\u00eb m\u00ebdha t\u00eb p\u00ebrfituara nga riciklimi. PVC e past\u00ebr pa asnj\u00eb humbje t\u00eb cil\u00ebsis\u00eb mund t\u00eb rip\u00ebrdoret n\u00eb prodhimin e profileve t\u00eb reja. Element\u00ebt e vjet\u00ebr t\u00eb nd\u00ebrtimit b\u00ebhen l\u00ebnd\u00eb t\u00eb para t\u00eb \u00e7muara.<\/div>\r\n         <\/div>   \r\n<\/div>\r\n<\/div>\t\t<\/div>\n\t\t\t\t<\/div>\n\t\t\t\t\t<\/div>\n\t\t<\/div>\n\t\t\t\t\t<\/div>\n\t\t<\/section>\n\t\t\t\t\t<\/div>\n\t\t<\/div>\n\t\t\t\t\t<\/div>\n\t\t<\/section>\n\t\t\t\t<\/div>\n\t\t","protected":false},"excerpt":{"rendered":"<p>Cassonetto Variant 2.0 Il sistema Cassonetto Variant 2.0 soddisfa tutti i requisiti di un moderno cassonetto per avvolgibili. Variant Read More Kuti restaurimi Kutit\u00eb e grilave PVC jan\u00eb zgjidhja ideale p\u00ebr z\u00ebvend\u00ebsimin ose mbulimin e kutis\u00eb s\u00eb vjet\u00ebr prej Read More Partneri ideal! Ital Glass Costruzioni 20 vite eksperienc\u00eb dhe profesionaliz\u00ebm n\u00eb Shqip\u00ebri, Itali dhe [&hellip;]<\/p>\n","protected":false},"author":1,"featured_media":0,"parent":14795,"menu_order":0,"comment_status":"closed","ping_status":"closed","template":"","meta":{"footnotes":""},"class_list":["post-14840","page","type-page","status-publish","hentry"],"yoast_head":"<!-- This site is optimized with the Yoast SEO Premium plugin v14.9 - https:\/\/yoast.com\/wordpress\/plugins\/seo\/ -->\n<title>Grila PVC dhe alumini - Ital Glass Costruzioni<\/title>\n<meta name=\"description\" content=\"Sisteme grila PVC dhe alumini p\u00ebr mbrojtje, izolim termik dhe estetik\u00eb moderne p\u00ebr sht\u00ebpi dhe nd\u00ebrtesa komerciale - Ital Glass Costruzioni\" \/>\n<meta name=\"robots\" content=\"index, follow, max-snippet:-1, max-image-preview:large, max-video-preview:-1\" \/>\n<link rel=\"canonical\" href=\"https:\/\/italglasscostruzioni.com\/sq\/produkte\/sistemi-i-grilave\/\" \/>\n<meta property=\"og:locale\" content=\"sq_AL\" \/>\n<meta property=\"og:type\" content=\"article\" \/>\n<meta property=\"og:title\" content=\"Grila PVC dhe alumini - Ital Glass Costruzioni\" \/>\n<meta property=\"og:description\" content=\"Sisteme grila PVC dhe alumini p\u00ebr mbrojtje, izolim termik dhe estetik\u00eb moderne p\u00ebr sht\u00ebpi dhe nd\u00ebrtesa komerciale - Ital Glass Costruzioni\" \/>\n<meta property=\"og:url\" content=\"https:\/\/italglasscostruzioni.com\/sq\/produkte\/sistemi-i-grilave\/\" \/>\n<meta property=\"og:site_name\" content=\"Ital Glass Costruzioni\" \/>\n<meta property=\"article:publisher\" content=\"https:\/\/www.facebook.com\/profile.php?id=61562434582354\" \/>\n<meta property=\"article:modified_time\" content=\"2025-09-19T14:59:36+00:00\" \/>\n<meta property=\"og:image\" content=\"https:\/\/italglasscostruzioni.com\/wp-content\/uploads\/2024\/06\/Cassonetto-variant-2.0--600x455.jpg\" \/>\n<meta name=\"twitter:card\" content=\"summary_large_image\" \/>\n<script type=\"application\/ld+json\" class=\"yoast-schema-graph\">{\"@context\":\"https:\/\/schema.org\",\"@graph\":[{\"@type\":\"Organization\",\"@id\":\"https:\/\/italglasscostruzioni.com\/sq\/#organization\",\"name\":\"Ital Glass Costruzioni\",\"url\":\"https:\/\/italglasscostruzioni.com\/sq\/\",\"sameAs\":[\"https:\/\/www.facebook.com\/profile.php?id=61562434582354\"],\"logo\":{\"@type\":\"ImageObject\",\"@id\":\"https:\/\/italglasscostruzioni.com\/sq\/#logo\",\"inLanguage\":\"sq-AL\",\"url\":\"https:\/\/italglasscostruzioni.com\/wp-content\/uploads\/2024\/07\/Logo-Ital-Glass-Costruzioni-vertical-01.png\",\"width\":4168,\"height\":2084,\"caption\":\"Ital Glass Costruzioni\"},\"image\":{\"@id\":\"https:\/\/italglasscostruzioni.com\/sq\/#logo\"}},{\"@type\":\"WebSite\",\"@id\":\"https:\/\/italglasscostruzioni.com\/sq\/#website\",\"url\":\"https:\/\/italglasscostruzioni.com\/sq\/\",\"name\":\"Ital Glass Costruzioni\",\"description\":\"Il partner ideale in PVC Glass Costruzioni!\",\"publisher\":{\"@id\":\"https:\/\/italglasscostruzioni.com\/sq\/#organization\"},\"potentialAction\":[{\"@type\":\"SearchAction\",\"target\":\"https:\/\/italglasscostruzioni.com\/sq\/?s={search_term_string}\",\"query-input\":\"required name=search_term_string\"}],\"inLanguage\":\"sq-AL\"},{\"@type\":\"ImageObject\",\"@id\":\"https:\/\/italglasscostruzioni.com\/sq\/produkte\/sistemi-i-grilave\/#primaryimage\",\"inLanguage\":\"sq-AL\",\"url\":\"https:\/\/italglasscostruzioni.com\/wp-content\/uploads\/2024\/06\/Cassonetto-variant-2.0-.jpg\",\"width\":1000,\"height\":1000},{\"@type\":\"WebPage\",\"@id\":\"https:\/\/italglasscostruzioni.com\/sq\/produkte\/sistemi-i-grilave\/#webpage\",\"url\":\"https:\/\/italglasscostruzioni.com\/sq\/produkte\/sistemi-i-grilave\/\",\"name\":\"Grila PVC dhe alumini - Ital Glass Costruzioni\",\"isPartOf\":{\"@id\":\"https:\/\/italglasscostruzioni.com\/sq\/#website\"},\"primaryImageOfPage\":{\"@id\":\"https:\/\/italglasscostruzioni.com\/sq\/produkte\/sistemi-i-grilave\/#primaryimage\"},\"datePublished\":\"2024-07-12T13:06:47+00:00\",\"dateModified\":\"2025-09-19T14:59:36+00:00\",\"description\":\"Sisteme grila PVC dhe alumini p\\u00ebr mbrojtje, izolim termik dhe estetik\\u00eb moderne p\\u00ebr sht\\u00ebpi dhe nd\\u00ebrtesa komerciale - Ital Glass Costruzioni\",\"breadcrumb\":{\"@id\":\"https:\/\/italglasscostruzioni.com\/sq\/produkte\/sistemi-i-grilave\/#breadcrumb\"},\"inLanguage\":\"sq-AL\",\"potentialAction\":[{\"@type\":\"ReadAction\",\"target\":[\"https:\/\/italglasscostruzioni.com\/sq\/produkte\/sistemi-i-grilave\/\"]}]},{\"@type\":\"BreadcrumbList\",\"@id\":\"https:\/\/italglasscostruzioni.com\/sq\/produkte\/sistemi-i-grilave\/#breadcrumb\",\"itemListElement\":[{\"@type\":\"ListItem\",\"position\":1,\"item\":{\"@type\":\"WebPage\",\"@id\":\"https:\/\/italglasscostruzioni.com\/sq\/\",\"url\":\"https:\/\/italglasscostruzioni.com\/sq\/\",\"name\":\"Home\"}},{\"@type\":\"ListItem\",\"position\":2,\"item\":{\"@type\":\"WebPage\",\"@id\":\"https:\/\/italglasscostruzioni.com\/sq\/produkte\/\",\"url\":\"https:\/\/italglasscostruzioni.com\/sq\/produkte\/\",\"name\":\"Produkte\"}},{\"@type\":\"ListItem\",\"position\":3,\"item\":{\"@type\":\"WebPage\",\"@id\":\"https:\/\/italglasscostruzioni.com\/sq\/produkte\/sistemi-i-grilave\/\",\"url\":\"https:\/\/italglasscostruzioni.com\/sq\/produkte\/sistemi-i-grilave\/\",\"name\":\"Sistemi i grilave\"}}]}]}<\/script>\n<!-- \/ Yoast SEO Premium plugin. -->","_links":{"self":[{"href":"https:\/\/italglasscostruzioni.com\/sq\/wp-json\/wp\/v2\/pages\/14840","targetHints":{"allow":["GET"]}}],"collection":[{"href":"https:\/\/italglasscostruzioni.com\/sq\/wp-json\/wp\/v2\/pages"}],"about":[{"href":"https:\/\/italglasscostruzioni.com\/sq\/wp-json\/wp\/v2\/types\/page"}],"author":[{"embeddable":true,"href":"https:\/\/italglasscostruzioni.com\/sq\/wp-json\/wp\/v2\/users\/1"}],"replies":[{"embeddable":true,"href":"https:\/\/italglasscostruzioni.com\/sq\/wp-json\/wp\/v2\/comments?post=14840"}],"version-history":[{"count":6,"href":"https:\/\/italglasscostruzioni.com\/sq\/wp-json\/wp\/v2\/pages\/14840\/revisions"}],"predecessor-version":[{"id":17238,"href":"https:\/\/italglasscostruzioni.com\/sq\/wp-json\/wp\/v2\/pages\/14840\/revisions\/17238"}],"up":[{"embeddable":true,"href":"https:\/\/italglasscostruzioni.com\/sq\/wp-json\/wp\/v2\/pages\/14795"}],"wp:attachment":[{"href":"https:\/\/italglasscostruzioni.com\/sq\/wp-json\/wp\/v2\/media?parent=14840"}],"curies":[{"name":"wp","href":"https:\/\/api.w.org\/{rel}","templated":true}]}}