{"id":14821,"date":"2024-07-04T17:47:03","date_gmt":"2024-07-04T16:47:03","guid":{"rendered":"https:\/\/italglasscostruzioni.com\/prodotti\/porte-dingresso\/"},"modified":"2025-10-02T13:54:38","modified_gmt":"2025-10-02T12:54:38","slug":"dyer-te-jashtme-pvc-dhe-alumini","status":"publish","type":"page","link":"https:\/\/italglasscostruzioni.com\/sq\/produkte\/dyer-te-jashtme-pvc-dhe-alumini\/","title":{"rendered":"Dyer te jashtme"},"content":{"rendered":"\t\t<div data-elementor-type=\"wp-post\" data-elementor-id=\"14821\" class=\"elementor elementor-14821 elementor-13127\">\n\t\t\t\t<div class=\"elementor-element elementor-element-092e6ec e-flex e-con-boxed e-con e-parent\" data-id=\"092e6ec\" data-element_type=\"container\">\n\t\t\t\t\t<div class=\"e-con-inner\">\n\t\t\t\t<div class=\"elementor-element elementor-element-e63a7ab elementor-widget elementor-widget-gva-services\" data-id=\"e63a7ab\" data-element_type=\"widget\" data-widget_type=\"gva-services.default\">\n\t\t\t\t<div class=\"elementor-widget-container\">\n\t\t\t<div class=\"gva-element-gva-services gva-element\">  \r\n  <div class=\"gva-services-grid clearfix gva-services\">\r\n      <div class=\"gva-content-items\"> \r\n        <div class=\"lg-block-grid-3 md-block-grid-3 sm-block-grid-2 xs-block-grid-1 xx-block-grid-1\">\r\n          <div class=\"item-columns\"><div class=\"item\">\r\n   <div class=\"service-item-v2\">     \r\n      \r\n      <div class=\"service-image\">\r\n         <img fetchpriority=\"high\" decoding=\"async\" width=\"600\" height=\"455\" src=\"https:\/\/italglasscostruzioni.com\/wp-content\/uploads\/2024\/07\/Porte-dingreso-Softline-82-600x455.jpg\" class=\"attachment-post-thumbnail size-post-thumbnail wp-post-image\" alt=\"\" \/>               <\/div>   \r\n\r\n      <div class=\"service-content\">\r\n         <div class=\"content-inner\">\r\n            <h3 class=\"title\">\r\n               <a href=\"https:\/\/italglasscostruzioni.com\/sq\/prodotti-italglass\/softline-82\/\">Softline 82<\/a>\r\n            <\/h3>\r\n            <div class=\"desc\">Dera e hyrjes Softline 82 jo vet\u00ebm q\u00eb duhet t\u00eb l\u00ebr\u00eb gjithmon\u00eb p\u00ebrshtypje t\u00eb mir\u00eb, por<\/div> \r\n            <div class=\"readmore\">\r\n               <a class=\"btn-inline\" href=\"https:\/\/italglasscostruzioni.com\/sq\/prodotti-italglass\/softline-82\/\"><span>Read More<\/span><\/a>\r\n            <\/div>\r\n         <\/div>    \r\n      <\/div>\r\n   <\/div>\r\n<\/div><\/div><div class=\"item-columns\"><div class=\"item\">\r\n   <div class=\"service-item-v2\">     \r\n      \r\n      <div class=\"service-image\">\r\n         <img decoding=\"async\" width=\"600\" height=\"455\" src=\"https:\/\/italglasscostruzioni.com\/wp-content\/uploads\/2024\/07\/Porte-dingreso-Softline-76-600x455.jpg\" class=\"attachment-post-thumbnail size-post-thumbnail wp-post-image\" alt=\"\" \/>               <\/div>   \r\n\r\n      <div class=\"service-content\">\r\n         <div class=\"content-inner\">\r\n            <h3 class=\"title\">\r\n               <a href=\"https:\/\/italglasscostruzioni.com\/sq\/prodotti-italglass\/softline-76\/\">Softline 76<\/a>\r\n            <\/h3>\r\n            <div class=\"desc\">Dyert e hyrjes jan\u00eb t\u00eb ekspozuara ndaj stresit m\u00eb t\u00eb madh se \u00e7do element tjet\u00ebr nd\u00ebrtimor<\/div> \r\n            <div class=\"readmore\">\r\n               <a class=\"btn-inline\" href=\"https:\/\/italglasscostruzioni.com\/sq\/prodotti-italglass\/softline-76\/\"><span>Read More<\/span><\/a>\r\n            <\/div>\r\n         <\/div>    \r\n      <\/div>\r\n   <\/div>\r\n<\/div><\/div><div class=\"item-columns\"><div class=\"item\">\r\n   <div class=\"service-item-v2\">     \r\n      \r\n      <div class=\"service-image\">\r\n         <img decoding=\"async\" width=\"600\" height=\"455\" src=\"https:\/\/italglasscostruzioni.com\/wp-content\/uploads\/2024\/07\/Porte-dingreso-Softline-70-600x455.jpg\" class=\"attachment-post-thumbnail size-post-thumbnail wp-post-image\" alt=\"\" \/>               <\/div>   \r\n\r\n      <div class=\"service-content\">\r\n         <div class=\"content-inner\">\r\n            <h3 class=\"title\">\r\n               <a href=\"https:\/\/italglasscostruzioni.com\/sq\/prodotti-italglass\/softline-70\/\">Softline 70<\/a>\r\n            <\/h3>\r\n            <div class=\"desc\">Dera e p\u00ebrparme formon karakterin e fasad\u00ebs s\u00eb nj\u00eb sht\u00ebpie dhe p\u00ebr k\u00ebt\u00eb arsye tregon shum\u00eb<\/div> \r\n            <div class=\"readmore\">\r\n               <a class=\"btn-inline\" href=\"https:\/\/italglasscostruzioni.com\/sq\/prodotti-italglass\/softline-70\/\"><span>Read More<\/span><\/a>\r\n            <\/div>\r\n         <\/div>    \r\n      <\/div>\r\n   <\/div>\r\n<\/div><\/div>        <\/div>\r\n      <\/div>\r\n        <\/div>\r\n  <\/div>\t\t<\/div>\n\t\t\t\t<\/div>\n\t\t\t\t\t<\/div>\n\t\t\t\t<\/div>\n\t\t\t\t<section class=\"elementor-section elementor-top-section elementor-element elementor-element-468b259d elementor-section-boxed elementor-section-height-default elementor-section-height-default arrow_1_x_top arrow_1_y_left arrow_2_x_bottom arrow_2_y_right\" data-id=\"468b259d\" data-element_type=\"section\" data-settings=\"{&quot;background_background&quot;:&quot;classic&quot;}\">\n\t\t\t\t\t\t<div class=\"elementor-container elementor-column-gap-default\">\n\t\t\t\t\t<div class=\"elementor-column elementor-col-100 elementor-top-column elementor-element elementor-element-5ef0f455 top column-style-top\" data-id=\"5ef0f455\" data-element_type=\"column\">\n\t\t\t<div class=\"elementor-widget-wrap elementor-element-populated\">\n\t\t\t\t\t\t<div class=\"elementor-element elementor-element-653056e3 elementor-widget elementor-widget-gva-heading-block\" data-id=\"653056e3\" data-element_type=\"widget\" data-widget_type=\"gva-heading-block.default\">\n\t\t\t\t<div class=\"elementor-widget-container\">\n\t\t\t<div class=\"gva-element-gva-heading-block gva-element\">   <div class=\"align-center style-1 widget gsc-heading box-align-left\">\r\n      <div class=\"content-inner\">\r\n         \r\n                     <div class=\"heading-icon\"><img decoding=\"async\" src=\"https:\/\/italglasscostruzioni.com\/wp-content\/uploads\/2023\/12\/Icon-Ital-Glass-Costruzioni.png\" alt=\"Ital Glass Costruzioni\"\/><\/div>\r\n                  \r\n                     <div class=\"clearfix\"><div class=\"sub-title\"><span>Partneri ideal!<\/span><\/div><\/div>\r\n           \r\n         \r\n                     <h2 class=\"title\">\r\n               <span>Ital Glass Costruzioni<\/span>\r\n            <\/h2>\r\n                              <div class=\"title-desc\">20 vite eksperienc\u00eb dhe profesionaliz\u00ebm n\u00eb Shqip\u00ebri, Itali dhe gjith\u00eb Europ\u00ebn.<\/div>\r\n         \r\n         \r\n      <\/div>\r\n   <\/div>\r\n   <div class=\"clearfix\"><\/div>\r\n<\/div>\t\t<\/div>\n\t\t\t\t<\/div>\n\t\t\t\t\t<\/div>\n\t\t<\/div>\n\t\t\t\t\t<\/div>\n\t\t<\/section>\n\t\t\t\t<section class=\"elementor-section elementor-top-section elementor-element elementor-element-48beb9f2 elementor-section-boxed elementor-section-height-default elementor-section-height-default\" data-id=\"48beb9f2\" data-element_type=\"section\" data-settings=\"{&quot;background_background&quot;:&quot;classic&quot;}\">\n\t\t\t\t\t\t<div class=\"elementor-container elementor-column-gap-default\">\n\t\t\t\t\t<div class=\"elementor-column elementor-col-100 elementor-top-column elementor-element elementor-element-d72e7f7 top column-style-top\" data-id=\"d72e7f7\" data-element_type=\"column\">\n\t\t\t<div class=\"elementor-widget-wrap elementor-element-populated\">\n\t\t\t\t\t\t<section class=\"elementor-section elementor-inner-section elementor-element elementor-element-18ef88fc elementor-section-boxed elementor-section-height-default elementor-section-height-default\" data-id=\"18ef88fc\" data-element_type=\"section\">\n\t\t\t\t\t\t<div class=\"elementor-container elementor-column-gap-default\">\n\t\t\t\t\t<div class=\"elementor-column elementor-col-100 elementor-inner-column elementor-element elementor-element-5b46eccd top column-style-top\" data-id=\"5b46eccd\" data-element_type=\"column\">\n\t\t\t<div class=\"elementor-widget-wrap elementor-element-populated\">\n\t\t\t\t\t\t<div class=\"elementor-element elementor-element-3bcb50b5 elementor-widget elementor-widget-gva-heading-block\" data-id=\"3bcb50b5\" data-element_type=\"widget\" data-widget_type=\"gva-heading-block.default\">\n\t\t\t\t<div class=\"elementor-widget-container\">\n\t\t\t<div class=\"gva-element-gva-heading-block gva-element\">   <div class=\"align-left style-1 widget gsc-heading box-align-left\">\r\n      <div class=\"content-inner\">\r\n         \r\n                  \r\n           \r\n         \r\n                     <h2 class=\"title\">\r\n               <span>Pse t\u00eb zgjidhni PVC nga Ital Glass Costruzioni?<\/span>\r\n            <\/h2>\r\n                  \r\n         \r\n      <\/div>\r\n   <\/div>\r\n   <div class=\"clearfix\"><\/div>\r\n<\/div>\t\t<\/div>\n\t\t\t\t<\/div>\n\t\t\t\t<div class=\"elementor-element elementor-element-1e3a7671 elementor-widget elementor-widget-gva-text-arrow\" data-id=\"1e3a7671\" data-element_type=\"widget\" data-widget_type=\"gva-text-arrow.default\">\n\t\t\t\t<div class=\"elementor-widget-container\">\n\t\t\t<div class=\"gva-element-gva-text-arrow gva-element\">\r\n<div class=\"gva-text-arrow style-1\">\r\n   <div class=\"content-inner\">\r\n      <h3 class=\"title\">\r\n                                 <span>Cil\u00ebsia e klasit A<\/span>\r\n                <\/h3>\r\n               <div class=\"descrption\"><p style=\"text-align: justify;\">T\u00eb gjitha produktet kan\u00eb certifikatat e nevojshme dhe mund t\u00eb p\u00ebrdoren n\u00eb cdo zon\u00eb pavar\u00ebsisht kushteve klimatike. Produktet PVC jan\u00eb miq\u00ebsore me mjedisin, rezistente, jet\u00ebgjat\u00eb dhe garantojn\u00eb izolim termik dhe akustik. Produkte elitare ku \u00e7dokush mund t'i p\u00ebrfitoj.<\/div>\r\n         <\/div>   \r\n<\/div>\r\n<\/div>\t\t<\/div>\n\t\t\t\t<\/div>\n\t\t\t\t<div class=\"elementor-element elementor-element-2b32141 elementor-widget elementor-widget-gva-text-arrow\" data-id=\"2b32141\" data-element_type=\"widget\" data-widget_type=\"gva-text-arrow.default\">\n\t\t\t\t<div class=\"elementor-widget-container\">\n\t\t\t<div class=\"gva-element-gva-text-arrow gva-element\">\r\n<div class=\"gva-text-arrow style-1\">\r\n   <div class=\"content-inner\">\r\n      <h3 class=\"title\">\r\n                                 <span>PVC: materiali ideal p\u00ebr dritare moderne<\/span>\r\n                <\/h3>\r\n               <div class=\"descrption\"><p style=\"text-align: justify;\">Ne p\u00ebrdorim l\u00ebnd\u00ebn e par\u00eb PVC m\u00eb moderne, e cila ofron avantazhe t\u00eb r\u00ebnd\u00ebsishme jo vet\u00ebm nga pik\u00ebpamja ekonomike por edhe nga ajo ekologjike. Materiali PVC \u00ebsht\u00eb jasht\u00ebzakonisht i q\u00ebndruesh\u00ebm, fal\u00eb rezistenc\u00ebs s\u00eb tij t\u00eb jasht\u00ebzakonshme ndaj motit.<\/div>\r\n         <\/div>   \r\n<\/div>\r\n<\/div>\t\t<\/div>\n\t\t\t\t<\/div>\n\t\t\t\t<div class=\"elementor-element elementor-element-7baadb12 elementor-widget elementor-widget-gva-text-arrow\" data-id=\"7baadb12\" data-element_type=\"widget\" data-widget_type=\"gva-text-arrow.default\">\n\t\t\t\t<div class=\"elementor-widget-container\">\n\t\t\t<div class=\"gva-element-gva-text-arrow gva-element\">\r\n<div class=\"gva-text-arrow style-1\">\r\n   <div class=\"content-inner\">\r\n      <h3 class=\"title\">\r\n                                 <span>Izolim termik<\/span>\r\n                <\/h3>\r\n               <div class=\"descrption\"><p style=\"text-align: justify;\">Kur b\u00ebhet fjal\u00eb p\u00ebr termoizolimin e nd\u00ebrtes\u00ebs, dritaret dhe dyert jan\u00eb faktori m\u00eb i r\u00ebnd\u00ebsish\u00ebm. Duke p\u00ebrdorur xham termik t\u00eb dyfisht\u00eb ose t\u00eb trefisht\u00eb t\u00eb cil\u00ebsis\u00eb s\u00eb lart\u00eb, arrihen rezultate optimale. Sistemet termoizoluese ulin kostot e ngrohjes dhe garantojn\u00eb mbrojtje dhe siguri maksimale.<\/div>\r\n         <\/div>   \r\n<\/div>\r\n<\/div>\t\t<\/div>\n\t\t\t\t<\/div>\n\t\t\t\t<div class=\"elementor-element elementor-element-615481d4 elementor-widget elementor-widget-gva-text-arrow\" data-id=\"615481d4\" data-element_type=\"widget\" data-widget_type=\"gva-text-arrow.default\">\n\t\t\t\t<div class=\"elementor-widget-container\">\n\t\t\t<div class=\"gva-element-gva-text-arrow gva-element\">\r\n<div class=\"gva-text-arrow style-1\">\r\n   <div class=\"content-inner\">\r\n      <h3 class=\"title\">\r\n                                 <span>Izolimi akustik<\/span>\r\n                <\/h3>\r\n               <div class=\"descrption\"><p style=\"text-align: justify;\">Mbrojtja e duhur nga zhurma kontribuon n\u00eb nj\u00eb cil\u00ebsi m\u00eb t\u00eb mir\u00eb t\u00eb jet\u00ebs. Xhamat special q\u00eb ne p\u00ebrdorim kan\u00eb veti t\u00eb shk\u00eblqyera izoluese. N\u00eb var\u00ebsi t\u00eb intensitetit t\u00eb zhurm\u00ebs, ekzistojn\u00eb opsione t\u00eb m\u00ebtejshme optimizimi si dritaret dhe grilat.<\/div>\r\n         <\/div>   \r\n<\/div>\r\n<\/div>\t\t<\/div>\n\t\t\t\t<\/div>\n\t\t\t\t<div class=\"elementor-element elementor-element-3ef8ce96 elementor-widget elementor-widget-gva-text-arrow\" data-id=\"3ef8ce96\" data-element_type=\"widget\" data-widget_type=\"gva-text-arrow.default\">\n\t\t\t\t<div class=\"elementor-widget-container\">\n\t\t\t<div class=\"gva-element-gva-text-arrow gva-element\">\r\n<div class=\"gva-text-arrow style-1\">\r\n   <div class=\"content-inner\">\r\n      <h3 class=\"title\">\r\n                                 <span>Mir\u00ebmbajtje dhe jet\u00ebgjat\u00ebsi<\/span>\r\n                <\/h3>\r\n               <div class=\"descrption\"><p style=\"text-align: justify;\">Profilet PVC prodhohen nga materiale cil\u00ebsore, t\u00eb besueshme dhe t\u00eb q\u00ebndrueshme. Fal\u00eb teknologjis\u00eb speciale t\u00eb prodhimit dhe kontrollit t\u00eb vazhduesh\u00ebm t\u00eb cil\u00ebsis\u00eb, arrihet nj\u00eb nivel i lart\u00eb i q\u00ebndrueshm\u00ebris\u00eb dhe rezistenc\u00ebs edhe n\u00eb kushte ekstreme klimatike. Pastrimi i profileve PVC \u00ebsht\u00eb mjaft i thjesht\u00eb fal\u00eb sip\u00ebrfaqes s\u00eb tyre t\u00eb shesht\u00eb, mjafton ta pastroni me nj\u00eb detergjent t\u00eb but\u00eb ose uj\u00eb.<\/div>\r\n         <\/div>   \r\n<\/div>\r\n<\/div>\t\t<\/div>\n\t\t\t\t<\/div>\n\t\t\t\t<div class=\"elementor-element elementor-element-778f6edb elementor-widget elementor-widget-gva-text-arrow\" data-id=\"778f6edb\" data-element_type=\"widget\" data-widget_type=\"gva-text-arrow.default\">\n\t\t\t\t<div class=\"elementor-widget-container\">\n\t\t\t<div class=\"gva-element-gva-text-arrow gva-element\">\r\n<div class=\"gva-text-arrow style-1\">\r\n   <div class=\"content-inner\">\r\n      <h3 class=\"title\">\r\n                                 <span>Miq\u00ebsore ndaj mjedisit<\/span>\r\n                <\/h3>\r\n               <div class=\"descrption\"><p style=\"text-align: justify;\">Materialet PVC jan\u00eb miq\u00ebsore me mjedisin dhe ofrojn\u00eb p\u00ebrfitime t\u00eb m\u00ebdha t\u00eb p\u00ebrfituara nga riciklimi. PVC e past\u00ebr pa asnj\u00eb humbje t\u00eb cil\u00ebsis\u00eb mund t\u00eb rip\u00ebrdoret n\u00eb prodhimin e profileve t\u00eb reja. Element\u00ebt e vjet\u00ebr t\u00eb nd\u00ebrtimit b\u00ebhen l\u00ebnd\u00eb t\u00eb para t\u00eb \u00e7muara.<\/div>\r\n         <\/div>   \r\n<\/div>\r\n<\/div>\t\t<\/div>\n\t\t\t\t<\/div>\n\t\t\t\t\t<\/div>\n\t\t<\/div>\n\t\t\t\t\t<\/div>\n\t\t<\/section>\n\t\t\t\t\t<\/div>\n\t\t<\/div>\n\t\t\t\t\t<\/div>\n\t\t<\/section>\n\t\t\t\t<\/div>\n\t\t","protected":false},"excerpt":{"rendered":"<p>Softline 82 Dera e hyrjes Softline 82 jo vet\u00ebm q\u00eb duhet t\u00eb l\u00ebr\u00eb gjithmon\u00eb p\u00ebrshtypje t\u00eb mir\u00eb, por Read More Softline 76 Dyert e hyrjes jan\u00eb t\u00eb ekspozuara ndaj stresit m\u00eb t\u00eb madh se \u00e7do element tjet\u00ebr nd\u00ebrtimor Read More Softline 70 Dera e p\u00ebrparme formon karakterin e fasad\u00ebs s\u00eb nj\u00eb sht\u00ebpie dhe p\u00ebr k\u00ebt\u00eb [&hellip;]<\/p>\n","protected":false},"author":1,"featured_media":0,"parent":14795,"menu_order":0,"comment_status":"closed","ping_status":"closed","template":"","meta":{"footnotes":""},"class_list":["post-14821","page","type-page","status-publish","hentry"],"yoast_head":"<!-- This site is optimized with the Yoast SEO Premium plugin v14.9 - https:\/\/yoast.com\/wordpress\/plugins\/seo\/ -->\n<title>Dyer te jashtme PVC dhe Alumini - Ital Glass Costruzioni<\/title>\n<meta name=\"description\" content=\"Dyer te jashtme PVC dhe alumini, nj\u00eb kombinim me performanc\u00eb t\u00eb lart\u00eb elegance dhe izolimi akustik dhe termik, t\u00eb p\u00ebrshtatshme p\u00ebr \u00e7do ambient\" \/>\n<meta name=\"robots\" content=\"index, follow, max-snippet:-1, max-image-preview:large, max-video-preview:-1\" \/>\n<link rel=\"canonical\" href=\"https:\/\/italglasscostruzioni.com\/sq\/produkte\/dyer-te-jashtme-pvc-dhe-alumini\/\" \/>\n<meta property=\"og:locale\" content=\"sq_AL\" \/>\n<meta property=\"og:type\" content=\"article\" \/>\n<meta property=\"og:title\" content=\"Dyer te jashtme PVC dhe Alumini - Ital Glass Costruzioni\" \/>\n<meta property=\"og:description\" content=\"Dyer te jashtme PVC dhe alumini, nj\u00eb kombinim me performanc\u00eb t\u00eb lart\u00eb elegance dhe izolimi akustik dhe termik, t\u00eb p\u00ebrshtatshme p\u00ebr \u00e7do ambient\" \/>\n<meta property=\"og:url\" content=\"https:\/\/italglasscostruzioni.com\/sq\/produkte\/dyer-te-jashtme-pvc-dhe-alumini\/\" \/>\n<meta property=\"og:site_name\" content=\"Ital Glass Costruzioni\" \/>\n<meta property=\"article:publisher\" content=\"https:\/\/www.facebook.com\/profile.php?id=61562434582354\" \/>\n<meta property=\"article:modified_time\" content=\"2025-10-02T12:54:38+00:00\" \/>\n<meta property=\"og:image\" content=\"https:\/\/italglasscostruzioni.com\/wp-content\/uploads\/2024\/07\/Porte-dingreso-Softline-82-600x455.jpg\" \/>\n<meta name=\"twitter:card\" content=\"summary_large_image\" \/>\n<script type=\"application\/ld+json\" class=\"yoast-schema-graph\">{\"@context\":\"https:\/\/schema.org\",\"@graph\":[{\"@type\":\"Organization\",\"@id\":\"https:\/\/italglasscostruzioni.com\/sq\/#organization\",\"name\":\"Ital Glass Costruzioni\",\"url\":\"https:\/\/italglasscostruzioni.com\/sq\/\",\"sameAs\":[\"https:\/\/www.facebook.com\/profile.php?id=61562434582354\"],\"logo\":{\"@type\":\"ImageObject\",\"@id\":\"https:\/\/italglasscostruzioni.com\/sq\/#logo\",\"inLanguage\":\"sq-AL\",\"url\":\"https:\/\/italglasscostruzioni.com\/wp-content\/uploads\/2024\/07\/Logo-Ital-Glass-Costruzioni-vertical-01.png\",\"width\":4168,\"height\":2084,\"caption\":\"Ital Glass Costruzioni\"},\"image\":{\"@id\":\"https:\/\/italglasscostruzioni.com\/sq\/#logo\"}},{\"@type\":\"WebSite\",\"@id\":\"https:\/\/italglasscostruzioni.com\/sq\/#website\",\"url\":\"https:\/\/italglasscostruzioni.com\/sq\/\",\"name\":\"Ital Glass Costruzioni\",\"description\":\"Il partner ideale in PVC Glass Costruzioni!\",\"publisher\":{\"@id\":\"https:\/\/italglasscostruzioni.com\/sq\/#organization\"},\"potentialAction\":[{\"@type\":\"SearchAction\",\"target\":\"https:\/\/italglasscostruzioni.com\/sq\/?s={search_term_string}\",\"query-input\":\"required name=search_term_string\"}],\"inLanguage\":\"sq-AL\"},{\"@type\":\"ImageObject\",\"@id\":\"https:\/\/italglasscostruzioni.com\/sq\/produkte\/dyer-te-jashtme-pvc-dhe-alumini\/#primaryimage\",\"inLanguage\":\"sq-AL\",\"url\":\"https:\/\/italglasscostruzioni.com\/wp-content\/uploads\/2024\/07\/Porte-dingreso-Softline-82.jpg\",\"width\":1000,\"height\":1000},{\"@type\":\"WebPage\",\"@id\":\"https:\/\/italglasscostruzioni.com\/sq\/produkte\/dyer-te-jashtme-pvc-dhe-alumini\/#webpage\",\"url\":\"https:\/\/italglasscostruzioni.com\/sq\/produkte\/dyer-te-jashtme-pvc-dhe-alumini\/\",\"name\":\"Dyer te jashtme PVC dhe Alumini - Ital Glass Costruzioni\",\"isPartOf\":{\"@id\":\"https:\/\/italglasscostruzioni.com\/sq\/#website\"},\"primaryImageOfPage\":{\"@id\":\"https:\/\/italglasscostruzioni.com\/sq\/produkte\/dyer-te-jashtme-pvc-dhe-alumini\/#primaryimage\"},\"datePublished\":\"2024-07-04T16:47:03+00:00\",\"dateModified\":\"2025-10-02T12:54:38+00:00\",\"description\":\"Dyer te jashtme PVC dhe alumini, nj\\u00eb kombinim me performanc\\u00eb t\\u00eb lart\\u00eb elegance dhe izolimi akustik dhe termik, t\\u00eb p\\u00ebrshtatshme p\\u00ebr \\u00e7do ambient\",\"breadcrumb\":{\"@id\":\"https:\/\/italglasscostruzioni.com\/sq\/produkte\/dyer-te-jashtme-pvc-dhe-alumini\/#breadcrumb\"},\"inLanguage\":\"sq-AL\",\"potentialAction\":[{\"@type\":\"ReadAction\",\"target\":[\"https:\/\/italglasscostruzioni.com\/sq\/produkte\/dyer-te-jashtme-pvc-dhe-alumini\/\"]}]},{\"@type\":\"BreadcrumbList\",\"@id\":\"https:\/\/italglasscostruzioni.com\/sq\/produkte\/dyer-te-jashtme-pvc-dhe-alumini\/#breadcrumb\",\"itemListElement\":[{\"@type\":\"ListItem\",\"position\":1,\"item\":{\"@type\":\"WebPage\",\"@id\":\"https:\/\/italglasscostruzioni.com\/sq\/\",\"url\":\"https:\/\/italglasscostruzioni.com\/sq\/\",\"name\":\"Home\"}},{\"@type\":\"ListItem\",\"position\":2,\"item\":{\"@type\":\"WebPage\",\"@id\":\"https:\/\/italglasscostruzioni.com\/sq\/produkte\/\",\"url\":\"https:\/\/italglasscostruzioni.com\/sq\/produkte\/\",\"name\":\"Produkte\"}},{\"@type\":\"ListItem\",\"position\":3,\"item\":{\"@type\":\"WebPage\",\"@id\":\"https:\/\/italglasscostruzioni.com\/sq\/produkte\/dyer-te-jashtme-pvc-dhe-alumini\/\",\"url\":\"https:\/\/italglasscostruzioni.com\/sq\/produkte\/dyer-te-jashtme-pvc-dhe-alumini\/\",\"name\":\"Dyer te jashtme\"}}]}]}<\/script>\n<!-- \/ Yoast SEO Premium plugin. -->","_links":{"self":[{"href":"https:\/\/italglasscostruzioni.com\/sq\/wp-json\/wp\/v2\/pages\/14821","targetHints":{"allow":["GET"]}}],"collection":[{"href":"https:\/\/italglasscostruzioni.com\/sq\/wp-json\/wp\/v2\/pages"}],"about":[{"href":"https:\/\/italglasscostruzioni.com\/sq\/wp-json\/wp\/v2\/types\/page"}],"author":[{"embeddable":true,"href":"https:\/\/italglasscostruzioni.com\/sq\/wp-json\/wp\/v2\/users\/1"}],"replies":[{"embeddable":true,"href":"https:\/\/italglasscostruzioni.com\/sq\/wp-json\/wp\/v2\/comments?post=14821"}],"version-history":[{"count":11,"href":"https:\/\/italglasscostruzioni.com\/sq\/wp-json\/wp\/v2\/pages\/14821\/revisions"}],"predecessor-version":[{"id":17296,"href":"https:\/\/italglasscostruzioni.com\/sq\/wp-json\/wp\/v2\/pages\/14821\/revisions\/17296"}],"up":[{"embeddable":true,"href":"https:\/\/italglasscostruzioni.com\/sq\/wp-json\/wp\/v2\/pages\/14795"}],"wp:attachment":[{"href":"https:\/\/italglasscostruzioni.com\/sq\/wp-json\/wp\/v2\/media?parent=14821"}],"curies":[{"name":"wp","href":"https:\/\/api.w.org\/{rel}","templated":true}]}}