{"id":14798,"date":"2024-07-19T12:48:03","date_gmt":"2024-07-19T11:48:03","guid":{"rendered":"https:\/\/italglasscostruzioni.com\/prodotti\/colori\/"},"modified":"2025-09-15T15:01:23","modified_gmt":"2025-09-15T14:01:23","slug":"ngjyra","status":"publish","type":"page","link":"https:\/\/italglasscostruzioni.com\/sq\/produkte\/ngjyra\/","title":{"rendered":"Ngjyra"},"content":{"rendered":"\t\t<div data-elementor-type=\"wp-post\" data-elementor-id=\"14798\" class=\"elementor elementor-14798 elementor-14314\">\n\t\t\t\t\t\t<section class=\"elementor-section elementor-top-section elementor-element elementor-element-602afcb1 elementor-reverse-tablet elementor-reverse-mobile elementor-section-boxed elementor-section-height-default elementor-section-height-default\" data-id=\"602afcb1\" data-element_type=\"section\">\n\t\t\t\t\t\t<div class=\"elementor-container elementor-column-gap-default\">\n\t\t\t\t\t<div class=\"elementor-column elementor-col-50 elementor-top-column elementor-element elementor-element-4e3f64fc top column-style-top\" data-id=\"4e3f64fc\" data-element_type=\"column\">\n\t\t\t<div class=\"elementor-widget-wrap elementor-element-populated\">\n\t\t\t\t\t\t<div class=\"elementor-element elementor-element-687ab492 elementor-widget elementor-widget-text-editor\" data-id=\"687ab492\" data-element_type=\"widget\" data-widget_type=\"text-editor.default\">\n\t\t\t\t<div class=\"elementor-widget-container\">\n\t\t\t<style>\/*! elementor - v3.23.0 - 05-08-2024 *\/\n.elementor-widget-text-editor.elementor-drop-cap-view-stacked .elementor-drop-cap{background-color:#69727d;color:#fff}.elementor-widget-text-editor.elementor-drop-cap-view-framed .elementor-drop-cap{color:#69727d;border:3px solid;background-color:transparent}.elementor-widget-text-editor:not(.elementor-drop-cap-view-default) .elementor-drop-cap{margin-top:8px}.elementor-widget-text-editor:not(.elementor-drop-cap-view-default) .elementor-drop-cap-letter{width:1em;height:1em}.elementor-widget-text-editor .elementor-drop-cap{float:left;text-align:center;line-height:1;font-size:50px}.elementor-widget-text-editor .elementor-drop-cap-letter{display:inline-block}<\/style>\t\t\t\t<p>Ngjyra e dritareve \u00ebsht\u00eb nj\u00eb nga element\u00ebt arkitekturor\u00eb q\u00eb i japin nd\u00ebrtesave nj\u00eb karakter unik. Mund\u00ebsit\u00eb e personalizimit t\u00eb ngjyrave arrijn\u00eb t\u00eb krijojn\u00eb nj\u00eb efekt estetik origjinal dhe t\u00eb orientuar drejt dizajnit, p\u00ebr m\u00eb tep\u00ebr, fal\u00eb mund\u00ebsis\u00eb s\u00eb zgjedhjes s\u00eb nj\u00eb ngjyre t\u00eb ndryshme p\u00ebr pjes\u00ebn e brendshme dhe t\u00eb jashtme, \u00e7do dritare mund t\u00eb b\u00ebhet nj\u00eb element arredimi. M\u00eb shum\u00eb se 60 ngjyra t\u00eb disponueshme p\u00ebr t\u00eb zgjedhur, duke filluar nga ngjyrat e plota, n\u00eb ultra mat, n\u00eb metalike, tek &#8220;efekti i drurit&#8221;, 11 nuanca me nj\u00eb fund fantastik me prekje m\u00ebndafshi, p\u00ebr nj\u00eb p\u00ebrvoj\u00eb prek\u00ebse t\u00eb kadife dhe t\u00eb rafinuar. Risia m\u00eb e fundit jan\u00eb veshjet Feinstruktur Matt, me nj\u00eb gam\u00eb t\u00eb dizajnuar p\u00ebr nj\u00eb stil bashk\u00ebkohor dhe industrial, t\u00eb cilat simulojn\u00eb n\u00eb m\u00ebnyr\u00eb perfekte efektin, prekjen dhe ndjesin\u00eb e veshjes me pluhur.<\/p>\t\t\t\t\t\t<\/div>\n\t\t\t\t<\/div>\n\t\t\t\t\t<\/div>\n\t\t<\/div>\n\t\t\t\t<div class=\"elementor-column elementor-col-50 elementor-top-column elementor-element elementor-element-2d9336c5 top column-style-top\" data-id=\"2d9336c5\" data-element_type=\"column\">\n\t\t\t<div class=\"elementor-widget-wrap elementor-element-populated\">\n\t\t\t\t\t\t<div class=\"elementor-element elementor-element-1c9ca10d elementor-widget__width-auto elementor-widget elementor-widget-image\" data-id=\"1c9ca10d\" data-element_type=\"widget\" data-widget_type=\"image.default\">\n\t\t\t\t<div class=\"elementor-widget-container\">\n\t\t\t<style>\/*! elementor - v3.23.0 - 05-08-2024 *\/\n.elementor-widget-image{text-align:center}.elementor-widget-image a{display:inline-block}.elementor-widget-image a img[src$=\".svg\"]{width:48px}.elementor-widget-image img{vertical-align:middle;display:inline-block}<\/style>\t\t\t\t\t\t\t\t\t\t<img fetchpriority=\"high\" decoding=\"async\" width=\"1000\" height=\"800\" src=\"https:\/\/italglasscostruzioni.com\/wp-content\/uploads\/2024\/07\/Colors-1-min.jpg\" class=\"attachment-full size-full wp-image-14337\" alt=\"Colori personalizzati: scegli lo stile che ti rappresenta - Ital Glass Costruzioni\" srcset=\"https:\/\/italglasscostruzioni.com\/wp-content\/uploads\/2024\/07\/Colors-1-min.jpg 1000w, https:\/\/italglasscostruzioni.com\/wp-content\/uploads\/2024\/07\/Colors-1-min-768x614.jpg 768w, https:\/\/italglasscostruzioni.com\/wp-content\/uploads\/2024\/07\/Colors-1-min-600x480.jpg 600w\" sizes=\"(max-width: 1000px) 100vw, 1000px\" \/>\t\t\t\t\t\t\t\t\t\t\t\t\t<\/div>\n\t\t\t\t<\/div>\n\t\t\t\t\t<\/div>\n\t\t<\/div>\n\t\t\t\t\t<\/div>\n\t\t<\/section>\n\t\t\t\t<section class=\"elementor-section elementor-top-section elementor-element elementor-element-3a09527d elementor-section-boxed elementor-section-height-default elementor-section-height-default arrow_1_x_top arrow_1_y_left arrow_2_x_bottom arrow_2_y_right\" data-id=\"3a09527d\" data-element_type=\"section\" data-settings=\"{&quot;background_background&quot;:&quot;classic&quot;}\">\n\t\t\t\t\t\t<div class=\"elementor-container elementor-column-gap-default\">\n\t\t\t\t\t<div class=\"elementor-column elementor-col-100 elementor-top-column elementor-element elementor-element-58a0c656 top column-style-top\" data-id=\"58a0c656\" data-element_type=\"column\">\n\t\t\t<div class=\"elementor-widget-wrap elementor-element-populated\">\n\t\t\t\t\t\t<div class=\"elementor-element elementor-element-793d17d4 elementor-widget elementor-widget-gva-heading-block\" data-id=\"793d17d4\" data-element_type=\"widget\" data-widget_type=\"gva-heading-block.default\">\n\t\t\t\t<div class=\"elementor-widget-container\">\n\t\t\t<div class=\"gva-element-gva-heading-block gva-element\">   <div class=\"align-center style-1 widget gsc-heading box-align-left\">\r\n      <div class=\"content-inner\">\r\n         \r\n                     <div class=\"heading-icon\"><img decoding=\"async\" src=\"https:\/\/italglasscostruzioni.com\/wp-content\/uploads\/2023\/12\/Icon-Ital-Glass-Costruzioni.png\" alt=\"Ital Glass Costruzioni\"\/><\/div>\r\n                  \r\n                     <div class=\"clearfix\"><div class=\"sub-title\"><span>Partneri ideal!<\/span><\/div><\/div>\r\n           \r\n         \r\n                     <h2 class=\"title\">\r\n               <span>Ital Glass Costruzioni<\/span>\r\n            <\/h2>\r\n                              <div class=\"title-desc\">20 vite eksperienc\u00eb dhe profesionaliz\u00ebm n\u00eb Shqip\u00ebri, Itali dhe gjith\u00eb Europ\u00ebn.<\/div>\r\n         \r\n         \r\n      <\/div>\r\n   <\/div>\r\n   <div class=\"clearfix\"><\/div>\r\n<\/div>\t\t<\/div>\n\t\t\t\t<\/div>\n\t\t\t\t\t<\/div>\n\t\t<\/div>\n\t\t\t\t\t<\/div>\n\t\t<\/section>\n\t\t\t\t<section class=\"elementor-section elementor-top-section elementor-element elementor-element-17fa0372 elementor-section-boxed elementor-section-height-default elementor-section-height-default\" data-id=\"17fa0372\" data-element_type=\"section\" data-settings=\"{&quot;background_background&quot;:&quot;classic&quot;}\">\n\t\t\t\t\t\t<div class=\"elementor-container elementor-column-gap-default\">\n\t\t\t\t\t<div class=\"elementor-column elementor-col-100 elementor-top-column elementor-element elementor-element-15bced5c top column-style-top\" data-id=\"15bced5c\" data-element_type=\"column\">\n\t\t\t<div class=\"elementor-widget-wrap elementor-element-populated\">\n\t\t\t\t\t\t<div class=\"elementor-element elementor-element-1e0fb30 elementor-widget elementor-widget-image\" data-id=\"1e0fb30\" data-element_type=\"widget\" data-widget_type=\"image.default\">\n\t\t\t\t<div class=\"elementor-widget-container\">\n\t\t\t\t\t\t\t\t\t\t\t\t\t<img decoding=\"async\" width=\"1744\" height=\"924\" src=\"https:\/\/italglasscostruzioni.com\/wp-content\/uploads\/2024\/07\/Colors-min.jpg\" class=\"attachment-full size-full wp-image-14316\" alt=\"\" srcset=\"https:\/\/italglasscostruzioni.com\/wp-content\/uploads\/2024\/07\/Colors-min.jpg 1744w, https:\/\/italglasscostruzioni.com\/wp-content\/uploads\/2024\/07\/Colors-min-1024x543.jpg 1024w, https:\/\/italglasscostruzioni.com\/wp-content\/uploads\/2024\/07\/Colors-min-768x407.jpg 768w, https:\/\/italglasscostruzioni.com\/wp-content\/uploads\/2024\/07\/Colors-min-600x318.jpg 600w\" sizes=\"(max-width: 1744px) 100vw, 1744px\" \/>\t\t\t\t\t\t\t\t\t\t\t\t\t<\/div>\n\t\t\t\t<\/div>\n\t\t\t\t\t<\/div>\n\t\t<\/div>\n\t\t\t\t\t<\/div>\n\t\t<\/section>\n\t\t\t\t<\/div>\n\t\t","protected":false},"excerpt":{"rendered":"<p>Ngjyra e dritareve \u00ebsht\u00eb nj\u00eb nga element\u00ebt arkitekturor\u00eb q\u00eb i japin nd\u00ebrtesave nj\u00eb karakter unik. Mund\u00ebsit\u00eb e personalizimit t\u00eb ngjyrave arrijn\u00eb t\u00eb krijojn\u00eb nj\u00eb efekt estetik origjinal dhe t\u00eb orientuar drejt dizajnit, p\u00ebr m\u00eb tep\u00ebr, fal\u00eb mund\u00ebsis\u00eb s\u00eb zgjedhjes s\u00eb nj\u00eb ngjyre t\u00eb ndryshme p\u00ebr pjes\u00ebn e brendshme dhe t\u00eb jashtme, \u00e7do dritare mund t\u00eb [&hellip;]<\/p>\n","protected":false},"author":1,"featured_media":0,"parent":14795,"menu_order":0,"comment_status":"closed","ping_status":"closed","template":"","meta":{"footnotes":""},"class_list":["post-14798","page","type-page","status-publish","hentry"],"yoast_head":"<!-- This site is optimized with the Yoast SEO Premium plugin v14.9 - https:\/\/yoast.com\/wordpress\/plugins\/seo\/ -->\n<title>Ngjyra t\u00eb personalizuara - Zgjidhni stilin q\u00eb ju p\u00ebrfaq\u00ebson<\/title>\n<meta name=\"description\" content=\"Zgjidhni nga nj\u00eb gam\u00eb e gjer\u00eb ngjyrash. Ital Glass Costruzioni ofron mund\u00ebsi personalizimi bazuar n\u00eb stilin e nevojat tuaja p\u00ebr cdo projekt\" \/>\n<meta name=\"robots\" content=\"index, follow, max-snippet:-1, max-image-preview:large, max-video-preview:-1\" \/>\n<link rel=\"canonical\" href=\"https:\/\/italglasscostruzioni.com\/sq\/produkte\/ngjyra\/\" \/>\n<meta property=\"og:locale\" content=\"sq_AL\" \/>\n<meta property=\"og:type\" content=\"article\" \/>\n<meta property=\"og:title\" content=\"Ngjyra t\u00eb personalizuara - Zgjidhni stilin q\u00eb ju p\u00ebrfaq\u00ebson\" \/>\n<meta property=\"og:description\" content=\"Zgjidhni nga nj\u00eb gam\u00eb e gjer\u00eb ngjyrash. Ital Glass Costruzioni ofron mund\u00ebsi personalizimi bazuar n\u00eb stilin e nevojat tuaja p\u00ebr cdo projekt\" \/>\n<meta property=\"og:url\" content=\"https:\/\/italglasscostruzioni.com\/sq\/produkte\/ngjyra\/\" \/>\n<meta property=\"og:site_name\" content=\"Ital Glass Costruzioni\" \/>\n<meta property=\"article:publisher\" content=\"https:\/\/www.facebook.com\/profile.php?id=61562434582354\" \/>\n<meta property=\"article:modified_time\" content=\"2025-09-15T14:01:23+00:00\" \/>\n<meta property=\"og:image\" content=\"https:\/\/italglasscostruzioni.com\/wp-content\/uploads\/2024\/07\/Colors-1-min.jpg\" \/>\n<meta name=\"twitter:card\" content=\"summary_large_image\" \/>\n<script type=\"application\/ld+json\" class=\"yoast-schema-graph\">{\"@context\":\"https:\/\/schema.org\",\"@graph\":[{\"@type\":\"Organization\",\"@id\":\"https:\/\/italglasscostruzioni.com\/sq\/#organization\",\"name\":\"Ital Glass Costruzioni\",\"url\":\"https:\/\/italglasscostruzioni.com\/sq\/\",\"sameAs\":[\"https:\/\/www.facebook.com\/profile.php?id=61562434582354\"],\"logo\":{\"@type\":\"ImageObject\",\"@id\":\"https:\/\/italglasscostruzioni.com\/sq\/#logo\",\"inLanguage\":\"sq-AL\",\"url\":\"https:\/\/italglasscostruzioni.com\/wp-content\/uploads\/2024\/07\/Logo-Ital-Glass-Costruzioni-vertical-01.png\",\"width\":4168,\"height\":2084,\"caption\":\"Ital Glass Costruzioni\"},\"image\":{\"@id\":\"https:\/\/italglasscostruzioni.com\/sq\/#logo\"}},{\"@type\":\"WebSite\",\"@id\":\"https:\/\/italglasscostruzioni.com\/sq\/#website\",\"url\":\"https:\/\/italglasscostruzioni.com\/sq\/\",\"name\":\"Ital Glass Costruzioni\",\"description\":\"Il partner ideale in PVC Glass Costruzioni!\",\"publisher\":{\"@id\":\"https:\/\/italglasscostruzioni.com\/sq\/#organization\"},\"potentialAction\":[{\"@type\":\"SearchAction\",\"target\":\"https:\/\/italglasscostruzioni.com\/sq\/?s={search_term_string}\",\"query-input\":\"required name=search_term_string\"}],\"inLanguage\":\"sq-AL\"},{\"@type\":\"ImageObject\",\"@id\":\"https:\/\/italglasscostruzioni.com\/sq\/produkte\/ngjyra\/#primaryimage\",\"inLanguage\":\"sq-AL\",\"url\":\"https:\/\/italglasscostruzioni.com\/wp-content\/uploads\/2024\/07\/Colors-1-min.jpg\",\"width\":1000,\"height\":800,\"caption\":\"Colori personalizzati: scegli lo stile che ti rappresenta - Ital Glass Costruzioni\"},{\"@type\":\"WebPage\",\"@id\":\"https:\/\/italglasscostruzioni.com\/sq\/produkte\/ngjyra\/#webpage\",\"url\":\"https:\/\/italglasscostruzioni.com\/sq\/produkte\/ngjyra\/\",\"name\":\"Ngjyra t\\u00eb personalizuara - Zgjidhni stilin q\\u00eb ju p\\u00ebrfaq\\u00ebson\",\"isPartOf\":{\"@id\":\"https:\/\/italglasscostruzioni.com\/sq\/#website\"},\"primaryImageOfPage\":{\"@id\":\"https:\/\/italglasscostruzioni.com\/sq\/produkte\/ngjyra\/#primaryimage\"},\"datePublished\":\"2024-07-19T11:48:03+00:00\",\"dateModified\":\"2025-09-15T14:01:23+00:00\",\"description\":\"Zgjidhni nga nj\\u00eb gam\\u00eb e gjer\\u00eb ngjyrash. Ital Glass Costruzioni ofron mund\\u00ebsi personalizimi bazuar n\\u00eb stilin e nevojat tuaja p\\u00ebr cdo projekt\",\"breadcrumb\":{\"@id\":\"https:\/\/italglasscostruzioni.com\/sq\/produkte\/ngjyra\/#breadcrumb\"},\"inLanguage\":\"sq-AL\",\"potentialAction\":[{\"@type\":\"ReadAction\",\"target\":[\"https:\/\/italglasscostruzioni.com\/sq\/produkte\/ngjyra\/\"]}]},{\"@type\":\"BreadcrumbList\",\"@id\":\"https:\/\/italglasscostruzioni.com\/sq\/produkte\/ngjyra\/#breadcrumb\",\"itemListElement\":[{\"@type\":\"ListItem\",\"position\":1,\"item\":{\"@type\":\"WebPage\",\"@id\":\"https:\/\/italglasscostruzioni.com\/sq\/\",\"url\":\"https:\/\/italglasscostruzioni.com\/sq\/\",\"name\":\"Home\"}},{\"@type\":\"ListItem\",\"position\":2,\"item\":{\"@type\":\"WebPage\",\"@id\":\"https:\/\/italglasscostruzioni.com\/sq\/produkte\/\",\"url\":\"https:\/\/italglasscostruzioni.com\/sq\/produkte\/\",\"name\":\"Produkte\"}},{\"@type\":\"ListItem\",\"position\":3,\"item\":{\"@type\":\"WebPage\",\"@id\":\"https:\/\/italglasscostruzioni.com\/sq\/produkte\/ngjyra\/\",\"url\":\"https:\/\/italglasscostruzioni.com\/sq\/produkte\/ngjyra\/\",\"name\":\"Ngjyra\"}}]}]}<\/script>\n<!-- \/ Yoast SEO Premium plugin. -->","_links":{"self":[{"href":"https:\/\/italglasscostruzioni.com\/sq\/wp-json\/wp\/v2\/pages\/14798","targetHints":{"allow":["GET"]}}],"collection":[{"href":"https:\/\/italglasscostruzioni.com\/sq\/wp-json\/wp\/v2\/pages"}],"about":[{"href":"https:\/\/italglasscostruzioni.com\/sq\/wp-json\/wp\/v2\/types\/page"}],"author":[{"embeddable":true,"href":"https:\/\/italglasscostruzioni.com\/sq\/wp-json\/wp\/v2\/users\/1"}],"replies":[{"embeddable":true,"href":"https:\/\/italglasscostruzioni.com\/sq\/wp-json\/wp\/v2\/comments?post=14798"}],"version-history":[{"count":6,"href":"https:\/\/italglasscostruzioni.com\/sq\/wp-json\/wp\/v2\/pages\/14798\/revisions"}],"predecessor-version":[{"id":17239,"href":"https:\/\/italglasscostruzioni.com\/sq\/wp-json\/wp\/v2\/pages\/14798\/revisions\/17239"}],"up":[{"embeddable":true,"href":"https:\/\/italglasscostruzioni.com\/sq\/wp-json\/wp\/v2\/pages\/14795"}],"wp:attachment":[{"href":"https:\/\/italglasscostruzioni.com\/sq\/wp-json\/wp\/v2\/media?parent=14798"}],"curies":[{"name":"wp","href":"https:\/\/api.w.org\/{rel}","templated":true}]}}