{"id":14795,"date":"2023-11-17T19:31:12","date_gmt":"2023-11-17T18:31:12","guid":{"rendered":"https:\/\/italglasscostruzioni.com\/prodotti\/"},"modified":"2025-09-15T14:37:47","modified_gmt":"2025-09-15T13:37:47","slug":"produkte","status":"publish","type":"page","link":"https:\/\/italglasscostruzioni.com\/sq\/produkte\/","title":{"rendered":"Produkte"},"content":{"rendered":"\t\t<div data-elementor-type=\"wp-post\" data-elementor-id=\"14795\" class=\"elementor elementor-14795 elementor-10995\">\n\t\t\t\t<div class=\"elementor-element elementor-element-9c54c66 e-flex e-con-boxed e-con e-parent\" data-id=\"9c54c66\" data-element_type=\"container\">\n\t\t\t\t\t<div class=\"e-con-inner\">\n\t\t<div class=\"elementor-element elementor-element-53aa255 e-grid e-con-boxed e-con e-child\" data-id=\"53aa255\" data-element_type=\"container\">\n\t\t\t\t\t<div class=\"e-con-inner\">\n\t\t\t\t<div class=\"elementor-element elementor-element-68dd33d ekit-image-accordion-horizontal ekit-image-accordion-click elementor-widget elementor-widget-elementskit-image-accordion\" data-id=\"68dd33d\" data-element_type=\"widget\" data-widget_type=\"elementskit-image-accordion.default\">\n\t\t\t\t<div class=\"elementor-widget-container\">\n\t\t\t<div class=\"ekit-wid-con\" >\t\t<div class=\"ekit-image-accordion elementskit-image-accordion-wraper\">\n\t\t\t                <input type=\"radio\" name=\"ekit_ia_68dd33d\" id=\"ekit_ia_68dd33d_0\" class=\"elementskit-single-image-accordion--input\" checked=\"checked\" hidden>\n                <label for=\"ekit_ia_68dd33d_0\" class=\"elementskit-single-image-accordion ekit-image-accordion-item\" style=\"background-image: url(https:\/\/italglasscostruzioni.com\/wp-content\/uploads\/2024\/07\/Finestre-min.jpg)\" data-link=\"{&quot;url&quot;:&quot;https:\\\/\\\/italglasscostruzioni.com\\\/prodotti\\\/finestre\\\/&quot;,&quot;is_external&quot;:&quot;&quot;,&quot;nofollow&quot;:&quot;&quot;,&quot;custom_attributes&quot;:&quot;&quot;}\" data-behavior=\"click\" data-active=\"yes\">\n                    <span class=\"elementskit-accordion-content\">\n\t\t\t\t\t\t\t\t\t\t\t\t\t<span class=\"elementskit-accordion-title-wraper\">\n\t\t\t\t\t\t\t\t<span class=\"elementskit-accordion-title \">\n\t\t\t\t\t\t\t\t\n\t\t\t\t\t\t\t\tfinestre\n\t\t\t\t\t\t\t\t\t\t\t\t\t\t\t\t<\/span>\n\t\t\t\t\t\t\t<\/span>\n\t\t\t\t\t\t\t                    <\/span>\n                <\/label>\n                    <\/div>\n    <\/div>\t\t<\/div>\n\t\t\t\t<\/div>\n\t\t\t\t<div class=\"elementor-element elementor-element-b60de00 ekit-image-accordion-horizontal ekit-image-accordion-click elementor-widget elementor-widget-elementskit-image-accordion\" data-id=\"b60de00\" data-element_type=\"widget\" data-widget_type=\"elementskit-image-accordion.default\">\n\t\t\t\t<div class=\"elementor-widget-container\">\n\t\t\t<div class=\"ekit-wid-con\" >\t\t<div class=\"ekit-image-accordion elementskit-image-accordion-wraper\">\n\t\t\t                <input type=\"radio\" name=\"ekit_ia_b60de00\" id=\"ekit_ia_b60de00_0\" class=\"elementskit-single-image-accordion--input\" checked=\"checked\" hidden>\n                <label for=\"ekit_ia_b60de00_0\" class=\"elementskit-single-image-accordion ekit-image-accordion-item\" style=\"background-image: url(https:\/\/italglasscostruzioni.com\/wp-content\/uploads\/2024\/07\/Porte-dingresso-min.jpg)\" data-link=\"{&quot;url&quot;:&quot;https:\\\/\\\/italglasscostruzioni.com\\\/prodotti\\\/porte-dingresso\\\/&quot;,&quot;is_external&quot;:&quot;&quot;,&quot;nofollow&quot;:&quot;&quot;,&quot;custom_attributes&quot;:&quot;&quot;}\" data-behavior=\"click\" data-active=\"yes\">\n                    <span class=\"elementskit-accordion-content\">\n\t\t\t\t\t\t\t\t\t\t\t\t\t<span class=\"elementskit-accordion-title-wraper\">\n\t\t\t\t\t\t\t\t<span class=\"elementskit-accordion-title \">\n\t\t\t\t\t\t\t\t\n\t\t\t\t\t\t\t\tPorte d&#039;ingresso\n\t\t\t\t\t\t\t\t\t\t\t\t\t\t\t\t<\/span>\n\t\t\t\t\t\t\t<\/span>\n\t\t\t\t\t\t\t                    <\/span>\n                <\/label>\n                    <\/div>\n    <\/div>\t\t<\/div>\n\t\t\t\t<\/div>\n\t\t\t\t<div class=\"elementor-element elementor-element-bb7a981 ekit-image-accordion-horizontal ekit-image-accordion-click elementor-widget elementor-widget-elementskit-image-accordion\" data-id=\"bb7a981\" data-element_type=\"widget\" data-widget_type=\"elementskit-image-accordion.default\">\n\t\t\t\t<div class=\"elementor-widget-container\">\n\t\t\t<div class=\"ekit-wid-con\" >\t\t<div class=\"ekit-image-accordion elementskit-image-accordion-wraper\">\n\t\t\t                <input type=\"radio\" name=\"ekit_ia_bb7a981\" id=\"ekit_ia_bb7a981_0\" class=\"elementskit-single-image-accordion--input\" checked=\"checked\" hidden>\n                <label for=\"ekit_ia_bb7a981_0\" class=\"elementskit-single-image-accordion ekit-image-accordion-item\" style=\"background-image: url(https:\/\/italglasscostruzioni.com\/wp-content\/uploads\/2024\/07\/Porte-scorrevoli-1.jpg)\" data-link=\"{&quot;url&quot;:&quot;https:\\\/\\\/italglasscostruzioni.com\\\/prodotti\\\/porte-scorrevoli\\\/&quot;,&quot;is_external&quot;:&quot;&quot;,&quot;nofollow&quot;:&quot;&quot;,&quot;custom_attributes&quot;:&quot;&quot;}\" data-behavior=\"click\" data-active=\"yes\">\n                    <span class=\"elementskit-accordion-content\">\n\t\t\t\t\t\t\t\t\t\t\t\t\t<span class=\"elementskit-accordion-title-wraper\">\n\t\t\t\t\t\t\t\t<span class=\"elementskit-accordion-title \">\n\t\t\t\t\t\t\t\t\n\t\t\t\t\t\t\t\tPorte Scorrevoli\n\t\t\t\t\t\t\t\t\t\t\t\t\t\t\t\t<\/span>\n\t\t\t\t\t\t\t<\/span>\n\t\t\t\t\t\t\t                    <\/span>\n                <\/label>\n                    <\/div>\n    <\/div>\t\t<\/div>\n\t\t\t\t<\/div>\n\t\t\t\t<div class=\"elementor-element elementor-element-42e6a1b ekit-image-accordion-horizontal ekit-image-accordion-click elementor-widget elementor-widget-elementskit-image-accordion\" data-id=\"42e6a1b\" data-element_type=\"widget\" data-widget_type=\"elementskit-image-accordion.default\">\n\t\t\t\t<div class=\"elementor-widget-container\">\n\t\t\t<div class=\"ekit-wid-con\" >\t\t<div class=\"ekit-image-accordion elementskit-image-accordion-wraper\">\n\t\t\t                <input type=\"radio\" name=\"ekit_ia_42e6a1b\" id=\"ekit_ia_42e6a1b_0\" class=\"elementskit-single-image-accordion--input\" checked=\"checked\" hidden>\n                <label for=\"ekit_ia_42e6a1b_0\" class=\"elementskit-single-image-accordion ekit-image-accordion-item\" style=\"background-image: url(https:\/\/italglasscostruzioni.com\/wp-content\/uploads\/2024\/07\/Facciate-min.jpg)\" data-link=\"{&quot;url&quot;:&quot;https:\\\/\\\/italglasscostruzioni.com\\\/prodotti\\\/facciate\\\/&quot;,&quot;is_external&quot;:&quot;&quot;,&quot;nofollow&quot;:&quot;&quot;,&quot;custom_attributes&quot;:&quot;&quot;}\" data-behavior=\"click\" data-active=\"yes\">\n                    <span class=\"elementskit-accordion-content\">\n\t\t\t\t\t\t\t\t\t\t\t\t\t<span class=\"elementskit-accordion-title-wraper\">\n\t\t\t\t\t\t\t\t<span class=\"elementskit-accordion-title \">\n\t\t\t\t\t\t\t\t\n\t\t\t\t\t\t\t\tFacciate\n\t\t\t\t\t\t\t\t\t\t\t\t\t\t\t\t<\/span>\n\t\t\t\t\t\t\t<\/span>\n\t\t\t\t\t\t\t                    <\/span>\n                <\/label>\n                    <\/div>\n    <\/div>\t\t<\/div>\n\t\t\t\t<\/div>\n\t\t\t\t<div class=\"elementor-element elementor-element-5151a25 ekit-image-accordion-horizontal ekit-image-accordion-click elementor-widget elementor-widget-elementskit-image-accordion\" data-id=\"5151a25\" data-element_type=\"widget\" data-widget_type=\"elementskit-image-accordion.default\">\n\t\t\t\t<div class=\"elementor-widget-container\">\n\t\t\t<div class=\"ekit-wid-con\" >\t\t<div class=\"ekit-image-accordion elementskit-image-accordion-wraper\">\n\t\t\t                <input type=\"radio\" name=\"ekit_ia_5151a25\" id=\"ekit_ia_5151a25_0\" class=\"elementskit-single-image-accordion--input\" checked=\"checked\" hidden>\n                <label for=\"ekit_ia_5151a25_0\" class=\"elementskit-single-image-accordion ekit-image-accordion-item\" style=\"background-image: url(https:\/\/italglasscostruzioni.com\/wp-content\/uploads\/2024\/07\/Porte-scorrevoli-min.jpg)\" data-link=\"{&quot;url&quot;:&quot;https:\\\/\\\/italglasscostruzioni.com\\\/prodotti\\\/verande-a-libro\\\/&quot;,&quot;is_external&quot;:&quot;&quot;,&quot;nofollow&quot;:&quot;&quot;,&quot;custom_attributes&quot;:&quot;&quot;}\" data-behavior=\"click\" data-active=\"yes\">\n                    <span class=\"elementskit-accordion-content\">\n\t\t\t\t\t\t\t\t\t\t\t\t\t<span class=\"elementskit-accordion-title-wraper\">\n\t\t\t\t\t\t\t\t<span class=\"elementskit-accordion-title \">\n\t\t\t\t\t\t\t\t\n\t\t\t\t\t\t\t\tVerande a libro\n\t\t\t\t\t\t\t\t\t\t\t\t\t\t\t\t<\/span>\n\t\t\t\t\t\t\t<\/span>\n\t\t\t\t\t\t\t                    <\/span>\n                <\/label>\n                    <\/div>\n    <\/div>\t\t<\/div>\n\t\t\t\t<\/div>\n\t\t\t\t<div class=\"elementor-element elementor-element-2af2c55 ekit-image-accordion-horizontal ekit-image-accordion-click elementor-widget elementor-widget-elementskit-image-accordion\" data-id=\"2af2c55\" data-element_type=\"widget\" data-widget_type=\"elementskit-image-accordion.default\">\n\t\t\t\t<div class=\"elementor-widget-container\">\n\t\t\t<div class=\"ekit-wid-con\" >\t\t<div class=\"ekit-image-accordion elementskit-image-accordion-wraper\">\n\t\t\t                <input type=\"radio\" name=\"ekit_ia_2af2c55\" id=\"ekit_ia_2af2c55_0\" class=\"elementskit-single-image-accordion--input\" checked=\"checked\" hidden>\n                <label for=\"ekit_ia_2af2c55_0\" class=\"elementskit-single-image-accordion ekit-image-accordion-item\" style=\"background-image: url(https:\/\/italglasscostruzioni.com\/wp-content\/uploads\/2024\/07\/Cassonetto-min.jpg)\" data-link=\"{&quot;url&quot;:&quot;https:\\\/\\\/italglasscostruzioni.com\\\/service\\\/cassonetto-da-restauro\\\/&quot;,&quot;is_external&quot;:&quot;&quot;,&quot;nofollow&quot;:&quot;&quot;,&quot;custom_attributes&quot;:&quot;&quot;}\" data-behavior=\"click\" data-active=\"yes\">\n                    <span class=\"elementskit-accordion-content\">\n\t\t\t\t\t\t\t\t\t\t\t\t\t<span class=\"elementskit-accordion-title-wraper\">\n\t\t\t\t\t\t\t\t<span class=\"elementskit-accordion-title \">\n\t\t\t\t\t\t\t\t\n\t\t\t\t\t\t\t\tcassonetto da restauro\n\t\t\t\t\t\t\t\t\t\t\t\t\t\t\t\t<\/span>\n\t\t\t\t\t\t\t<\/span>\n\t\t\t\t\t\t\t                    <\/span>\n                <\/label>\n                    <\/div>\n    <\/div>\t\t<\/div>\n\t\t\t\t<\/div>\n\t\t\t\t\t<\/div>\n\t\t\t\t<\/div>\n\t\t\t\t\t<\/div>\n\t\t\t\t<\/div>\n\t\t\t\t<section class=\"elementor-section elementor-top-section elementor-element elementor-element-24059bae elementor-section-boxed elementor-section-height-default elementor-section-height-default arrow_1_x_top arrow_1_y_left arrow_2_x_bottom arrow_2_y_right\" data-id=\"24059bae\" data-element_type=\"section\" data-settings=\"{&quot;background_background&quot;:&quot;classic&quot;}\">\n\t\t\t\t\t\t<div class=\"elementor-container elementor-column-gap-default\">\n\t\t\t\t\t<div class=\"elementor-column elementor-col-100 elementor-top-column elementor-element elementor-element-1d4dcbe5 top column-style-top\" data-id=\"1d4dcbe5\" data-element_type=\"column\">\n\t\t\t<div class=\"elementor-widget-wrap elementor-element-populated\">\n\t\t\t\t\t\t<div class=\"elementor-element elementor-element-b15c9da elementor-widget elementor-widget-gva-heading-block\" data-id=\"b15c9da\" data-element_type=\"widget\" data-widget_type=\"gva-heading-block.default\">\n\t\t\t\t<div class=\"elementor-widget-container\">\n\t\t\t<div class=\"gva-element-gva-heading-block gva-element\">   <div class=\"align-center style-1 widget gsc-heading box-align-left\">\r\n      <div class=\"content-inner\">\r\n         \r\n                     <div class=\"heading-icon\"><img decoding=\"async\" src=\"https:\/\/italglasscostruzioni.com\/wp-content\/uploads\/2023\/12\/Icon-Ital-Glass-Costruzioni.png\" alt=\"Ital Glass Costruzioni\"\/><\/div>\r\n                  \r\n                     <div class=\"clearfix\"><div class=\"sub-title\"><span>Partneri ideal!<\/span><\/div><\/div>\r\n           \r\n         \r\n                     <h2 class=\"title\">\r\n               <span>Ital Glass Costruzioni<\/span>\r\n            <\/h2>\r\n                              <div class=\"title-desc\">20 vite eksperienc\u00eb dhe profesionaliz\u00ebm n\u00eb Shqip\u00ebri, Itali dhe gjith\u00eb Europ\u00ebn.<\/div>\r\n         \r\n         \r\n      <\/div>\r\n   <\/div>\r\n   <div class=\"clearfix\"><\/div>\r\n<\/div>\t\t<\/div>\n\t\t\t\t<\/div>\n\t\t\t\t\t<\/div>\n\t\t<\/div>\n\t\t\t\t\t<\/div>\n\t\t<\/section>\n\t\t\t\t<section class=\"elementor-section elementor-top-section elementor-element elementor-element-88f69b8 elementor-section-boxed elementor-section-height-default elementor-section-height-default\" data-id=\"88f69b8\" data-element_type=\"section\" data-settings=\"{&quot;background_background&quot;:&quot;classic&quot;}\">\n\t\t\t\t\t\t<div class=\"elementor-container elementor-column-gap-default\">\n\t\t\t\t\t<div class=\"elementor-column elementor-col-100 elementor-top-column elementor-element elementor-element-6872d3a top column-style-top\" data-id=\"6872d3a\" data-element_type=\"column\">\n\t\t\t<div class=\"elementor-widget-wrap elementor-element-populated\">\n\t\t\t\t\t\t<section class=\"elementor-section elementor-inner-section elementor-element elementor-element-74d0152 elementor-section-boxed elementor-section-height-default elementor-section-height-default\" data-id=\"74d0152\" data-element_type=\"section\">\n\t\t\t\t\t\t<div class=\"elementor-container elementor-column-gap-default\">\n\t\t\t\t\t<div class=\"elementor-column elementor-col-100 elementor-inner-column elementor-element elementor-element-ffa9dbc top column-style-top\" data-id=\"ffa9dbc\" data-element_type=\"column\">\n\t\t\t<div class=\"elementor-widget-wrap elementor-element-populated\">\n\t\t\t\t\t\t<div class=\"elementor-element elementor-element-18fe952 elementor-widget elementor-widget-gva-heading-block\" data-id=\"18fe952\" data-element_type=\"widget\" data-widget_type=\"gva-heading-block.default\">\n\t\t\t\t<div class=\"elementor-widget-container\">\n\t\t\t<div class=\"gva-element-gva-heading-block gva-element\">   <div class=\"align-left style-1 widget gsc-heading box-align-left\">\r\n      <div class=\"content-inner\">\r\n         \r\n                  \r\n           \r\n         \r\n                     <h2 class=\"title\">\r\n               <span>Pse t\u00eb zgjidhni PVC nga Ital Glass Costruzioni?<\/span>\r\n            <\/h2>\r\n                  \r\n         \r\n      <\/div>\r\n   <\/div>\r\n   <div class=\"clearfix\"><\/div>\r\n<\/div>\t\t<\/div>\n\t\t\t\t<\/div>\n\t\t\t\t<div class=\"elementor-element elementor-element-267a318 elementor-widget elementor-widget-gva-text-arrow\" data-id=\"267a318\" data-element_type=\"widget\" data-widget_type=\"gva-text-arrow.default\">\n\t\t\t\t<div class=\"elementor-widget-container\">\n\t\t\t<div class=\"gva-element-gva-text-arrow gva-element\">\r\n<div class=\"gva-text-arrow style-1\">\r\n   <div class=\"content-inner\">\r\n      <h3 class=\"title\">\r\n                                 <span>Cil\u00ebsia e klasit A<\/span>\r\n                <\/h3>\r\n               <div class=\"descrption\"><p style=\"text-align: justify;\">T\u00eb gjitha produktet kan\u00eb certifikatat e nevojshme dhe mund t\u00eb p\u00ebrdoren n\u00eb cdo zon\u00eb pavar\u00ebsisht kushteve klimatike. Produktet PVC jan\u00eb miq\u00ebsore me mjedisin, rezistente, jet\u00ebgjat\u00eb dhe garantojn\u00eb izolim termik dhe akustik. Produkte elitare ku \u00e7dokush mund t'i p\u00ebrfitoj.<\/div>\r\n         <\/div>   \r\n<\/div>\r\n<\/div>\t\t<\/div>\n\t\t\t\t<\/div>\n\t\t\t\t<div class=\"elementor-element elementor-element-413f14f elementor-widget elementor-widget-gva-text-arrow\" data-id=\"413f14f\" data-element_type=\"widget\" data-widget_type=\"gva-text-arrow.default\">\n\t\t\t\t<div class=\"elementor-widget-container\">\n\t\t\t<div class=\"gva-element-gva-text-arrow gva-element\">\r\n<div class=\"gva-text-arrow style-1\">\r\n   <div class=\"content-inner\">\r\n      <h3 class=\"title\">\r\n                                 <span>PVC: materiali ideal p\u00ebr dritare moderne<\/span>\r\n                <\/h3>\r\n               <div class=\"descrption\"><p style=\"text-align: justify;\">Ne p\u00ebrdorim l\u00ebnd\u00ebn e par\u00eb PVC m\u00eb moderne, e cila ofron avantazhe t\u00eb r\u00ebnd\u00ebsishme jo vet\u00ebm nga pik\u00ebpamja ekonomike por edhe nga ajo ekologjike. Materiali PVC \u00ebsht\u00eb jasht\u00ebzakonisht i q\u00ebndruesh\u00ebm, fal\u00eb rezistenc\u00ebs s\u00eb tij t\u00eb jasht\u00ebzakonshme ndaj motit.<\/div>\r\n         <\/div>   \r\n<\/div>\r\n<\/div>\t\t<\/div>\n\t\t\t\t<\/div>\n\t\t\t\t<div class=\"elementor-element elementor-element-5dfba47 elementor-widget elementor-widget-gva-text-arrow\" data-id=\"5dfba47\" data-element_type=\"widget\" data-widget_type=\"gva-text-arrow.default\">\n\t\t\t\t<div class=\"elementor-widget-container\">\n\t\t\t<div class=\"gva-element-gva-text-arrow gva-element\">\r\n<div class=\"gva-text-arrow style-1\">\r\n   <div class=\"content-inner\">\r\n      <h3 class=\"title\">\r\n                                 <span>Izolim termik<\/span>\r\n                <\/h3>\r\n               <div class=\"descrption\"><p style=\"text-align: justify;\">Kur b\u00ebhet fjal\u00eb p\u00ebr termoizolimin e nd\u00ebrtes\u00ebs, dritaret dhe dyert jan\u00eb faktori m\u00eb i r\u00ebnd\u00ebsish\u00ebm. Duke p\u00ebrdorur xham termik t\u00eb dyfisht\u00eb ose t\u00eb trefisht\u00eb t\u00eb cil\u00ebsis\u00eb s\u00eb lart\u00eb, arrihen rezultate optimale. Sistemet termoizoluese ulin kostot e ngrohjes dhe garantojn\u00eb mbrojtje dhe siguri maksimale.<\/div>\r\n         <\/div>   \r\n<\/div>\r\n<\/div>\t\t<\/div>\n\t\t\t\t<\/div>\n\t\t\t\t<div class=\"elementor-element elementor-element-14c9681 elementor-widget elementor-widget-gva-text-arrow\" data-id=\"14c9681\" data-element_type=\"widget\" data-widget_type=\"gva-text-arrow.default\">\n\t\t\t\t<div class=\"elementor-widget-container\">\n\t\t\t<div class=\"gva-element-gva-text-arrow gva-element\">\r\n<div class=\"gva-text-arrow style-1\">\r\n   <div class=\"content-inner\">\r\n      <h3 class=\"title\">\r\n                                 <span>Izolimi akustik<\/span>\r\n                <\/h3>\r\n               <div class=\"descrption\"><p style=\"text-align: justify;\">Mbrojtja e duhur nga zhurma kontribuon n\u00eb nj\u00eb cil\u00ebsi m\u00eb t\u00eb mir\u00eb t\u00eb jet\u00ebs. Xhamat special q\u00eb ne p\u00ebrdorim kan\u00eb veti t\u00eb shk\u00eblqyera izoluese. N\u00eb var\u00ebsi t\u00eb intensitetit t\u00eb zhurm\u00ebs, ekzistojn\u00eb opsione t\u00eb m\u00ebtejshme optimizimi si dritaret dhe grilat.<\/div>\r\n         <\/div>   \r\n<\/div>\r\n<\/div>\t\t<\/div>\n\t\t\t\t<\/div>\n\t\t\t\t<div class=\"elementor-element elementor-element-ba6c9fe elementor-widget elementor-widget-gva-text-arrow\" data-id=\"ba6c9fe\" data-element_type=\"widget\" data-widget_type=\"gva-text-arrow.default\">\n\t\t\t\t<div class=\"elementor-widget-container\">\n\t\t\t<div class=\"gva-element-gva-text-arrow gva-element\">\r\n<div class=\"gva-text-arrow style-1\">\r\n   <div class=\"content-inner\">\r\n      <h3 class=\"title\">\r\n                                 <span>Mir\u00ebmbajtje dhe jet\u00ebgjat\u00ebsi<\/span>\r\n                <\/h3>\r\n               <div class=\"descrption\"><p style=\"text-align: justify;\">Profilet PVC prodhohen nga materiale cil\u00ebsore, t\u00eb besueshme dhe t\u00eb q\u00ebndrueshme. Fal\u00eb teknologjis\u00eb speciale t\u00eb prodhimit dhe kontrollit t\u00eb vazhduesh\u00ebm t\u00eb cil\u00ebsis\u00eb, arrihet nj\u00eb nivel i lart\u00eb i q\u00ebndrueshm\u00ebris\u00eb dhe rezistenc\u00ebs edhe n\u00eb kushte ekstreme klimatike. Pastrimi i profileve PVC \u00ebsht\u00eb mjaft i thjesht\u00eb fal\u00eb sip\u00ebrfaqes s\u00eb tyre t\u00eb shesht\u00eb, mjafton ta pastroni me nj\u00eb detergjent t\u00eb but\u00eb ose uj\u00eb.<\/div>\r\n         <\/div>   \r\n<\/div>\r\n<\/div>\t\t<\/div>\n\t\t\t\t<\/div>\n\t\t\t\t<div class=\"elementor-element elementor-element-b06a703 elementor-widget elementor-widget-gva-text-arrow\" data-id=\"b06a703\" data-element_type=\"widget\" data-widget_type=\"gva-text-arrow.default\">\n\t\t\t\t<div class=\"elementor-widget-container\">\n\t\t\t<div class=\"gva-element-gva-text-arrow gva-element\">\r\n<div class=\"gva-text-arrow style-1\">\r\n   <div class=\"content-inner\">\r\n      <h3 class=\"title\">\r\n                                 <span>Miq\u00ebsore ndaj mjedisit<\/span>\r\n                <\/h3>\r\n               <div class=\"descrption\"><p style=\"text-align: justify;\">Materialet PVC jan\u00eb miq\u00ebsore me mjedisin dhe ofrojn\u00eb p\u00ebrfitime t\u00eb m\u00ebdha t\u00eb p\u00ebrfituara nga riciklimi. PVC e past\u00ebr pa asnj\u00eb humbje t\u00eb cil\u00ebsis\u00eb mund t\u00eb rip\u00ebrdoret n\u00eb prodhimin e profileve t\u00eb reja. Element\u00ebt e vjet\u00ebr t\u00eb nd\u00ebrtimit b\u00ebhen l\u00ebnd\u00eb t\u00eb para t\u00eb \u00e7muara.<\/div>\r\n         <\/div>   \r\n<\/div>\r\n<\/div>\t\t<\/div>\n\t\t\t\t<\/div>\n\t\t\t\t\t<\/div>\n\t\t<\/div>\n\t\t\t\t\t<\/div>\n\t\t<\/section>\n\t\t\t\t\t<\/div>\n\t\t<\/div>\n\t\t\t\t\t<\/div>\n\t\t<\/section>\n\t\t\t\t<\/div>\n\t\t","protected":false},"excerpt":{"rendered":"<p>finestre Porte d&#8217;ingresso Porte Scorrevoli Facciate Verande a libro cassonetto da restauro Partneri ideal! Ital Glass Costruzioni 20 vite eksperienc\u00eb dhe profesionaliz\u00ebm n\u00eb Shqip\u00ebri, Itali dhe gjith\u00eb Europ\u00ebn. Pse t\u00eb zgjidhni PVC nga Ital Glass Costruzioni? Cil\u00ebsia e klasit A T\u00eb gjitha produktet kan\u00eb certifikatat e nevojshme dhe mund t\u00eb p\u00ebrdoren n\u00eb cdo zon\u00eb pavar\u00ebsisht [&hellip;]<\/p>\n","protected":false},"author":1,"featured_media":0,"parent":0,"menu_order":0,"comment_status":"closed","ping_status":"closed","template":"","meta":{"footnotes":""},"class_list":["post-14795","page","type-page","status-publish","hentry"],"yoast_head":"<!-- This site is optimized with the Yoast SEO Premium plugin v14.9 - https:\/\/yoast.com\/wordpress\/plugins\/seo\/ -->\n<title>Produkte cil\u00ebsore PVC, alumini dhe xhami - Ital Glass Costruzioni<\/title>\n<meta name=\"description\" content=\"Zbuloni produktet e xhamit, PVC dhe aluminit: fasada, dyer dhe dritare, struktura moderne p\u00ebr \u00e7do projekt - Ital Glass Costruzioni\" \/>\n<meta name=\"robots\" content=\"index, follow, max-snippet:-1, max-image-preview:large, max-video-preview:-1\" \/>\n<link rel=\"canonical\" href=\"https:\/\/italglasscostruzioni.com\/sq\/produkte\/\" \/>\n<meta property=\"og:locale\" content=\"sq_AL\" \/>\n<meta property=\"og:type\" content=\"article\" \/>\n<meta property=\"og:title\" content=\"Produkte cil\u00ebsore PVC, alumini dhe xhami - Ital Glass Costruzioni\" \/>\n<meta property=\"og:description\" content=\"Zbuloni produktet e xhamit, PVC dhe aluminit: fasada, dyer dhe dritare, struktura moderne p\u00ebr \u00e7do projekt - Ital Glass Costruzioni\" \/>\n<meta property=\"og:url\" content=\"https:\/\/italglasscostruzioni.com\/sq\/produkte\/\" \/>\n<meta property=\"og:site_name\" content=\"Ital Glass Costruzioni\" \/>\n<meta property=\"article:publisher\" content=\"https:\/\/www.facebook.com\/profile.php?id=61562434582354\" \/>\n<meta property=\"article:modified_time\" content=\"2025-09-15T13:37:47+00:00\" \/>\n<meta property=\"og:image\" content=\"https:\/\/italglasscostruzioni.com\/wp-content\/uploads\/2023\/12\/Icon-Ital-Glass-Costruzioni.png\" \/>\n<meta name=\"twitter:card\" content=\"summary_large_image\" \/>\n<script type=\"application\/ld+json\" class=\"yoast-schema-graph\">{\"@context\":\"https:\/\/schema.org\",\"@graph\":[{\"@type\":\"Organization\",\"@id\":\"https:\/\/italglasscostruzioni.com\/sq\/#organization\",\"name\":\"Ital Glass Costruzioni\",\"url\":\"https:\/\/italglasscostruzioni.com\/sq\/\",\"sameAs\":[\"https:\/\/www.facebook.com\/profile.php?id=61562434582354\"],\"logo\":{\"@type\":\"ImageObject\",\"@id\":\"https:\/\/italglasscostruzioni.com\/sq\/#logo\",\"inLanguage\":\"sq-AL\",\"url\":\"https:\/\/italglasscostruzioni.com\/wp-content\/uploads\/2024\/07\/Logo-Ital-Glass-Costruzioni-vertical-01.png\",\"width\":4168,\"height\":2084,\"caption\":\"Ital Glass Costruzioni\"},\"image\":{\"@id\":\"https:\/\/italglasscostruzioni.com\/sq\/#logo\"}},{\"@type\":\"WebSite\",\"@id\":\"https:\/\/italglasscostruzioni.com\/sq\/#website\",\"url\":\"https:\/\/italglasscostruzioni.com\/sq\/\",\"name\":\"Ital Glass Costruzioni\",\"description\":\"Il partner ideale in PVC Glass Costruzioni!\",\"publisher\":{\"@id\":\"https:\/\/italglasscostruzioni.com\/sq\/#organization\"},\"potentialAction\":[{\"@type\":\"SearchAction\",\"target\":\"https:\/\/italglasscostruzioni.com\/sq\/?s={search_term_string}\",\"query-input\":\"required name=search_term_string\"}],\"inLanguage\":\"sq-AL\"},{\"@type\":\"ImageObject\",\"@id\":\"https:\/\/italglasscostruzioni.com\/sq\/produkte\/#primaryimage\",\"inLanguage\":\"sq-AL\",\"url\":\"https:\/\/italglasscostruzioni.com\/wp-content\/uploads\/2023\/12\/Icon-Ital-Glass-Costruzioni.png\",\"width\":122,\"height\":122},{\"@type\":\"WebPage\",\"@id\":\"https:\/\/italglasscostruzioni.com\/sq\/produkte\/#webpage\",\"url\":\"https:\/\/italglasscostruzioni.com\/sq\/produkte\/\",\"name\":\"Produkte cil\\u00ebsore PVC, alumini dhe xhami - Ital Glass Costruzioni\",\"isPartOf\":{\"@id\":\"https:\/\/italglasscostruzioni.com\/sq\/#website\"},\"primaryImageOfPage\":{\"@id\":\"https:\/\/italglasscostruzioni.com\/sq\/produkte\/#primaryimage\"},\"datePublished\":\"2023-11-17T18:31:12+00:00\",\"dateModified\":\"2025-09-15T13:37:47+00:00\",\"description\":\"Zbuloni produktet e xhamit, PVC dhe aluminit: fasada, dyer dhe dritare, struktura moderne p\\u00ebr \\u00e7do projekt - Ital Glass Costruzioni\",\"breadcrumb\":{\"@id\":\"https:\/\/italglasscostruzioni.com\/sq\/produkte\/#breadcrumb\"},\"inLanguage\":\"sq-AL\",\"potentialAction\":[{\"@type\":\"ReadAction\",\"target\":[\"https:\/\/italglasscostruzioni.com\/sq\/produkte\/\"]}]},{\"@type\":\"BreadcrumbList\",\"@id\":\"https:\/\/italglasscostruzioni.com\/sq\/produkte\/#breadcrumb\",\"itemListElement\":[{\"@type\":\"ListItem\",\"position\":1,\"item\":{\"@type\":\"WebPage\",\"@id\":\"https:\/\/italglasscostruzioni.com\/sq\/\",\"url\":\"https:\/\/italglasscostruzioni.com\/sq\/\",\"name\":\"Home\"}},{\"@type\":\"ListItem\",\"position\":2,\"item\":{\"@type\":\"WebPage\",\"@id\":\"https:\/\/italglasscostruzioni.com\/sq\/produkte\/\",\"url\":\"https:\/\/italglasscostruzioni.com\/sq\/produkte\/\",\"name\":\"Produkte\"}}]}]}<\/script>\n<!-- \/ Yoast SEO Premium plugin. -->","_links":{"self":[{"href":"https:\/\/italglasscostruzioni.com\/sq\/wp-json\/wp\/v2\/pages\/14795","targetHints":{"allow":["GET"]}}],"collection":[{"href":"https:\/\/italglasscostruzioni.com\/sq\/wp-json\/wp\/v2\/pages"}],"about":[{"href":"https:\/\/italglasscostruzioni.com\/sq\/wp-json\/wp\/v2\/types\/page"}],"author":[{"embeddable":true,"href":"https:\/\/italglasscostruzioni.com\/sq\/wp-json\/wp\/v2\/users\/1"}],"replies":[{"embeddable":true,"href":"https:\/\/italglasscostruzioni.com\/sq\/wp-json\/wp\/v2\/comments?post=14795"}],"version-history":[{"count":18,"href":"https:\/\/italglasscostruzioni.com\/sq\/wp-json\/wp\/v2\/pages\/14795\/revisions"}],"predecessor-version":[{"id":17235,"href":"https:\/\/italglasscostruzioni.com\/sq\/wp-json\/wp\/v2\/pages\/14795\/revisions\/17235"}],"wp:attachment":[{"href":"https:\/\/italglasscostruzioni.com\/sq\/wp-json\/wp\/v2\/media?parent=14795"}],"curies":[{"name":"wp","href":"https:\/\/api.w.org\/{rel}","templated":true}]}}