{"id":14850,"date":"2024-07-17T16:46:07","date_gmt":"2024-07-17T15:46:07","guid":{"rendered":"https:\/\/italglasscostruzioni.com\/prodotti\/verande-a-libro\/"},"modified":"2025-06-24T11:32:02","modified_gmt":"2025-06-24T10:32:02","slug":"book-verandas","status":"publish","type":"page","link":"https:\/\/italglasscostruzioni.com\/en\/products\/book-verandas\/","title":{"rendered":"Book Verandas"},"content":{"rendered":"\t\t<div data-elementor-type=\"wp-post\" data-elementor-id=\"14850\" class=\"elementor elementor-14850 elementor-14239\">\n\t\t\t\t<div class=\"elementor-element elementor-element-092e6ec e-flex e-con-boxed e-con e-parent\" data-id=\"092e6ec\" data-element_type=\"container\">\n\t\t\t\t\t<div class=\"e-con-inner\">\n\t\t\t\t<div class=\"elementor-element elementor-element-e63a7ab elementor-widget elementor-widget-gva-services\" data-id=\"e63a7ab\" data-element_type=\"widget\" data-widget_type=\"gva-services.default\">\n\t\t\t\t<div class=\"elementor-widget-container\">\n\t\t\t<div class=\"gva-element-gva-services gva-element\">  \r\n  <div class=\"gva-services-grid clearfix gva-services\">\r\n      <div class=\"gva-content-items\"> \r\n        <div class=\"lg-block-grid-3 md-block-grid-3 sm-block-grid-2 xs-block-grid-1 xx-block-grid-1\">\r\n          <div class=\"item-columns\"><div class=\"item\">\r\n   <div class=\"service-item-v2\">     \r\n      \r\n      <div class=\"service-image\">\r\n         <img fetchpriority=\"high\" decoding=\"async\" width=\"600\" height=\"455\" src=\"https:\/\/italglasscostruzioni.com\/wp-content\/uploads\/2024\/07\/Smartia-M19800-600x455.jpg\" class=\"attachment-post-thumbnail size-post-thumbnail wp-post-image\" alt=\"\" \/>               <\/div>   \r\n\r\n      <div class=\"service-content\">\r\n         <div class=\"content-inner\">\r\n            <h3 class=\"title\">\r\n               <a href=\"https:\/\/italglasscostruzioni.com\/en\/prodotti-italglass\/smartia-m19800\/\">Smartia M19800<\/a>\r\n            <\/h3>\r\n            <div class=\"desc\">Hanging door system. Hinge with cushion. Various types of floor guides. The last leaf can be<\/div> \r\n            <div class=\"readmore\">\r\n               <a class=\"btn-inline\" href=\"https:\/\/italglasscostruzioni.com\/en\/prodotti-italglass\/smartia-m19800\/\"><span>Read More<\/span><\/a>\r\n            <\/div>\r\n         <\/div>    \r\n      <\/div>\r\n   <\/div>\r\n<\/div><\/div><div class=\"item-columns\"><div class=\"item\">\r\n   <div class=\"service-item-v2\">     \r\n      \r\n      <div class=\"service-image\">\r\n         <img decoding=\"async\" width=\"600\" height=\"455\" src=\"https:\/\/italglasscostruzioni.com\/wp-content\/uploads\/2024\/07\/Supreme-SF85-600x455.jpg\" class=\"attachment-post-thumbnail size-post-thumbnail wp-post-image\" alt=\"\" \/>               <\/div>   \r\n\r\n      <div class=\"service-content\">\r\n         <div class=\"content-inner\">\r\n            <h3 class=\"title\">\r\n               <a href=\"https:\/\/italglasscostruzioni.com\/en\/prodotti-italglass\/supreme-sf85\/\">Supreme SF85<\/a>\r\n            <\/h3>\r\n            <div class=\"desc\">Supreme SF85 is an exceptional folding conservatory system with minimal profiles, remarkable thermal insulation and the<\/div> \r\n            <div class=\"readmore\">\r\n               <a class=\"btn-inline\" href=\"https:\/\/italglasscostruzioni.com\/en\/prodotti-italglass\/supreme-sf85\/\"><span>Read More<\/span><\/a>\r\n            <\/div>\r\n         <\/div>    \r\n      <\/div>\r\n   <\/div>\r\n<\/div><\/div><div class=\"item-columns\"><div class=\"item\">\r\n   <div class=\"service-item-v2\">     \r\n      \r\n      <div class=\"service-image\">\r\n         <img decoding=\"async\" width=\"600\" height=\"455\" src=\"https:\/\/italglasscostruzioni.com\/wp-content\/uploads\/2024\/09\/Smartia-MF65-2-600x455.jpg\" class=\"attachment-post-thumbnail size-post-thumbnail wp-post-image\" alt=\"\" \/>               <\/div>   \r\n\r\n      <div class=\"service-content\">\r\n         <div class=\"content-inner\">\r\n            <h3 class=\"title\">\r\n               <a href=\"https:\/\/italglasscostruzioni.com\/en\/prodotti-italglass\/smartia-mf65\/\">Smartia MF65<\/a>\r\n            <\/h3>\r\n            <div class=\"desc\">SMARTIA MF65 is a thermal break system for folding doors with a minimal design and barely<\/div> \r\n            <div class=\"readmore\">\r\n               <a class=\"btn-inline\" href=\"https:\/\/italglasscostruzioni.com\/en\/prodotti-italglass\/smartia-mf65\/\"><span>Read More<\/span><\/a>\r\n            <\/div>\r\n         <\/div>    \r\n      <\/div>\r\n   <\/div>\r\n<\/div><\/div>        <\/div>\r\n      <\/div>\r\n        <\/div>\r\n  <\/div>\t\t<\/div>\n\t\t\t\t<\/div>\n\t\t\t\t\t<\/div>\n\t\t\t\t<\/div>\n\t\t\t\t<section class=\"elementor-section elementor-top-section elementor-element elementor-element-5be926fe elementor-section-boxed elementor-section-height-default elementor-section-height-default arrow_1_x_top arrow_1_y_left arrow_2_x_bottom arrow_2_y_right\" data-id=\"5be926fe\" data-element_type=\"section\" data-settings=\"{&quot;background_background&quot;:&quot;classic&quot;}\">\n\t\t\t\t\t\t<div class=\"elementor-container elementor-column-gap-default\">\n\t\t\t\t\t<div class=\"elementor-column elementor-col-100 elementor-top-column elementor-element elementor-element-2ffed16 top column-style-top\" data-id=\"2ffed16\" data-element_type=\"column\">\n\t\t\t<div class=\"elementor-widget-wrap elementor-element-populated\">\n\t\t\t\t\t\t<div class=\"elementor-element elementor-element-32b1c293 elementor-widget elementor-widget-gva-heading-block\" data-id=\"32b1c293\" data-element_type=\"widget\" data-widget_type=\"gva-heading-block.default\">\n\t\t\t\t<div class=\"elementor-widget-container\">\n\t\t\t<div class=\"gva-element-gva-heading-block gva-element\">   <div class=\"align-center style-1 widget gsc-heading box-align-left\">\r\n      <div class=\"content-inner\">\r\n         \r\n                     <div class=\"heading-icon\"><img decoding=\"async\" src=\"https:\/\/italglasscostruzioni.com\/wp-content\/uploads\/2023\/12\/Icon-Ital-Glass-Costruzioni.png\" alt=\"Ital Glass Costruzioni\"\/><\/div>\r\n                  \r\n                     <div class=\"clearfix\"><div class=\"sub-title\"><span>The ideal partner!<\/span><\/div><\/div>\r\n           \r\n         \r\n                     <h2 class=\"title\">\r\n               <span>Ital Glass Costruzioni<\/span>\r\n            <\/h2>\r\n                              <div class=\"title-desc\">20 years of experience and professionalism in Albania, Italy and all the Europe.<\/div>\r\n         \r\n         \r\n      <\/div>\r\n   <\/div>\r\n   <div class=\"clearfix\"><\/div>\r\n<\/div>\t\t<\/div>\n\t\t\t\t<\/div>\n\t\t\t\t\t<\/div>\n\t\t<\/div>\n\t\t\t\t\t<\/div>\n\t\t<\/section>\n\t\t\t\t<section class=\"elementor-section elementor-top-section elementor-element elementor-element-1a0120bf elementor-section-boxed elementor-section-height-default elementor-section-height-default\" data-id=\"1a0120bf\" data-element_type=\"section\" data-settings=\"{&quot;background_background&quot;:&quot;classic&quot;}\">\n\t\t\t\t\t\t<div class=\"elementor-container elementor-column-gap-default\">\n\t\t\t\t\t<div class=\"elementor-column elementor-col-100 elementor-top-column elementor-element elementor-element-4be2aa98 top column-style-top\" data-id=\"4be2aa98\" data-element_type=\"column\">\n\t\t\t<div class=\"elementor-widget-wrap elementor-element-populated\">\n\t\t\t\t\t\t<section class=\"elementor-section elementor-inner-section elementor-element elementor-element-6e71e50b elementor-section-boxed elementor-section-height-default elementor-section-height-default\" data-id=\"6e71e50b\" data-element_type=\"section\">\n\t\t\t\t\t\t<div class=\"elementor-container elementor-column-gap-default\">\n\t\t\t\t\t<div class=\"elementor-column elementor-col-100 elementor-inner-column elementor-element elementor-element-57e3de34 top column-style-top\" data-id=\"57e3de34\" data-element_type=\"column\">\n\t\t\t<div class=\"elementor-widget-wrap elementor-element-populated\">\n\t\t\t\t\t\t<div class=\"elementor-element elementor-element-59889bc6 elementor-widget elementor-widget-gva-heading-block\" data-id=\"59889bc6\" data-element_type=\"widget\" data-widget_type=\"gva-heading-block.default\">\n\t\t\t\t<div class=\"elementor-widget-container\">\n\t\t\t<div class=\"gva-element-gva-heading-block gva-element\">   <div class=\"align-left style-1 widget gsc-heading box-align-left\">\r\n      <div class=\"content-inner\">\r\n         \r\n                  \r\n           \r\n         \r\n                     <h2 class=\"title\">\r\n               <span>Why to choose Ital Glass Costruzioni PVC products?<\/span>\r\n            <\/h2>\r\n                  \r\n         \r\n      <\/div>\r\n   <\/div>\r\n   <div class=\"clearfix\"><\/div>\r\n<\/div>\t\t<\/div>\n\t\t\t\t<\/div>\n\t\t\t\t<div class=\"elementor-element elementor-element-1721f92f elementor-widget elementor-widget-gva-text-arrow\" data-id=\"1721f92f\" data-element_type=\"widget\" data-widget_type=\"gva-text-arrow.default\">\n\t\t\t\t<div class=\"elementor-widget-container\">\n\t\t\t<div class=\"gva-element-gva-text-arrow gva-element\">\r\n<div class=\"gva-text-arrow style-1\">\r\n   <div class=\"content-inner\">\r\n      <h3 class=\"title\">\r\n                                 <span>Class A quality<\/span>\r\n                <\/h3>\r\n               <div class=\"descrption\"><p style=\"text-align: justify;\">All products have the necessary certificates and can be used in all areas regardless of weather conditions. PVC products are eco-friendly, long-lasting and guarantee thermal and acoustic isolation. Elite products that anyone can access.<\/div>\r\n         <\/div>   \r\n<\/div>\r\n<\/div>\t\t<\/div>\n\t\t\t\t<\/div>\n\t\t\t\t<div class=\"elementor-element elementor-element-2fec1a6b elementor-widget elementor-widget-gva-text-arrow\" data-id=\"2fec1a6b\" data-element_type=\"widget\" data-widget_type=\"gva-text-arrow.default\">\n\t\t\t\t<div class=\"elementor-widget-container\">\n\t\t\t<div class=\"gva-element-gva-text-arrow gva-element\">\r\n<div class=\"gva-text-arrow style-1\">\r\n   <div class=\"content-inner\">\r\n      <h3 class=\"title\">\r\n                                 <span>PVC: the ideal material for modern window frames<\/span>\r\n                <\/h3>\r\n               <div class=\"descrption\"><p style=\"text-align: justify;\">We use latest PVC material, which offers important advantages not only economically but also ecologically. The PVC material is extremely durable, thanks to its exceptional weather resistance and durability.<\/div>\r\n         <\/div>   \r\n<\/div>\r\n<\/div>\t\t<\/div>\n\t\t\t\t<\/div>\n\t\t\t\t<div class=\"elementor-element elementor-element-68665bd0 elementor-widget elementor-widget-gva-text-arrow\" data-id=\"68665bd0\" data-element_type=\"widget\" data-widget_type=\"gva-text-arrow.default\">\n\t\t\t\t<div class=\"elementor-widget-container\">\n\t\t\t<div class=\"gva-element-gva-text-arrow gva-element\">\r\n<div class=\"gva-text-arrow style-1\">\r\n   <div class=\"content-inner\">\r\n      <h3 class=\"title\">\r\n                                 <span>Thermal insulation<\/span>\r\n                <\/h3>\r\n               <div class=\"descrption\"><p style=\"text-align: justify;\">When it comes to the thermal insulation of a building, windows and doors are the most important factor. By using high-quality thermal glazing, double or triple glazing, optimal results can be achieved. Thermal insulation systems reduce heating costs and provide maximum protection and safety.<\/div>\r\n         <\/div>   \r\n<\/div>\r\n<\/div>\t\t<\/div>\n\t\t\t\t<\/div>\n\t\t\t\t<div class=\"elementor-element elementor-element-34b5a231 elementor-widget elementor-widget-gva-text-arrow\" data-id=\"34b5a231\" data-element_type=\"widget\" data-widget_type=\"gva-text-arrow.default\">\n\t\t\t\t<div class=\"elementor-widget-container\">\n\t\t\t<div class=\"gva-element-gva-text-arrow gva-element\">\r\n<div class=\"gva-text-arrow style-1\">\r\n   <div class=\"content-inner\">\r\n      <h3 class=\"title\">\r\n                                 <span>Acoustic insulation<\/span>\r\n                <\/h3>\r\n               <div class=\"descrption\"><p style=\"text-align: justify;\">Adequate noise protection contributes to a better quality of life. The special glass we use has excellent insulation properties. Depending on the intensity of the noise, there are further optimization options such as cassette windows.<\/div>\r\n         <\/div>   \r\n<\/div>\r\n<\/div>\t\t<\/div>\n\t\t\t\t<\/div>\n\t\t\t\t<div class=\"elementor-element elementor-element-3ab90f1c elementor-widget elementor-widget-gva-text-arrow\" data-id=\"3ab90f1c\" data-element_type=\"widget\" data-widget_type=\"gva-text-arrow.default\">\n\t\t\t\t<div class=\"elementor-widget-container\">\n\t\t\t<div class=\"gva-element-gva-text-arrow gva-element\">\r\n<div class=\"gva-text-arrow style-1\">\r\n   <div class=\"content-inner\">\r\n      <h3 class=\"title\">\r\n                                 <span>Maintenance and longevity<\/span>\r\n                <\/h3>\r\n               <div class=\"descrption\"><p style=\"text-align: justify;\">PVC profiles are manufactured from high-quality, reliable and durable materials. Thanks to special production technology and continuous quality control, a high level of stability and durability is achieved even under extreme climatic conditions. Cleaning the PVC profiles is quite easy due to their flat surface; just clean it with a mild detergent and water.<\/div>\r\n         <\/div>   \r\n<\/div>\r\n<\/div>\t\t<\/div>\n\t\t\t\t<\/div>\n\t\t\t\t<div class=\"elementor-element elementor-element-3d15ef47 elementor-widget elementor-widget-gva-text-arrow\" data-id=\"3d15ef47\" data-element_type=\"widget\" data-widget_type=\"gva-text-arrow.default\">\n\t\t\t\t<div class=\"elementor-widget-container\">\n\t\t\t<div class=\"gva-element-gva-text-arrow gva-element\">\r\n<div class=\"gva-text-arrow style-1\">\r\n   <div class=\"content-inner\">\r\n      <h3 class=\"title\">\r\n                                 <span>Eco-compatibile<\/span>\r\n                <\/h3>\r\n               <div class=\"descrption\"><p style=\"text-align: justify;\">PVC materials are environmentally friendly and offer great recycling benefits. Pure PVC without any loss of quality can be reused in the production of new profiles. Old construction elements become valuable raw materials.<\/div>\r\n         <\/div>   \r\n<\/div>\r\n<\/div>\t\t<\/div>\n\t\t\t\t<\/div>\n\t\t\t\t\t<\/div>\n\t\t<\/div>\n\t\t\t\t\t<\/div>\n\t\t<\/section>\n\t\t\t\t\t<\/div>\n\t\t<\/div>\n\t\t\t\t\t<\/div>\n\t\t<\/section>\n\t\t\t\t<\/div>\n\t\t","protected":false},"excerpt":{"rendered":"<p>Smartia M19800 Sistem me dyer t\u00eb varura. Mentesha me kushineta. Lloje t\u00eb ndryshme guidash p\u00ebr dysheme. Dera e Read More Supreme SF85 Supreme SF85 \u00ebsht\u00eb nj\u00eb sistem i jasht\u00ebzakonsh\u00ebm p\u00ebr verandat e palosshme, me profile minimale, termoizolim t\u00eb Read More Smartia MF65 SMARTIA MF65 \u00ebsht\u00eb nj\u00eb sistem p\u00ebr dyert e palosshme me nj\u00eb dizajn minimal [&hellip;]<\/p>\n","protected":false},"author":1,"featured_media":0,"parent":14796,"menu_order":0,"comment_status":"closed","ping_status":"closed","template":"","meta":{"footnotes":""},"class_list":["post-14850","page","type-page","status-publish","hentry"],"yoast_head":"<!-- This site is optimized with the Yoast SEO Premium plugin v14.9 - https:\/\/yoast.com\/wordpress\/plugins\/seo\/ -->\n<title>Folding Verandas \u2013 Elegant Solutions for Any Environment<\/title>\n<meta name=\"description\" content=\"Choose folding verandas \u2013 modern design, quality materials, and maximum functionality for residential and commercial environments.\" \/>\n<meta name=\"robots\" content=\"index, follow, max-snippet:-1, max-image-preview:large, max-video-preview:-1\" \/>\n<link rel=\"canonical\" href=\"https:\/\/italglasscostruzioni.com\/en\/products\/book-verandas\/\" \/>\n<meta property=\"og:locale\" content=\"en_US\" \/>\n<meta property=\"og:type\" content=\"article\" \/>\n<meta property=\"og:title\" content=\"Folding Verandas \u2013 Elegant Solutions for Any Environment\" \/>\n<meta property=\"og:description\" content=\"Choose folding verandas \u2013 modern design, quality materials, and maximum functionality for residential and commercial environments.\" \/>\n<meta property=\"og:url\" content=\"https:\/\/italglasscostruzioni.com\/en\/products\/book-verandas\/\" \/>\n<meta property=\"og:site_name\" content=\"Ital Glass Costruzioni\" \/>\n<meta property=\"article:publisher\" content=\"https:\/\/www.facebook.com\/profile.php?id=61562434582354\" \/>\n<meta property=\"article:modified_time\" content=\"2025-06-24T10:32:02+00:00\" \/>\n<meta property=\"og:image\" content=\"https:\/\/italglasscostruzioni.com\/wp-content\/uploads\/2024\/07\/Smartia-M19800-600x455.jpg\" \/>\n<meta name=\"twitter:card\" content=\"summary_large_image\" \/>\n<script type=\"application\/ld+json\" class=\"yoast-schema-graph\">{\"@context\":\"https:\/\/schema.org\",\"@graph\":[{\"@type\":\"Organization\",\"@id\":\"https:\/\/italglasscostruzioni.com\/en\/#organization\",\"name\":\"Ital Glass Costruzioni\",\"url\":\"https:\/\/italglasscostruzioni.com\/en\/\",\"sameAs\":[\"https:\/\/www.facebook.com\/profile.php?id=61562434582354\"],\"logo\":{\"@type\":\"ImageObject\",\"@id\":\"https:\/\/italglasscostruzioni.com\/en\/#logo\",\"inLanguage\":\"en-US\",\"url\":\"https:\/\/italglasscostruzioni.com\/wp-content\/uploads\/2024\/07\/Logo-Ital-Glass-Costruzioni-vertical-01.png\",\"width\":4168,\"height\":2084,\"caption\":\"Ital Glass Costruzioni\"},\"image\":{\"@id\":\"https:\/\/italglasscostruzioni.com\/en\/#logo\"}},{\"@type\":\"WebSite\",\"@id\":\"https:\/\/italglasscostruzioni.com\/en\/#website\",\"url\":\"https:\/\/italglasscostruzioni.com\/en\/\",\"name\":\"Ital Glass Costruzioni\",\"description\":\"Il partner ideale in PVC Glass Costruzioni!\",\"publisher\":{\"@id\":\"https:\/\/italglasscostruzioni.com\/en\/#organization\"},\"potentialAction\":[{\"@type\":\"SearchAction\",\"target\":\"https:\/\/italglasscostruzioni.com\/en\/?s={search_term_string}\",\"query-input\":\"required name=search_term_string\"}],\"inLanguage\":\"en-US\"},{\"@type\":\"ImageObject\",\"@id\":\"https:\/\/italglasscostruzioni.com\/en\/products\/book-verandas\/#primaryimage\",\"inLanguage\":\"en-US\",\"url\":\"https:\/\/italglasscostruzioni.com\/wp-content\/uploads\/2024\/07\/Smartia-M19800.jpg\",\"width\":1000,\"height\":1000},{\"@type\":\"WebPage\",\"@id\":\"https:\/\/italglasscostruzioni.com\/en\/products\/book-verandas\/#webpage\",\"url\":\"https:\/\/italglasscostruzioni.com\/en\/products\/book-verandas\/\",\"name\":\"Folding Verandas \\u2013 Elegant Solutions for Any Environment\",\"isPartOf\":{\"@id\":\"https:\/\/italglasscostruzioni.com\/en\/#website\"},\"primaryImageOfPage\":{\"@id\":\"https:\/\/italglasscostruzioni.com\/en\/products\/book-verandas\/#primaryimage\"},\"datePublished\":\"2024-07-17T15:46:07+00:00\",\"dateModified\":\"2025-06-24T10:32:02+00:00\",\"description\":\"Choose folding verandas \\u2013 modern design, quality materials, and maximum functionality for residential and commercial environments.\",\"breadcrumb\":{\"@id\":\"https:\/\/italglasscostruzioni.com\/en\/products\/book-verandas\/#breadcrumb\"},\"inLanguage\":\"en-US\",\"potentialAction\":[{\"@type\":\"ReadAction\",\"target\":[\"https:\/\/italglasscostruzioni.com\/en\/products\/book-verandas\/\"]}]},{\"@type\":\"BreadcrumbList\",\"@id\":\"https:\/\/italglasscostruzioni.com\/en\/products\/book-verandas\/#breadcrumb\",\"itemListElement\":[{\"@type\":\"ListItem\",\"position\":1,\"item\":{\"@type\":\"WebPage\",\"@id\":\"https:\/\/italglasscostruzioni.com\/en\/\",\"url\":\"https:\/\/italglasscostruzioni.com\/en\/\",\"name\":\"Home\"}},{\"@type\":\"ListItem\",\"position\":2,\"item\":{\"@type\":\"WebPage\",\"@id\":\"https:\/\/italglasscostruzioni.com\/en\/products\/\",\"url\":\"https:\/\/italglasscostruzioni.com\/en\/products\/\",\"name\":\"Products\"}},{\"@type\":\"ListItem\",\"position\":3,\"item\":{\"@type\":\"WebPage\",\"@id\":\"https:\/\/italglasscostruzioni.com\/en\/products\/book-verandas\/\",\"url\":\"https:\/\/italglasscostruzioni.com\/en\/products\/book-verandas\/\",\"name\":\"Book Verandas\"}}]}]}<\/script>\n<!-- \/ Yoast SEO Premium plugin. -->","_links":{"self":[{"href":"https:\/\/italglasscostruzioni.com\/en\/wp-json\/wp\/v2\/pages\/14850","targetHints":{"allow":["GET"]}}],"collection":[{"href":"https:\/\/italglasscostruzioni.com\/en\/wp-json\/wp\/v2\/pages"}],"about":[{"href":"https:\/\/italglasscostruzioni.com\/en\/wp-json\/wp\/v2\/types\/page"}],"author":[{"embeddable":true,"href":"https:\/\/italglasscostruzioni.com\/en\/wp-json\/wp\/v2\/users\/1"}],"replies":[{"embeddable":true,"href":"https:\/\/italglasscostruzioni.com\/en\/wp-json\/wp\/v2\/comments?post=14850"}],"version-history":[{"count":9,"href":"https:\/\/italglasscostruzioni.com\/en\/wp-json\/wp\/v2\/pages\/14850\/revisions"}],"predecessor-version":[{"id":17245,"href":"https:\/\/italglasscostruzioni.com\/en\/wp-json\/wp\/v2\/pages\/14850\/revisions\/17245"}],"up":[{"embeddable":true,"href":"https:\/\/italglasscostruzioni.com\/en\/wp-json\/wp\/v2\/pages\/14796"}],"wp:attachment":[{"href":"https:\/\/italglasscostruzioni.com\/en\/wp-json\/wp\/v2\/media?parent=14850"}],"curies":[{"name":"wp","href":"https:\/\/api.w.org\/{rel}","templated":true}]}}