{"id":14808,"date":"2024-07-17T12:42:53","date_gmt":"2024-07-17T11:42:53","guid":{"rendered":"https:\/\/italglasscostruzioni.com\/prodotti\/facciate\/"},"modified":"2025-06-24T11:35:17","modified_gmt":"2025-06-24T10:35:17","slug":"facades","status":"publish","type":"page","link":"https:\/\/italglasscostruzioni.com\/en\/products\/facades\/","title":{"rendered":"Facades"},"content":{"rendered":"\t\t<div data-elementor-type=\"wp-post\" data-elementor-id=\"14808\" class=\"elementor elementor-14808 elementor-14174\">\n\t\t\t\t<div class=\"elementor-element elementor-element-092e6ec e-flex e-con-boxed e-con e-parent\" data-id=\"092e6ec\" data-element_type=\"container\">\n\t\t\t\t\t<div class=\"e-con-inner\">\n\t\t\t\t<div class=\"elementor-element elementor-element-e63a7ab elementor-widget elementor-widget-gva-services\" data-id=\"e63a7ab\" data-element_type=\"widget\" data-widget_type=\"gva-services.default\">\n\t\t\t\t<div class=\"elementor-widget-container\">\n\t\t\t<div class=\"gva-element-gva-services gva-element\">  \r\n  <div class=\"gva-services-grid clearfix gva-services\">\r\n      <div class=\"gva-content-items\"> \r\n        <div class=\"lg-block-grid-3 md-block-grid-3 sm-block-grid-2 xs-block-grid-1 xx-block-grid-1\">\r\n          <div class=\"item-columns\"><div class=\"item\">\r\n   <div class=\"service-item-v2\">     \r\n      \r\n      <div class=\"service-image\">\r\n         <img fetchpriority=\"high\" decoding=\"async\" width=\"600\" height=\"455\" src=\"https:\/\/italglasscostruzioni.com\/wp-content\/uploads\/2024\/07\/Smartia-M6-600x455.jpg\" class=\"attachment-post-thumbnail size-post-thumbnail wp-post-image\" alt=\"\" \/>               <\/div>   \r\n\r\n      <div class=\"service-content\">\r\n         <div class=\"content-inner\">\r\n            <h3 class=\"title\">\r\n               <a href=\"https:\/\/italglasscostruzioni.com\/en\/prodotti-italglass\/smartia-m6\/\">Smartia M6<\/a>\r\n            <\/h3>\r\n            <div class=\"desc\">Smartia M6 is a complete insulated partition wall system that is ideal for robust constructions and<\/div> \r\n            <div class=\"readmore\">\r\n               <a class=\"btn-inline\" href=\"https:\/\/italglasscostruzioni.com\/en\/prodotti-italglass\/smartia-m6\/\"><span>Read More<\/span><\/a>\r\n            <\/div>\r\n         <\/div>    \r\n      <\/div>\r\n   <\/div>\r\n<\/div><\/div><div class=\"item-columns\"><div class=\"item\">\r\n   <div class=\"service-item-v2\">     \r\n      \r\n      <div class=\"service-image\">\r\n         <img decoding=\"async\" width=\"600\" height=\"455\" src=\"https:\/\/italglasscostruzioni.com\/wp-content\/uploads\/2024\/09\/Smartia-M11000-600x455.jpg\" class=\"attachment-post-thumbnail size-post-thumbnail wp-post-image\" alt=\"\" \/>               <\/div>   \r\n\r\n      <div class=\"service-content\">\r\n         <div class=\"content-inner\">\r\n            <h3 class=\"title\">\r\n               <a href=\"https:\/\/italglasscostruzioni.com\/en\/prodotti-italglass\/smartia-m1-1000\/\">Smartia M1 1000<\/a>\r\n            <\/h3>\r\n            <div class=\"desc\">SMARTIA M11000 is a thermally insulated tilt-and-turn opening system capable of satisfying any aesthetic requirement thanks<\/div> \r\n            <div class=\"readmore\">\r\n               <a class=\"btn-inline\" href=\"https:\/\/italglasscostruzioni.com\/en\/prodotti-italglass\/smartia-m1-1000\/\"><span>Read More<\/span><\/a>\r\n            <\/div>\r\n         <\/div>    \r\n      <\/div>\r\n   <\/div>\r\n<\/div><\/div><div class=\"item-columns\"><div class=\"item\">\r\n   <div class=\"service-item-v2\">     \r\n      \r\n      <div class=\"service-image\">\r\n         <img decoding=\"async\" width=\"600\" height=\"455\" src=\"https:\/\/italglasscostruzioni.com\/wp-content\/uploads\/2024\/09\/Smartia-M35-600x455.jpg\" class=\"attachment-post-thumbnail size-post-thumbnail wp-post-image\" alt=\"\" \/>               <\/div>   \r\n\r\n      <div class=\"service-content\">\r\n         <div class=\"content-inner\">\r\n            <h3 class=\"title\">\r\n               <a href=\"https:\/\/italglasscostruzioni.com\/en\/prodotti-italglass\/smartia-m35\/\">Smartia M35<\/a>\r\n            <\/h3>\r\n            <div class=\"desc\">SMARTIA M35 is a curtain wall system that combines aesthetics and high performance. The minimal design<\/div> \r\n            <div class=\"readmore\">\r\n               <a class=\"btn-inline\" href=\"https:\/\/italglasscostruzioni.com\/en\/prodotti-italglass\/smartia-m35\/\"><span>Read More<\/span><\/a>\r\n            <\/div>\r\n         <\/div>    \r\n      <\/div>\r\n   <\/div>\r\n<\/div><\/div><div class=\"item-columns\"><div class=\"item\">\r\n   <div class=\"service-item-v2\">     \r\n      \r\n      <div class=\"service-image\">\r\n         <img loading=\"lazy\" decoding=\"async\" width=\"600\" height=\"455\" src=\"https:\/\/italglasscostruzioni.com\/wp-content\/uploads\/2024\/09\/Smartia-M7-600x455.jpg\" class=\"attachment-post-thumbnail size-post-thumbnail wp-post-image\" alt=\"\" \/>               <\/div>   \r\n\r\n      <div class=\"service-content\">\r\n         <div class=\"content-inner\">\r\n            <h3 class=\"title\">\r\n               <a href=\"https:\/\/italglasscostruzioni.com\/en\/prodotti-italglass\/smartia-m7\/\">Smartia M7<\/a>\r\n            <\/h3>\r\n            <div class=\"desc\">M7 is an energy-efficient thermal insulation system for curtain walls that offers quality structures with an<\/div> \r\n            <div class=\"readmore\">\r\n               <a class=\"btn-inline\" href=\"https:\/\/italglasscostruzioni.com\/en\/prodotti-italglass\/smartia-m7\/\"><span>Read More<\/span><\/a>\r\n            <\/div>\r\n         <\/div>    \r\n      <\/div>\r\n   <\/div>\r\n<\/div><\/div><div class=\"item-columns\"><div class=\"item\">\r\n   <div class=\"service-item-v2\">     \r\n      \r\n      <div class=\"service-image\">\r\n         <img loading=\"lazy\" decoding=\"async\" width=\"600\" height=\"455\" src=\"https:\/\/italglasscostruzioni.com\/wp-content\/uploads\/2024\/09\/Smartia-M10800-600x455.jpg\" class=\"attachment-post-thumbnail size-post-thumbnail wp-post-image\" alt=\"\" \/>               <\/div>   \r\n\r\n      <div class=\"service-content\">\r\n         <div class=\"content-inner\">\r\n            <h3 class=\"title\">\r\n               <a href=\"https:\/\/italglasscostruzioni.com\/en\/prodotti-italglass\/smartia-m10800\/\">Smartia M10800<\/a>\r\n            <\/h3>\r\n            <div class=\"desc\">SMARTIA M10800 is a complete insulated system for atriums, ideal for robust constructions and able to<\/div> \r\n            <div class=\"readmore\">\r\n               <a class=\"btn-inline\" href=\"https:\/\/italglasscostruzioni.com\/en\/prodotti-italglass\/smartia-m10800\/\"><span>Read More<\/span><\/a>\r\n            <\/div>\r\n         <\/div>    \r\n      <\/div>\r\n   <\/div>\r\n<\/div><\/div>        <\/div>\r\n      <\/div>\r\n        <\/div>\r\n  <\/div>\t\t<\/div>\n\t\t\t\t<\/div>\n\t\t\t\t\t<\/div>\n\t\t\t\t<\/div>\n\t\t\t\t<section class=\"elementor-section elementor-top-section elementor-element elementor-element-6db08f0a elementor-section-boxed elementor-section-height-default elementor-section-height-default arrow_1_x_top arrow_1_y_left arrow_2_x_bottom arrow_2_y_right\" data-id=\"6db08f0a\" data-element_type=\"section\" data-settings=\"{&quot;background_background&quot;:&quot;classic&quot;}\">\n\t\t\t\t\t\t<div class=\"elementor-container elementor-column-gap-default\">\n\t\t\t\t\t<div class=\"elementor-column elementor-col-100 elementor-top-column elementor-element elementor-element-72911550 top column-style-top\" data-id=\"72911550\" data-element_type=\"column\">\n\t\t\t<div class=\"elementor-widget-wrap elementor-element-populated\">\n\t\t\t\t\t\t<div class=\"elementor-element elementor-element-748e75f elementor-widget elementor-widget-gva-heading-block\" data-id=\"748e75f\" data-element_type=\"widget\" data-widget_type=\"gva-heading-block.default\">\n\t\t\t\t<div class=\"elementor-widget-container\">\n\t\t\t<div class=\"gva-element-gva-heading-block gva-element\">   <div class=\"align-center style-1 widget gsc-heading box-align-left\">\r\n      <div class=\"content-inner\">\r\n         \r\n                     <div class=\"heading-icon\"><img decoding=\"async\" src=\"https:\/\/italglasscostruzioni.com\/wp-content\/uploads\/2023\/12\/Icon-Ital-Glass-Costruzioni.png\" alt=\"Ital Glass Costruzioni\"\/><\/div>\r\n                  \r\n                     <div class=\"clearfix\"><div class=\"sub-title\"><span>The ideal partner!<\/span><\/div><\/div>\r\n           \r\n         \r\n                     <h2 class=\"title\">\r\n               <span>Ital Glass Costruzioni<\/span>\r\n            <\/h2>\r\n                              <div class=\"title-desc\">20 years of experience and professionalism in Albania, Italy and all the Europe.<\/div>\r\n         \r\n         \r\n      <\/div>\r\n   <\/div>\r\n   <div class=\"clearfix\"><\/div>\r\n<\/div>\t\t<\/div>\n\t\t\t\t<\/div>\n\t\t\t\t\t<\/div>\n\t\t<\/div>\n\t\t\t\t\t<\/div>\n\t\t<\/section>\n\t\t\t\t<section class=\"elementor-section elementor-top-section elementor-element elementor-element-41ae21a5 elementor-section-boxed elementor-section-height-default elementor-section-height-default\" data-id=\"41ae21a5\" data-element_type=\"section\" data-settings=\"{&quot;background_background&quot;:&quot;classic&quot;}\">\n\t\t\t\t\t\t<div class=\"elementor-container elementor-column-gap-default\">\n\t\t\t\t\t<div class=\"elementor-column elementor-col-100 elementor-top-column elementor-element elementor-element-56b2effc top column-style-top\" data-id=\"56b2effc\" data-element_type=\"column\">\n\t\t\t<div class=\"elementor-widget-wrap elementor-element-populated\">\n\t\t\t\t\t\t<section class=\"elementor-section elementor-inner-section elementor-element elementor-element-7d9aef1c elementor-section-boxed elementor-section-height-default elementor-section-height-default\" data-id=\"7d9aef1c\" data-element_type=\"section\">\n\t\t\t\t\t\t<div class=\"elementor-container elementor-column-gap-default\">\n\t\t\t\t\t<div class=\"elementor-column elementor-col-100 elementor-inner-column elementor-element elementor-element-51f932e9 top column-style-top\" data-id=\"51f932e9\" data-element_type=\"column\">\n\t\t\t<div class=\"elementor-widget-wrap elementor-element-populated\">\n\t\t\t\t\t\t<div class=\"elementor-element elementor-element-38284baf elementor-widget elementor-widget-gva-heading-block\" data-id=\"38284baf\" data-element_type=\"widget\" data-widget_type=\"gva-heading-block.default\">\n\t\t\t\t<div class=\"elementor-widget-container\">\n\t\t\t<div class=\"gva-element-gva-heading-block gva-element\">   <div class=\"align-left style-1 widget gsc-heading box-align-left\">\r\n      <div class=\"content-inner\">\r\n         \r\n                  \r\n           \r\n         \r\n                     <h2 class=\"title\">\r\n               <span>Why to choose Ital Glass Costruzioni PVC products?<\/span>\r\n            <\/h2>\r\n                  \r\n         \r\n      <\/div>\r\n   <\/div>\r\n   <div class=\"clearfix\"><\/div>\r\n<\/div>\t\t<\/div>\n\t\t\t\t<\/div>\n\t\t\t\t<div class=\"elementor-element elementor-element-8dcdcb2 elementor-widget elementor-widget-gva-text-arrow\" data-id=\"8dcdcb2\" data-element_type=\"widget\" data-widget_type=\"gva-text-arrow.default\">\n\t\t\t\t<div class=\"elementor-widget-container\">\n\t\t\t<div class=\"gva-element-gva-text-arrow gva-element\">\r\n<div class=\"gva-text-arrow style-1\">\r\n   <div class=\"content-inner\">\r\n      <h3 class=\"title\">\r\n                                 <span>Class A quality<\/span>\r\n                <\/h3>\r\n               <div class=\"descrption\"><p style=\"text-align: justify;\">All products have the necessary certificates and can be used in all areas regardless of weather conditions. PVC products are eco-friendly, long-lasting and guarantee thermal and acoustic isolation. Elite products that anyone can access.<\/div>\r\n         <\/div>   \r\n<\/div>\r\n<\/div>\t\t<\/div>\n\t\t\t\t<\/div>\n\t\t\t\t<div class=\"elementor-element elementor-element-6831b973 elementor-widget elementor-widget-gva-text-arrow\" data-id=\"6831b973\" data-element_type=\"widget\" data-widget_type=\"gva-text-arrow.default\">\n\t\t\t\t<div class=\"elementor-widget-container\">\n\t\t\t<div class=\"gva-element-gva-text-arrow gva-element\">\r\n<div class=\"gva-text-arrow style-1\">\r\n   <div class=\"content-inner\">\r\n      <h3 class=\"title\">\r\n                                 <span>PVC: the ideal material for modern window frames<\/span>\r\n                <\/h3>\r\n               <div class=\"descrption\"><p style=\"text-align: justify;\">We use latest PVC material, which offers important advantages not only economically but also ecologically. The PVC material is extremely durable, thanks to its exceptional weather resistance and durability.<\/div>\r\n         <\/div>   \r\n<\/div>\r\n<\/div>\t\t<\/div>\n\t\t\t\t<\/div>\n\t\t\t\t<div class=\"elementor-element elementor-element-4b6f070b elementor-widget elementor-widget-gva-text-arrow\" data-id=\"4b6f070b\" data-element_type=\"widget\" data-widget_type=\"gva-text-arrow.default\">\n\t\t\t\t<div class=\"elementor-widget-container\">\n\t\t\t<div class=\"gva-element-gva-text-arrow gva-element\">\r\n<div class=\"gva-text-arrow style-1\">\r\n   <div class=\"content-inner\">\r\n      <h3 class=\"title\">\r\n                                 <span>Thermal insulation<\/span>\r\n                <\/h3>\r\n               <div class=\"descrption\"><p style=\"text-align: justify;\">When it comes to the thermal insulation of a building, windows and doors are the most important factor. By using high-quality thermal glazing, double or triple glazing, optimal results can be achieved. Thermal insulation systems reduce heating costs and provide maximum protection and safety.<\/div>\r\n         <\/div>   \r\n<\/div>\r\n<\/div>\t\t<\/div>\n\t\t\t\t<\/div>\n\t\t\t\t<div class=\"elementor-element elementor-element-7f8c01a5 elementor-widget elementor-widget-gva-text-arrow\" data-id=\"7f8c01a5\" data-element_type=\"widget\" data-widget_type=\"gva-text-arrow.default\">\n\t\t\t\t<div class=\"elementor-widget-container\">\n\t\t\t<div class=\"gva-element-gva-text-arrow gva-element\">\r\n<div class=\"gva-text-arrow style-1\">\r\n   <div class=\"content-inner\">\r\n      <h3 class=\"title\">\r\n                                 <span>Acoustic insulation<\/span>\r\n                <\/h3>\r\n               <div class=\"descrption\"><p style=\"text-align: justify;\">Adequate noise protection contributes to a better quality of life. The special glass we use has excellent insulation properties. Depending on the intensity of the noise, there are further optimization options such as cassette windows.<\/div>\r\n         <\/div>   \r\n<\/div>\r\n<\/div>\t\t<\/div>\n\t\t\t\t<\/div>\n\t\t\t\t<div class=\"elementor-element elementor-element-3fe86af3 elementor-widget elementor-widget-gva-text-arrow\" data-id=\"3fe86af3\" data-element_type=\"widget\" data-widget_type=\"gva-text-arrow.default\">\n\t\t\t\t<div class=\"elementor-widget-container\">\n\t\t\t<div class=\"gva-element-gva-text-arrow gva-element\">\r\n<div class=\"gva-text-arrow style-1\">\r\n   <div class=\"content-inner\">\r\n      <h3 class=\"title\">\r\n                                 <span>Maintenance and longevity<\/span>\r\n                <\/h3>\r\n               <div class=\"descrption\"><p style=\"text-align: justify;\">PVC profiles are manufactured from high-quality, reliable and durable materials. Thanks to special production technology and continuous quality control, a high level of stability and durability is achieved even under extreme climatic conditions. Cleaning the PVC profiles is quite easy due to their flat surface; just clean it with a mild detergent and water.<\/div>\r\n         <\/div>   \r\n<\/div>\r\n<\/div>\t\t<\/div>\n\t\t\t\t<\/div>\n\t\t\t\t<div class=\"elementor-element elementor-element-2c89db29 elementor-widget elementor-widget-gva-text-arrow\" data-id=\"2c89db29\" data-element_type=\"widget\" data-widget_type=\"gva-text-arrow.default\">\n\t\t\t\t<div class=\"elementor-widget-container\">\n\t\t\t<div class=\"gva-element-gva-text-arrow gva-element\">\r\n<div class=\"gva-text-arrow style-1\">\r\n   <div class=\"content-inner\">\r\n      <h3 class=\"title\">\r\n                                 <span>Eco-compatibile<\/span>\r\n                <\/h3>\r\n               <div class=\"descrption\"><p style=\"text-align: justify;\">PVC materials are environmentally friendly and offer great recycling benefits. Pure PVC without any loss of quality can be reused in the production of new profiles. Old construction elements become valuable raw materials.<\/div>\r\n         <\/div>   \r\n<\/div>\r\n<\/div>\t\t<\/div>\n\t\t\t\t<\/div>\n\t\t\t\t\t<\/div>\n\t\t<\/div>\n\t\t\t\t\t<\/div>\n\t\t<\/section>\n\t\t\t\t\t<\/div>\n\t\t<\/div>\n\t\t\t\t\t<\/div>\n\t\t<\/section>\n\t\t\t\t<\/div>\n\t\t","protected":false},"excerpt":{"rendered":"<p>Smartia M6 Smartia M6 \u00ebsht\u00eb nj\u00eb sistem i plot\u00eb i mureve ndar\u00ebse t\u00eb izoluar, ideal p\u00ebr nd\u00ebrtime t\u00eb Read More Smartia M1 1000 SMARTIA M11000 \u00ebsht\u00eb nj\u00eb sistem i izoluar termikisht me hapje dhe rrotullim, i aft\u00eb p\u00ebr t\u00eb Read More Smartia M35 SMARTIA M35 \u00ebsht\u00eb nj\u00eb sistem fasade q\u00eb kombinon estetik\u00ebn dhe performanc\u00ebn e [&hellip;]<\/p>\n","protected":false},"author":1,"featured_media":0,"parent":14796,"menu_order":0,"comment_status":"closed","ping_status":"closed","template":"","meta":{"footnotes":""},"class_list":["post-14808","page","type-page","status-publish","hentry"],"yoast_head":"<!-- This site is optimized with the Yoast SEO Premium plugin v14.9 - https:\/\/yoast.com\/wordpress\/plugins\/seo\/ -->\n<title>Modern glass facade \u2013 Design, light and functionality<\/title>\n<meta name=\"description\" content=\"Italglass Costruzioni offers glass facades with advanced technology, thermal insulation and modern aesthetics for residential and commercial buildings.\" \/>\n<meta name=\"robots\" content=\"index, follow, max-snippet:-1, max-image-preview:large, max-video-preview:-1\" \/>\n<link rel=\"canonical\" href=\"https:\/\/italglasscostruzioni.com\/en\/products\/facades\/\" \/>\n<meta property=\"og:locale\" content=\"en_US\" \/>\n<meta property=\"og:type\" content=\"article\" \/>\n<meta property=\"og:title\" content=\"Modern glass facade \u2013 Design, light and functionality\" \/>\n<meta property=\"og:description\" content=\"Italglass Costruzioni offers glass facades with advanced technology, thermal insulation and modern aesthetics for residential and commercial buildings.\" \/>\n<meta property=\"og:url\" content=\"https:\/\/italglasscostruzioni.com\/en\/products\/facades\/\" \/>\n<meta property=\"og:site_name\" content=\"Ital Glass Costruzioni\" \/>\n<meta property=\"article:publisher\" content=\"https:\/\/www.facebook.com\/profile.php?id=61562434582354\" \/>\n<meta property=\"article:modified_time\" content=\"2025-06-24T10:35:17+00:00\" \/>\n<meta property=\"og:image\" content=\"https:\/\/italglasscostruzioni.com\/wp-content\/uploads\/2024\/07\/Smartia-M6-600x455.jpg\" \/>\n<meta name=\"twitter:card\" content=\"summary_large_image\" \/>\n<script type=\"application\/ld+json\" class=\"yoast-schema-graph\">{\"@context\":\"https:\/\/schema.org\",\"@graph\":[{\"@type\":\"Organization\",\"@id\":\"https:\/\/italglasscostruzioni.com\/en\/#organization\",\"name\":\"Ital Glass Costruzioni\",\"url\":\"https:\/\/italglasscostruzioni.com\/en\/\",\"sameAs\":[\"https:\/\/www.facebook.com\/profile.php?id=61562434582354\"],\"logo\":{\"@type\":\"ImageObject\",\"@id\":\"https:\/\/italglasscostruzioni.com\/en\/#logo\",\"inLanguage\":\"en-US\",\"url\":\"https:\/\/italglasscostruzioni.com\/wp-content\/uploads\/2024\/07\/Logo-Ital-Glass-Costruzioni-vertical-01.png\",\"width\":4168,\"height\":2084,\"caption\":\"Ital Glass Costruzioni\"},\"image\":{\"@id\":\"https:\/\/italglasscostruzioni.com\/en\/#logo\"}},{\"@type\":\"WebSite\",\"@id\":\"https:\/\/italglasscostruzioni.com\/en\/#website\",\"url\":\"https:\/\/italglasscostruzioni.com\/en\/\",\"name\":\"Ital Glass Costruzioni\",\"description\":\"Il partner ideale in PVC Glass Costruzioni!\",\"publisher\":{\"@id\":\"https:\/\/italglasscostruzioni.com\/en\/#organization\"},\"potentialAction\":[{\"@type\":\"SearchAction\",\"target\":\"https:\/\/italglasscostruzioni.com\/en\/?s={search_term_string}\",\"query-input\":\"required name=search_term_string\"}],\"inLanguage\":\"en-US\"},{\"@type\":\"ImageObject\",\"@id\":\"https:\/\/italglasscostruzioni.com\/en\/products\/facades\/#primaryimage\",\"inLanguage\":\"en-US\",\"url\":\"https:\/\/italglasscostruzioni.com\/wp-content\/uploads\/2024\/07\/Smartia-M6.jpg\",\"width\":1000,\"height\":1000},{\"@type\":\"WebPage\",\"@id\":\"https:\/\/italglasscostruzioni.com\/en\/products\/facades\/#webpage\",\"url\":\"https:\/\/italglasscostruzioni.com\/en\/products\/facades\/\",\"name\":\"Modern glass facade \\u2013 Design, light and functionality\",\"isPartOf\":{\"@id\":\"https:\/\/italglasscostruzioni.com\/en\/#website\"},\"primaryImageOfPage\":{\"@id\":\"https:\/\/italglasscostruzioni.com\/en\/products\/facades\/#primaryimage\"},\"datePublished\":\"2024-07-17T11:42:53+00:00\",\"dateModified\":\"2025-06-24T10:35:17+00:00\",\"description\":\"Italglass Costruzioni offers glass facades with advanced technology, thermal insulation and modern aesthetics for residential and commercial buildings.\",\"breadcrumb\":{\"@id\":\"https:\/\/italglasscostruzioni.com\/en\/products\/facades\/#breadcrumb\"},\"inLanguage\":\"en-US\",\"potentialAction\":[{\"@type\":\"ReadAction\",\"target\":[\"https:\/\/italglasscostruzioni.com\/en\/products\/facades\/\"]}]},{\"@type\":\"BreadcrumbList\",\"@id\":\"https:\/\/italglasscostruzioni.com\/en\/products\/facades\/#breadcrumb\",\"itemListElement\":[{\"@type\":\"ListItem\",\"position\":1,\"item\":{\"@type\":\"WebPage\",\"@id\":\"https:\/\/italglasscostruzioni.com\/en\/\",\"url\":\"https:\/\/italglasscostruzioni.com\/en\/\",\"name\":\"Home\"}},{\"@type\":\"ListItem\",\"position\":2,\"item\":{\"@type\":\"WebPage\",\"@id\":\"https:\/\/italglasscostruzioni.com\/en\/products\/\",\"url\":\"https:\/\/italglasscostruzioni.com\/en\/products\/\",\"name\":\"Products\"}},{\"@type\":\"ListItem\",\"position\":3,\"item\":{\"@type\":\"WebPage\",\"@id\":\"https:\/\/italglasscostruzioni.com\/en\/products\/facades\/\",\"url\":\"https:\/\/italglasscostruzioni.com\/en\/products\/facades\/\",\"name\":\"Facades\"}}]}]}<\/script>\n<!-- \/ Yoast SEO Premium plugin. -->","_links":{"self":[{"href":"https:\/\/italglasscostruzioni.com\/en\/wp-json\/wp\/v2\/pages\/14808","targetHints":{"allow":["GET"]}}],"collection":[{"href":"https:\/\/italglasscostruzioni.com\/en\/wp-json\/wp\/v2\/pages"}],"about":[{"href":"https:\/\/italglasscostruzioni.com\/en\/wp-json\/wp\/v2\/types\/page"}],"author":[{"embeddable":true,"href":"https:\/\/italglasscostruzioni.com\/en\/wp-json\/wp\/v2\/users\/1"}],"replies":[{"embeddable":true,"href":"https:\/\/italglasscostruzioni.com\/en\/wp-json\/wp\/v2\/comments?post=14808"}],"version-history":[{"count":9,"href":"https:\/\/italglasscostruzioni.com\/en\/wp-json\/wp\/v2\/pages\/14808\/revisions"}],"predecessor-version":[{"id":17246,"href":"https:\/\/italglasscostruzioni.com\/en\/wp-json\/wp\/v2\/pages\/14808\/revisions\/17246"}],"up":[{"embeddable":true,"href":"https:\/\/italglasscostruzioni.com\/en\/wp-json\/wp\/v2\/pages\/14796"}],"wp:attachment":[{"href":"https:\/\/italglasscostruzioni.com\/en\/wp-json\/wp\/v2\/media?parent=14808"}],"curies":[{"name":"wp","href":"https:\/\/api.w.org\/{rel}","templated":true}]}}