{"id":14843,"date":"2024-07-17T16:46:07","date_gmt":"2024-07-17T15:46:07","guid":{"rendered":"https:\/\/italglasscostruzioni.com\/prodotti\/verande-a-libro\/"},"modified":"2025-09-16T14:08:48","modified_gmt":"2025-09-16T13:08:48","slug":"buchfoermige-veranden","status":"publish","type":"page","link":"https:\/\/italglasscostruzioni.com\/de\/produkte\/buchfoermige-veranden\/","title":{"rendered":"Buchf\u00f6rmige Veranden"},"content":{"rendered":"\t\t<div data-elementor-type=\"wp-post\" data-elementor-id=\"14843\" class=\"elementor elementor-14843 elementor-14239\">\n\t\t\t\t<div class=\"elementor-element elementor-element-092e6ec e-flex e-con-boxed e-con e-parent\" data-id=\"092e6ec\" data-element_type=\"container\">\n\t\t\t\t\t<div class=\"e-con-inner\">\n\t\t\t\t<div class=\"elementor-element elementor-element-e63a7ab elementor-widget elementor-widget-gva-services\" data-id=\"e63a7ab\" data-element_type=\"widget\" data-widget_type=\"gva-services.default\">\n\t\t\t\t<div class=\"elementor-widget-container\">\n\t\t\t<div class=\"gva-element-gva-services gva-element\">  \r\n  <div class=\"gva-services-grid clearfix gva-services\">\r\n      <div class=\"gva-content-items\"> \r\n        <div class=\"lg-block-grid-3 md-block-grid-3 sm-block-grid-2 xs-block-grid-1 xx-block-grid-1\">\r\n          <div class=\"item-columns\"><div class=\"item\">\r\n   <div class=\"service-item-v2\">     \r\n      \r\n      <div class=\"service-image\">\r\n         <img fetchpriority=\"high\" decoding=\"async\" width=\"600\" height=\"455\" src=\"https:\/\/italglasscostruzioni.com\/wp-content\/uploads\/2024\/07\/Smartia-M19800-600x455.jpg\" class=\"attachment-post-thumbnail size-post-thumbnail wp-post-image\" alt=\"\" \/>               <\/div>   \r\n\r\n      <div class=\"service-content\">\r\n         <div class=\"content-inner\">\r\n            <h3 class=\"title\">\r\n               <a href=\"https:\/\/italglasscostruzioni.com\/de\/prodotti-italglass\/smartia-m19800\/\">Smartia M19800<\/a>\r\n            <\/h3>\r\n            <div class=\"desc\">System f\u00fcr H\u00e4nget\u00fcren. Scharnier mit Lager. Verschiedene Arten von Bodenf\u00fchrungen. Der letzte Fl\u00fcgel kann als innen\/au\u00dfen<\/div> \r\n            <div class=\"readmore\">\r\n               <a class=\"btn-inline\" href=\"https:\/\/italglasscostruzioni.com\/de\/prodotti-italglass\/smartia-m19800\/\"><span>Read More<\/span><\/a>\r\n            <\/div>\r\n         <\/div>    \r\n      <\/div>\r\n   <\/div>\r\n<\/div><\/div><div class=\"item-columns\"><div class=\"item\">\r\n   <div class=\"service-item-v2\">     \r\n      \r\n      <div class=\"service-image\">\r\n         <img decoding=\"async\" width=\"600\" height=\"455\" src=\"https:\/\/italglasscostruzioni.com\/wp-content\/uploads\/2024\/07\/Supreme-SF85-600x455.jpg\" class=\"attachment-post-thumbnail size-post-thumbnail wp-post-image\" alt=\"\" \/>               <\/div>   \r\n\r\n      <div class=\"service-content\">\r\n         <div class=\"content-inner\">\r\n            <h3 class=\"title\">\r\n               <a href=\"https:\/\/italglasscostruzioni.com\/de\/prodotti-italglass\/supreme-sf85\/\">Supreme SF85<\/a>\r\n            <\/h3>\r\n            <div class=\"desc\">Supreme SF85 ist ein au\u00dfergew\u00f6hnliches, faltbares Wintergartensystem mit minimalen Profilen, bemerkenswerter W\u00e4rmed\u00e4mmung und der M\u00f6glichkeit, gro\u00dfe<\/div> \r\n            <div class=\"readmore\">\r\n               <a class=\"btn-inline\" href=\"https:\/\/italglasscostruzioni.com\/de\/prodotti-italglass\/supreme-sf85\/\"><span>Read More<\/span><\/a>\r\n            <\/div>\r\n         <\/div>    \r\n      <\/div>\r\n   <\/div>\r\n<\/div><\/div><div class=\"item-columns\"><div class=\"item\">\r\n   <div class=\"service-item-v2\">     \r\n      \r\n      <div class=\"service-image\">\r\n         <img decoding=\"async\" width=\"600\" height=\"455\" src=\"https:\/\/italglasscostruzioni.com\/wp-content\/uploads\/2024\/09\/Smartia-MF65-2-600x455.jpg\" class=\"attachment-post-thumbnail size-post-thumbnail wp-post-image\" alt=\"\" \/>               <\/div>   \r\n\r\n      <div class=\"service-content\">\r\n         <div class=\"content-inner\">\r\n            <h3 class=\"title\">\r\n               <a href=\"https:\/\/italglasscostruzioni.com\/de\/prodotti-italglass\/smartia-mf65\/\">Smartia MF65<\/a>\r\n            <\/h3>\r\n            <div class=\"desc\">SMARTIA MF65 ist ein thermisch getrenntes System f\u00fcr Faltt\u00fcren mit minimalistischem Design und unauff\u00e4lligem Aluminium, das<\/div> \r\n            <div class=\"readmore\">\r\n               <a class=\"btn-inline\" href=\"https:\/\/italglasscostruzioni.com\/de\/prodotti-italglass\/smartia-mf65\/\"><span>Read More<\/span><\/a>\r\n            <\/div>\r\n         <\/div>    \r\n      <\/div>\r\n   <\/div>\r\n<\/div><\/div>        <\/div>\r\n      <\/div>\r\n        <\/div>\r\n  <\/div>\t\t<\/div>\n\t\t\t\t<\/div>\n\t\t\t\t\t<\/div>\n\t\t\t\t<\/div>\n\t\t\t\t<section class=\"elementor-section elementor-top-section elementor-element elementor-element-24d62d9e elementor-section-boxed elementor-section-height-default elementor-section-height-default arrow_1_x_top arrow_1_y_left arrow_2_x_bottom arrow_2_y_right\" data-id=\"24d62d9e\" data-element_type=\"section\" data-settings=\"{&quot;background_background&quot;:&quot;classic&quot;}\">\n\t\t\t\t\t\t<div class=\"elementor-container elementor-column-gap-default\">\n\t\t\t\t\t<div class=\"elementor-column elementor-col-100 elementor-top-column elementor-element elementor-element-6cb9c2be top column-style-top\" data-id=\"6cb9c2be\" data-element_type=\"column\">\n\t\t\t<div class=\"elementor-widget-wrap elementor-element-populated\">\n\t\t\t\t\t\t<div class=\"elementor-element elementor-element-413a1af5 elementor-widget elementor-widget-gva-heading-block\" data-id=\"413a1af5\" data-element_type=\"widget\" data-widget_type=\"gva-heading-block.default\">\n\t\t\t\t<div class=\"elementor-widget-container\">\n\t\t\t<div class=\"gva-element-gva-heading-block gva-element\">   <div class=\"align-center style-1 widget gsc-heading box-align-left\">\r\n      <div class=\"content-inner\">\r\n         \r\n                     <div class=\"heading-icon\"><img decoding=\"async\" src=\"https:\/\/italglasscostruzioni.com\/wp-content\/uploads\/2023\/12\/Icon-Ital-Glass-Costruzioni.png\" alt=\"Ital Glass Costruzioni\"\/><\/div>\r\n                  \r\n                     <div class=\"clearfix\"><div class=\"sub-title\"><span>Il partner ideale!<\/span><\/div><\/div>\r\n           \r\n         \r\n                     <h2 class=\"title\">\r\n               <span>Ital Glass Costruzioni<\/span>\r\n            <\/h2>\r\n                              <div class=\"title-desc\">20 anni di esperienza e professionalit\u00e0 in Albania, Italia e tutta l'Europa.<\/div>\r\n         \r\n         \r\n      <\/div>\r\n   <\/div>\r\n   <div class=\"clearfix\"><\/div>\r\n<\/div>\t\t<\/div>\n\t\t\t\t<\/div>\n\t\t\t\t\t<\/div>\n\t\t<\/div>\n\t\t\t\t\t<\/div>\n\t\t<\/section>\n\t\t\t\t<section class=\"elementor-section elementor-top-section elementor-element elementor-element-17fa0372 elementor-section-boxed elementor-section-height-default elementor-section-height-default\" data-id=\"17fa0372\" data-element_type=\"section\" data-settings=\"{&quot;background_background&quot;:&quot;classic&quot;}\">\n\t\t\t\t\t\t<div class=\"elementor-container elementor-column-gap-default\">\n\t\t\t\t\t<div class=\"elementor-column elementor-col-100 elementor-top-column elementor-element elementor-element-15bced5c top column-style-top\" data-id=\"15bced5c\" data-element_type=\"column\">\n\t\t\t<div class=\"elementor-widget-wrap elementor-element-populated\">\n\t\t\t\t\t\t<section class=\"elementor-section elementor-inner-section elementor-element elementor-element-57e4c581 elementor-section-boxed elementor-section-height-default elementor-section-height-default\" data-id=\"57e4c581\" data-element_type=\"section\">\n\t\t\t\t\t\t<div class=\"elementor-container elementor-column-gap-default\">\n\t\t\t\t\t<div class=\"elementor-column elementor-col-100 elementor-inner-column elementor-element elementor-element-7b622690 top column-style-top\" data-id=\"7b622690\" data-element_type=\"column\">\n\t\t\t<div class=\"elementor-widget-wrap elementor-element-populated\">\n\t\t\t\t\t\t<div class=\"elementor-element elementor-element-7404541b elementor-widget elementor-widget-gva-heading-block\" data-id=\"7404541b\" data-element_type=\"widget\" data-widget_type=\"gva-heading-block.default\">\n\t\t\t\t<div class=\"elementor-widget-container\">\n\t\t\t<div class=\"gva-element-gva-heading-block gva-element\">   <div class=\"align-left style-1 widget gsc-heading box-align-left\">\r\n      <div class=\"content-inner\">\r\n         \r\n                  \r\n           \r\n         \r\n                     <h2 class=\"title\">\r\n               <span>Perch\u00e8 scegliere PVC di Ital Glass Costruzioni?<\/span>\r\n            <\/h2>\r\n                  \r\n         \r\n      <\/div>\r\n   <\/div>\r\n   <div class=\"clearfix\"><\/div>\r\n<\/div>\t\t<\/div>\n\t\t\t\t<\/div>\n\t\t\t\t<div class=\"elementor-element elementor-element-4f402c9e elementor-widget elementor-widget-gva-text-arrow\" data-id=\"4f402c9e\" data-element_type=\"widget\" data-widget_type=\"gva-text-arrow.default\">\n\t\t\t\t<div class=\"elementor-widget-container\">\n\t\t\t<div class=\"gva-element-gva-text-arrow gva-element\">\r\n<div class=\"gva-text-arrow style-1\">\r\n   <div class=\"content-inner\">\r\n      <h3 class=\"title\">\r\n                                 <span>Qualit\u00e0 di classe A<\/span>\r\n                <\/h3>\r\n               <div class=\"descrption\"><p style=\"text-align: justify;\">Tutti i prodotti hanno i certificati necessari e possono essere utilizzati in tutte le aree indipendentemente dalle condizioni climatiche. I prodotti PVC sono eco-compatibili, durevoli alla longevita e garantiscono la isolazione termico e acustico. Prodotti d\u2019\u00e9lite a cui chiunque pu\u00f2 accedere.<\/div>\r\n         <\/div>   \r\n<\/div>\r\n<\/div>\t\t<\/div>\n\t\t\t\t<\/div>\n\t\t\t\t<div class=\"elementor-element elementor-element-50b7c292 elementor-widget elementor-widget-gva-text-arrow\" data-id=\"50b7c292\" data-element_type=\"widget\" data-widget_type=\"gva-text-arrow.default\">\n\t\t\t\t<div class=\"elementor-widget-container\">\n\t\t\t<div class=\"gva-element-gva-text-arrow gva-element\">\r\n<div class=\"gva-text-arrow style-1\">\r\n   <div class=\"content-inner\">\r\n      <h3 class=\"title\">\r\n                                 <span>PVC: il materiale ideale per gli infissi moderni<\/span>\r\n                <\/h3>\r\n               <div class=\"descrption\"><p style=\"text-align: justify;\">Uttiliziamo pi\u00f9 moderna materia prima PVC, che offre importanti vantaggi non solo dal punto di vista economico ma anche da quello ecologico. Il materiale in PVC \u00e8 estremamente durevole, grazie alla sua eccezionale resistenza agli agenti atmosferici e durata.<\/div>\r\n         <\/div>   \r\n<\/div>\r\n<\/div>\t\t<\/div>\n\t\t\t\t<\/div>\n\t\t\t\t<div class=\"elementor-element elementor-element-3421e7b7 elementor-widget elementor-widget-gva-text-arrow\" data-id=\"3421e7b7\" data-element_type=\"widget\" data-widget_type=\"gva-text-arrow.default\">\n\t\t\t\t<div class=\"elementor-widget-container\">\n\t\t\t<div class=\"gva-element-gva-text-arrow gva-element\">\r\n<div class=\"gva-text-arrow style-1\">\r\n   <div class=\"content-inner\">\r\n      <h3 class=\"title\">\r\n                                 <span>Isolamento termico<\/span>\r\n                <\/h3>\r\n               <div class=\"descrption\"><p style=\"text-align: justify;\">Quando si trata dell isolamento termico dell\u2019edificio, le finestre e le porte sono il fattore pi\u00f9 importante. Utilizzando vetri termici di alta qualit\u00e0, doppi o tripli, si ottengono risultati ottimali. I sistemi di isolamento termico riducono i costi di riscaldamento e garantiscono la massima protezione e sicurezza.<\/div>\r\n         <\/div>   \r\n<\/div>\r\n<\/div>\t\t<\/div>\n\t\t\t\t<\/div>\n\t\t\t\t<div class=\"elementor-element elementor-element-33f75ae5 elementor-widget elementor-widget-gva-text-arrow\" data-id=\"33f75ae5\" data-element_type=\"widget\" data-widget_type=\"gva-text-arrow.default\">\n\t\t\t\t<div class=\"elementor-widget-container\">\n\t\t\t<div class=\"gva-element-gva-text-arrow gva-element\">\r\n<div class=\"gva-text-arrow style-1\">\r\n   <div class=\"content-inner\">\r\n      <h3 class=\"title\">\r\n                                 <span>Isolamento acustico<\/span>\r\n                <\/h3>\r\n               <div class=\"descrption\"><p style=\"text-align: justify;\">Un\u2019adeguata protezione dal rumore contribuisce a una migliore qualit\u00e0 della vita. I vetri speciali che utilizziamo hanno ottime propriet\u00e0 isolanti. A seconda dell'intensit\u00e0 del rumore ci sono ulteriori opzioni di ottimizzazione come le finestre a cassonetto.<\/div>\r\n         <\/div>   \r\n<\/div>\r\n<\/div>\t\t<\/div>\n\t\t\t\t<\/div>\n\t\t\t\t<div class=\"elementor-element elementor-element-dc8872b elementor-widget elementor-widget-gva-text-arrow\" data-id=\"dc8872b\" data-element_type=\"widget\" data-widget_type=\"gva-text-arrow.default\">\n\t\t\t\t<div class=\"elementor-widget-container\">\n\t\t\t<div class=\"gva-element-gva-text-arrow gva-element\">\r\n<div class=\"gva-text-arrow style-1\">\r\n   <div class=\"content-inner\">\r\n      <h3 class=\"title\">\r\n                                 <span>Manutenzione e longevit\u00e0<\/span>\r\n                <\/h3>\r\n               <div class=\"descrption\"><p style=\"text-align: justify;\">I profili PVC vengono prodotti dai materiali di qualit\u00e0, affidabili e durevoli. Grazie alla tecnologia speciale di produzione e al continuo controllo di qualit\u00e0, si ottiene un elevato livello di stabilit\u00e0 e resistenza anche in condizioni climatiche estreme. La pulizia dei profili in PVC \u00e8 abbastanza semplice grazie alla loro superficie piana, basta pulirla con un detergente delicato e acqua.<\/div>\r\n         <\/div>   \r\n<\/div>\r\n<\/div>\t\t<\/div>\n\t\t\t\t<\/div>\n\t\t\t\t<div class=\"elementor-element elementor-element-0362fd5 elementor-widget elementor-widget-gva-text-arrow\" data-id=\"0362fd5\" data-element_type=\"widget\" data-widget_type=\"gva-text-arrow.default\">\n\t\t\t\t<div class=\"elementor-widget-container\">\n\t\t\t<div class=\"gva-element-gva-text-arrow gva-element\">\r\n<div class=\"gva-text-arrow style-1\">\r\n   <div class=\"content-inner\">\r\n      <h3 class=\"title\">\r\n                                 <span>Eco-compatibile<\/span>\r\n                <\/h3>\r\n               <div class=\"descrption\"><p style=\"text-align: justify;\">I materiali in PVC sono eco-compatibili e offrono grandi vantaggi incentrati sul riciclaggio. Il PVC puro senza alcuna perdita di qualit\u00e0 pu\u00f2 essere riutilizzato nella produzione di nuovi profili. I vecchi elementi costruttivi diventano preziose materie prime.<\/div>\r\n         <\/div>   \r\n<\/div>\r\n<\/div>\t\t<\/div>\n\t\t\t\t<\/div>\n\t\t\t\t\t<\/div>\n\t\t<\/div>\n\t\t\t\t\t<\/div>\n\t\t<\/section>\n\t\t\t\t\t<\/div>\n\t\t<\/div>\n\t\t\t\t\t<\/div>\n\t\t<\/section>\n\t\t\t\t<\/div>\n\t\t","protected":false},"excerpt":{"rendered":"<p>Smartia M19800 Sistem me dyer t\u00eb varura. Mentesha me kushineta. Lloje t\u00eb ndryshme guidash p\u00ebr dysheme. Dera e Read More Supreme SF85 Supreme SF85 \u00ebsht\u00eb nj\u00eb sistem i jasht\u00ebzakonsh\u00ebm p\u00ebr verandat e palosshme, me profile minimale, termoizolim t\u00eb Read More Smartia MF65 SMARTIA MF65 \u00ebsht\u00eb nj\u00eb sistem p\u00ebr dyert e palosshme me nj\u00eb dizajn minimal [&hellip;]<\/p>\n","protected":false},"author":1,"featured_media":0,"parent":14797,"menu_order":0,"comment_status":"closed","ping_status":"closed","template":"","meta":{"footnotes":""},"class_list":["post-14843","page","type-page","status-publish","hentry"],"yoast_head":"<!-- This site is optimized with the Yoast SEO Premium plugin v14.9 - https:\/\/yoast.com\/wordpress\/plugins\/seo\/ -->\n<title>Faltveranden aus PVC und Aluminium \u2013 Ital Glass Costruzioni<\/title>\n<meta name=\"description\" content=\"Faltbare Veranden aus PVC und Aluminium, elegante L\u00f6sungen f\u00fcr Wohn- und Gesch\u00e4ftsr\u00e4ume. Faltbare Veranden in modernem Design.\" \/>\n<meta name=\"robots\" content=\"index, follow, max-snippet:-1, max-image-preview:large, max-video-preview:-1\" \/>\n<link rel=\"canonical\" href=\"https:\/\/italglasscostruzioni.com\/de\/produkte\/buchfoermige-veranden\/\" \/>\n<meta property=\"og:locale\" content=\"de_DE\" \/>\n<meta property=\"og:type\" content=\"article\" \/>\n<meta property=\"og:title\" content=\"Faltveranden aus PVC und Aluminium \u2013 Ital Glass Costruzioni\" \/>\n<meta property=\"og:description\" content=\"Faltbare Veranden aus PVC und Aluminium, elegante L\u00f6sungen f\u00fcr Wohn- und Gesch\u00e4ftsr\u00e4ume. Faltbare Veranden in modernem Design.\" \/>\n<meta property=\"og:url\" content=\"https:\/\/italglasscostruzioni.com\/de\/produkte\/buchfoermige-veranden\/\" \/>\n<meta property=\"og:site_name\" content=\"Ital Glass Costruzioni\" \/>\n<meta property=\"article:publisher\" content=\"https:\/\/www.facebook.com\/profile.php?id=61562434582354\" \/>\n<meta property=\"article:modified_time\" content=\"2025-09-16T13:08:48+00:00\" \/>\n<meta property=\"og:image\" content=\"https:\/\/italglasscostruzioni.com\/wp-content\/uploads\/2024\/07\/Smartia-M19800-600x455.jpg\" \/>\n<meta name=\"twitter:card\" content=\"summary_large_image\" \/>\n<script type=\"application\/ld+json\" class=\"yoast-schema-graph\">{\"@context\":\"https:\/\/schema.org\",\"@graph\":[{\"@type\":\"Organization\",\"@id\":\"https:\/\/italglasscostruzioni.com\/de\/#organization\",\"name\":\"Ital Glass Costruzioni\",\"url\":\"https:\/\/italglasscostruzioni.com\/de\/\",\"sameAs\":[\"https:\/\/www.facebook.com\/profile.php?id=61562434582354\"],\"logo\":{\"@type\":\"ImageObject\",\"@id\":\"https:\/\/italglasscostruzioni.com\/de\/#logo\",\"inLanguage\":\"de\",\"url\":\"https:\/\/italglasscostruzioni.com\/wp-content\/uploads\/2024\/07\/Logo-Ital-Glass-Costruzioni-vertical-01.png\",\"width\":4168,\"height\":2084,\"caption\":\"Ital Glass Costruzioni\"},\"image\":{\"@id\":\"https:\/\/italglasscostruzioni.com\/de\/#logo\"}},{\"@type\":\"WebSite\",\"@id\":\"https:\/\/italglasscostruzioni.com\/de\/#website\",\"url\":\"https:\/\/italglasscostruzioni.com\/de\/\",\"name\":\"Ital Glass Costruzioni\",\"description\":\"Il partner ideale in PVC Glass Costruzioni!\",\"publisher\":{\"@id\":\"https:\/\/italglasscostruzioni.com\/de\/#organization\"},\"potentialAction\":[{\"@type\":\"SearchAction\",\"target\":\"https:\/\/italglasscostruzioni.com\/de\/?s={search_term_string}\",\"query-input\":\"required name=search_term_string\"}],\"inLanguage\":\"de\"},{\"@type\":\"ImageObject\",\"@id\":\"https:\/\/italglasscostruzioni.com\/de\/produkte\/buchfoermige-veranden\/#primaryimage\",\"inLanguage\":\"de\",\"url\":\"https:\/\/italglasscostruzioni.com\/wp-content\/uploads\/2024\/07\/Smartia-M19800.jpg\",\"width\":1000,\"height\":1000},{\"@type\":\"WebPage\",\"@id\":\"https:\/\/italglasscostruzioni.com\/de\/produkte\/buchfoermige-veranden\/#webpage\",\"url\":\"https:\/\/italglasscostruzioni.com\/de\/produkte\/buchfoermige-veranden\/\",\"name\":\"Faltveranden aus PVC und Aluminium \\u2013 Ital Glass Costruzioni\",\"isPartOf\":{\"@id\":\"https:\/\/italglasscostruzioni.com\/de\/#website\"},\"primaryImageOfPage\":{\"@id\":\"https:\/\/italglasscostruzioni.com\/de\/produkte\/buchfoermige-veranden\/#primaryimage\"},\"datePublished\":\"2024-07-17T15:46:07+00:00\",\"dateModified\":\"2025-09-16T13:08:48+00:00\",\"description\":\"Faltbare Veranden aus PVC und Aluminium, elegante L\\u00f6sungen f\\u00fcr Wohn- und Gesch\\u00e4ftsr\\u00e4ume. Faltbare Veranden in modernem Design.\",\"breadcrumb\":{\"@id\":\"https:\/\/italglasscostruzioni.com\/de\/produkte\/buchfoermige-veranden\/#breadcrumb\"},\"inLanguage\":\"de\",\"potentialAction\":[{\"@type\":\"ReadAction\",\"target\":[\"https:\/\/italglasscostruzioni.com\/de\/produkte\/buchfoermige-veranden\/\"]}]},{\"@type\":\"BreadcrumbList\",\"@id\":\"https:\/\/italglasscostruzioni.com\/de\/produkte\/buchfoermige-veranden\/#breadcrumb\",\"itemListElement\":[{\"@type\":\"ListItem\",\"position\":1,\"item\":{\"@type\":\"WebPage\",\"@id\":\"https:\/\/italglasscostruzioni.com\/de\/\",\"url\":\"https:\/\/italglasscostruzioni.com\/de\/\",\"name\":\"Home\"}},{\"@type\":\"ListItem\",\"position\":2,\"item\":{\"@type\":\"WebPage\",\"@id\":\"https:\/\/italglasscostruzioni.com\/de\/produkte\/\",\"url\":\"https:\/\/italglasscostruzioni.com\/de\/produkte\/\",\"name\":\"Produkte\"}},{\"@type\":\"ListItem\",\"position\":3,\"item\":{\"@type\":\"WebPage\",\"@id\":\"https:\/\/italglasscostruzioni.com\/de\/produkte\/buchfoermige-veranden\/\",\"url\":\"https:\/\/italglasscostruzioni.com\/de\/produkte\/buchfoermige-veranden\/\",\"name\":\"Buchf\\u00f6rmige Veranden\"}}]}]}<\/script>\n<!-- \/ Yoast SEO Premium plugin. -->","_links":{"self":[{"href":"https:\/\/italglasscostruzioni.com\/de\/wp-json\/wp\/v2\/pages\/14843","targetHints":{"allow":["GET"]}}],"collection":[{"href":"https:\/\/italglasscostruzioni.com\/de\/wp-json\/wp\/v2\/pages"}],"about":[{"href":"https:\/\/italglasscostruzioni.com\/de\/wp-json\/wp\/v2\/types\/page"}],"author":[{"embeddable":true,"href":"https:\/\/italglasscostruzioni.com\/de\/wp-json\/wp\/v2\/users\/1"}],"replies":[{"embeddable":true,"href":"https:\/\/italglasscostruzioni.com\/de\/wp-json\/wp\/v2\/comments?post=14843"}],"version-history":[{"count":6,"href":"https:\/\/italglasscostruzioni.com\/de\/wp-json\/wp\/v2\/pages\/14843\/revisions"}],"predecessor-version":[{"id":17284,"href":"https:\/\/italglasscostruzioni.com\/de\/wp-json\/wp\/v2\/pages\/14843\/revisions\/17284"}],"up":[{"embeddable":true,"href":"https:\/\/italglasscostruzioni.com\/de\/wp-json\/wp\/v2\/pages\/14797"}],"wp:attachment":[{"href":"https:\/\/italglasscostruzioni.com\/de\/wp-json\/wp\/v2\/media?parent=14843"}],"curies":[{"name":"wp","href":"https:\/\/api.w.org\/{rel}","templated":true}]}}